{"id":975,"date":"2022-04-29T14:30:55","date_gmt":"2022-04-29T14:30:55","guid":{"rendered":"http:\/\/scoalanr178.ro\/?page_id=975"},"modified":"2026-04-28T08:16:14","modified_gmt":"2026-04-28T08:16:14","slug":"eco-schools","status":"publish","type":"page","link":"https:\/\/scoalanr178.ro\/?page_id=975","title":{"rendered":"ECO-SCHOOLS"},"content":{"rendered":"\n<div class=\"wp-block-columns is-layout-flex wp-container-core-columns-is-layout-9d6595d7 wp-block-columns-is-layout-flex\">\n<div class=\"wp-block-column is-layout-flow wp-block-column-is-layout-flow\"><div class=\"wp-block-image\">\n<figure class=\"aligncenter size-full is-resized\"><img loading=\"lazy\" decoding=\"async\" width=\"959\" height=\"1000\" src=\"https:\/\/scoalanr178.ro\/wp-content\/uploads\/2022\/04\/87CE575F-BCE1-4CBA-BF1F-D900CEB37626.png\" alt=\"\" class=\"wp-image-978\" style=\"width:480px;height:500px\"\/><\/figure>\n<\/div><\/div>\n\n\n\n<div class=\"wp-block-column is-layout-flow wp-block-column-is-layout-flow\">\n<figure class=\"wp-block-image size-full is-resized\"><img loading=\"lazy\" decoding=\"async\" width=\"1600\" height=\"1131\" src=\"https:\/\/scoalanr178.ro\/wp-content\/uploads\/2024\/04\/Diploma-CCDG-2023_1-1.jpg\" alt=\"\" class=\"wp-image-3632\" style=\"width:604px;height:auto\"\/><\/figure>\n<\/div>\n<\/div>\n\n\n\n<p class=\"has-text-align-center\"><strong>PROGRAMUL MONDIAL&nbsp;<em>ECO-SCHOOLS<\/em>&nbsp;\/ ECO-\u015eCOALA<\/strong><\/p>\n\n\n\n<p class=\"has-text-align-center\">Participarea unit\u0103\u0163ilor \u015fcolare la Programul interna\u0163ional&nbsp;<em><strong>Eco-Schools&nbsp;<\/strong><\/em>reprezint\u0103 oportunitatea realiz\u0103rii unor ac\u0163iuni instructiv-educative complexe, cu implicarea activ\u0103 a elevilor, cadrelor didactice, a p\u0103rin\u0163ilor \u015fi cu un ecou important \u00een r\u00e2ndul comunit\u0103\u0163ii locale.<\/p>\n\n\n\n<div class=\"wp-block-columns is-layout-flex wp-container-core-columns-is-layout-9d6595d7 wp-block-columns-is-layout-flex\">\n<div class=\"wp-block-column is-layout-flow wp-block-column-is-layout-flow\">\n<div class=\"wp-block-buttons is-content-justification-center is-layout-flex wp-container-core-buttons-is-layout-16018d1d wp-block-buttons-is-layout-flex\">\n<div class=\"wp-block-button\"><a class=\"wp-block-button__link has-small-font-size has-custom-font-size wp-element-button\" href=\"\/?page_id=4777\">2025<\/a><\/div>\n<\/div>\n<\/div>\n\n\n\n<div class=\"wp-block-column is-layout-flow wp-block-column-is-layout-flow\">\n<div class=\"wp-block-buttons is-content-justification-center is-layout-flex wp-container-core-buttons-is-layout-16018d1d wp-block-buttons-is-layout-flex\">\n<div class=\"wp-block-button\"><a class=\"wp-block-button__link has-small-font-size has-custom-font-size wp-element-button\" href=\"\/?page_id=3644\">2024<\/a><\/div>\n<\/div>\n<\/div>\n\n\n\n<div class=\"wp-block-column is-layout-flow wp-block-column-is-layout-flow\">\n<div class=\"wp-block-buttons is-content-justification-center is-layout-flex wp-container-core-buttons-is-layout-16018d1d wp-block-buttons-is-layout-flex\">\n<div class=\"wp-block-button\"><a class=\"wp-block-button__link has-small-font-size has-custom-font-size wp-element-button\" href=\"https:\/\/scoalanr178.ro\/?page_id=2653\">2023<\/a><\/div>\n<\/div>\n<\/div>\n\n\n\n<div class=\"wp-block-column is-layout-flow wp-block-column-is-layout-flow\">\n<div class=\"wp-block-buttons is-content-justification-center is-layout-flex wp-container-core-buttons-is-layout-16018d1d wp-block-buttons-is-layout-flex\">\n<div class=\"wp-block-button\"><a class=\"wp-block-button__link has-small-font-size has-custom-font-size wp-element-button\" href=\"https:\/\/scoalanr178.ro\/?page_id=1357\">2022<\/a><\/div>\n<\/div>\n<\/div>\n\n\n\n<div class=\"wp-block-column is-layout-flow wp-block-column-is-layout-flow\">\n<div class=\"wp-block-buttons is-content-justification-center is-layout-flex wp-container-core-buttons-is-layout-16018d1d wp-block-buttons-is-layout-flex\">\n<div class=\"wp-block-button\"><a class=\"wp-block-button__link has-small-font-size has-custom-font-size wp-element-button\" href=\"https:\/\/scoalanr178.ro\/?page_id=1110\">2021<\/a><\/div>\n<\/div>\n<\/div>\n<\/div>\n\n\n\n<div class=\"wp-block-columns is-layout-flex wp-container-core-columns-is-layout-9d6595d7 wp-block-columns-is-layout-flex\">\n<div class=\"wp-block-column is-layout-flow wp-block-column-is-layout-flow\">\n<div class=\"wp-block-buttons is-content-justification-center is-layout-flex wp-container-core-buttons-is-layout-16018d1d wp-block-buttons-is-layout-flex\">\n<div class=\"wp-block-button\"><a class=\"wp-block-button__link has-small-font-size has-custom-font-size wp-element-button\" href=\"https:\/\/scoalanr178.ro\/?page_id=1165\">2019<\/a><\/div>\n<\/div>\n<\/div>\n\n\n\n<div class=\"wp-block-column is-layout-flow wp-block-column-is-layout-flow\">\n<div class=\"wp-block-buttons is-content-justification-center is-layout-flex wp-container-core-buttons-is-layout-16018d1d wp-block-buttons-is-layout-flex\">\n<div class=\"wp-block-button\"><a class=\"wp-block-button__link has-small-font-size has-custom-font-size wp-element-button\" href=\"https:\/\/scoalanr178.ro\/?page_id=1225\">2018<\/a><\/div>\n<\/div>\n<\/div>\n\n\n\n<div class=\"wp-block-column is-layout-flow wp-block-column-is-layout-flow\">\n<div class=\"wp-block-buttons is-content-justification-center is-layout-flex wp-container-core-buttons-is-layout-16018d1d wp-block-buttons-is-layout-flex\">\n<div class=\"wp-block-button\"><a class=\"wp-block-button__link has-small-font-size has-custom-font-size wp-element-button\" href=\"https:\/\/scoalanr178.ro\/?page_id=1250\">2017<\/a><\/div>\n<\/div>\n<\/div>\n\n\n\n<div class=\"wp-block-column is-layout-flow wp-block-column-is-layout-flow\">\n<div class=\"wp-block-buttons is-content-justification-center is-layout-flex wp-container-core-buttons-is-layout-16018d1d wp-block-buttons-is-layout-flex\">\n<div class=\"wp-block-button\"><a class=\"wp-block-button__link has-small-font-size has-custom-font-size wp-element-button\" href=\"https:\/\/scoalanr178.ro\/?page_id=1289\">2016<\/a><\/div>\n<\/div>\n<\/div>\n<\/div>\n","protected":false},"excerpt":{"rendered":"<p>PROGRAMUL MONDIAL&nbsp;ECO-SCHOOLS&nbsp;\/ ECO-\u015eCOALA Participarea unit\u0103\u0163ilor \u015fcolare la Programul interna\u0163ional&nbsp;Eco-Schools&nbsp;reprezint\u0103 oportunitatea realiz\u0103rii unor ac\u0163iuni instructiv-educative complexe, cu implicarea activ\u0103 a elevilor, cadrelor didactice, a p\u0103rin\u0163ilor \u015fi cu un ecou important \u00een r\u00e2ndul comunit\u0103\u0163ii locale.<span class=\"more-link-wrap\"><a class=\"more-link\" href=\"https:\/\/scoalanr178.ro\/?page_id=975\">Read More &rarr;<\/a><\/span><\/p>\n","protected":false},"author":1,"featured_media":0,"parent":0,"menu_order":0,"comment_status":"closed","ping_status":"closed","template":"","meta":{"footnotes":""},"class_list":["entry","author-stefan-gheorghe","post-975","page","type-page","status-publish"],"_links":{"self":[{"href":"https:\/\/scoalanr178.ro\/index.php?rest_route=\/wp\/v2\/pages\/975","targetHints":{"allow":["GET"]}}],"collection":[{"href":"https:\/\/scoalanr178.ro\/index.php?rest_route=\/wp\/v2\/pages"}],"about":[{"href":"https:\/\/scoalanr178.ro\/index.php?rest_route=\/wp\/v2\/types\/page"}],"author":[{"embeddable":true,"href":"https:\/\/scoalanr178.ro\/index.php?rest_route=\/wp\/v2\/users\/1"}],"replies":[{"embeddable":true,"href":"https:\/\/scoalanr178.ro\/index.php?rest_route=%2Fwp%2Fv2%2Fcomments&post=975"}],"version-history":[{"count":3,"href":"https:\/\/scoalanr178.ro\/index.php?rest_route=\/wp\/v2\/pages\/975\/revisions"}],"predecessor-version":[{"id":4787,"href":"https:\/\/scoalanr178.ro\/index.php?rest_route=\/wp\/v2\/pages\/975\/revisions\/4787"}],"wp:attachment":[{"href":"https:\/\/scoalanr178.ro\/index.php?rest_route=%2Fwp%2Fv2%2Fmedia&parent=975"}],"curies":[{"name":"wp","href":"https:\/\/api.w.org\/{rel}","templated":true}]}}