{"id":947,"date":"2022-04-29T12:05:44","date_gmt":"2022-04-29T12:05:44","guid":{"rendered":"http:\/\/scoalanr178.ro\/?page_id=947"},"modified":"2024-09-11T14:36:04","modified_gmt":"2024-09-11T14:36:04","slug":"legislatie","status":"publish","type":"page","link":"https:\/\/scoalanr178.ro\/?page_id=947","title":{"rendered":"Legislatie"},"content":{"rendered":"\n<hr class=\"wp-block-separator has-alpha-channel-opacity is-style-wide\"\/>\n\n\n\n<div class=\"wp-block-file\"><a id=\"wp-block-file--media-1491b85b-38c6-4c2a-a0e2-0d980aecd178\" href=\"https:\/\/scoalanr178.ro\/wp-content\/uploads\/2024\/09\/OME_5726_2024_ROFUIP.pdf\"><strong>OME_5726_2024_ROFUIP<\/strong><\/a><a href=\"https:\/\/scoalanr178.ro\/wp-content\/uploads\/2024\/09\/OME_5726_2024_ROFUIP.pdf\" class=\"wp-block-file__button wp-element-button\" download aria-describedby=\"wp-block-file--media-1491b85b-38c6-4c2a-a0e2-0d980aecd178\">Descarc\u0103<\/a><\/div>\n\n\n\n<div class=\"wp-block-file\"><a id=\"wp-block-file--media-47bebe58-cff4-4d8c-b264-b0bac09698d0\" href=\"https:\/\/scoalanr178.ro\/wp-content\/uploads\/2024\/09\/Statutul-elevului-nr.5707_2024.pdf\"><strong>Statutul-elevului-nr.5707_2024<\/strong><\/a><a href=\"https:\/\/scoalanr178.ro\/wp-content\/uploads\/2024\/09\/Statutul-elevului-nr.5707_2024.pdf\" class=\"wp-block-file__button wp-element-button\" download aria-describedby=\"wp-block-file--media-47bebe58-cff4-4d8c-b264-b0bac09698d0\">Descarc\u0103<\/a><\/div>\n\n\n\n<p><strong><a href=\"https:\/\/www.edu.ro\/legea-544\">Legea 544\/2001 privind accesul la informa\u021biile de interes public<\/a><\/strong><\/p>\n\n\n\n<p><strong><a href=\"https:\/\/www.edu.ro\/etichete\/legea-52\">Legea 52\/2003 privind transparen\u021ba decizional\u0103 \u00een administra\u021bia public\u0103<\/a><\/strong><\/p>\n\n\n\n<p><strong><a href=\"https:\/\/legislatie.just.ro\/Public\/DetaliiDocument\/121924\">Legea nr. 176\/2010 privind integritatea \u00een exercitarea func\u0163iilor \u015fi demnit\u0103\u0163ilor publice, pentru modificarea \u015fi completarea Legii nr. 144\/2007 privind \u00eenfiin\u0163area, organizarea \u015fi func\u0163ionarea Agen\u0163iei Na\u0163ionale de Integritate, precum \u015fi pentru modificarea \u015fi completarea altor acte normative<\/a><\/strong><\/p>\n\n\n\n<p><strong><a href=\"https:\/\/legislatie.just.ro\/Public\/DetaliiDocumentAfis\/52934\">LEGE nr. 251 din 16 iunie 2004 privind unele m\u0103suri referitoare la bunurile primite cu titlu gratuit cu prilejul unor ac\u0163iuni de protocol \u00een exercitarea mandatului sau a func\u0163iei<\/a><\/strong><\/p>\n\n\n\n<p><a href=\"https:\/\/legislatie.just.ro\/Public\/DetaliiDocumentAfis\/73527#:~:text=LEGE%20nr.%20273,finan%C5%A3ele%20publice%20locale\"><strong>LEGE nr. 273 din 29 iunie 2006 <\/strong>privind finan\u0163ele publice locale<\/a><\/p>\n\n\n\n<p><strong><a href=\"https:\/\/www.isj.tm.edu.ro\/public\/data_files\/specializari\/fisier-1518.pdf\">OMECT NR. 1409\/29. 06. 2007 privind reducerea violentei in unitatile de invatamant preuniversitar<\/a><\/strong><\/p>\n\n\n\n<hr class=\"wp-block-separator has-alpha-channel-opacity is-style-wide\"\/>\n\n\n\n<p><strong>Metodologia-cadru de organizare a consiliilor de administra\u0163ie din unit\u0103\u0163ile de \u00eenv\u0103\u0163\u0103m\u00e2nt preuniversitar (OME nr. 6223\/2023)<\/strong><\/p>\n\n\n\n<p><a href=\"https:\/\/cdn.edupedu.ro\/wp-content\/uploads\/2023\/09\/OM-6223-CA.pdf\">https:\/\/cdn.edupedu.ro\/wp-content\/uploads\/2023\/09\/OM-6223-CA.pdf<\/a><\/p>\n\n\n\n<p><a href=\"https:\/\/lege5.ro\/Gratuit\/geztsojvg42tk\/constituirea-consiliului-de-administratie-metodologie?dp=guztqnjygm2tgni\">https:\/\/lege5.ro\/Gratuit\/geztsojvg42tk\/constituirea-consiliului-de-administratie-metodologie?dp=guztqnjygm2tgni<\/a><\/p>\n\n\n\n<hr class=\"wp-block-separator has-alpha-channel-opacity is-style-wide\"\/>\n\n\n\n<p><strong>Reglementare ROFUIP 2022<\/strong><\/p>\n\n\n\n<div class=\"wp-block-file\"><a id=\"wp-block-file--media-eb7dbb38-6eff-41a2-aad3-8c17feb5d8de\" href=\"https:\/\/scoalanr178.ro\/wp-content\/uploads\/2022\/07\/OME-4183-2022-ROFUIP.pdf\">OME 4183-2022-ROFUIP<\/a><a href=\"https:\/\/scoalanr178.ro\/wp-content\/uploads\/2022\/07\/OME-4183-2022-ROFUIP.pdf\" class=\"wp-block-file__button wp-element-button\" download aria-describedby=\"wp-block-file--media-eb7dbb38-6eff-41a2-aad3-8c17feb5d8de\">Download<\/a><\/div>\n\n\n\n<hr class=\"wp-block-separator has-alpha-channel-opacity is-style-wide\"\/>\n\n\n\n<p><strong>Reglementare ROFUIP 2021<\/strong><\/p>\n\n\n\n<div class=\"wp-block-file\"><a id=\"wp-block-file--media-8ef30062-4154-4722-9541-aba515719637\" href=\"https:\/\/scoalanr178.ro\/wp-content\/uploads\/2022\/05\/26.01-Ordin-ME-3108.2021-modifcare-ROFUIP.pdf\">26.01-Ordin-ME-3108.2021-modifcare-ROFUIP<\/a><a href=\"https:\/\/scoalanr178.ro\/wp-content\/uploads\/2022\/05\/26.01-Ordin-ME-3108.2021-modifcare-ROFUIP.pdf\" class=\"wp-block-file__button wp-element-button\" download aria-describedby=\"wp-block-file--media-8ef30062-4154-4722-9541-aba515719637\">Download<\/a><\/div>\n\n\n\n<hr class=\"wp-block-separator has-css-opacity is-style-wide\"\/>\n\n\n\n<p><strong>ROFUIP 2020<\/strong><\/p>\n\n\n\n<div class=\"wp-block-file\"><a id=\"wp-block-file--media-f1b23531-3dc5-4777-9f6c-867202af0175\" href=\"https:\/\/scoalanr178.ro\/wp-content\/uploads\/2022\/05\/ROFUIP-2020-anexa-ordin-nr.-5.447_2020.pdf\">ROFUIP 2020 &#8211; anexa ordin nr. 5.447_2020<\/a><a href=\"https:\/\/scoalanr178.ro\/wp-content\/uploads\/2022\/05\/ROFUIP-2020-anexa-ordin-nr.-5.447_2020.pdf\" class=\"wp-block-file__button wp-element-button\" download aria-describedby=\"wp-block-file--media-f1b23531-3dc5-4777-9f6c-867202af0175\">Download<\/a><\/div>\n\n\n\n<hr class=\"wp-block-separator has-css-opacity is-style-wide\"\/>\n\n\n\n<p><strong>Statut elevi 2016<\/strong><\/p>\n\n\n\n<div class=\"wp-block-file\"><a id=\"wp-block-file--media-f69c5ab2-661e-4445-b22c-ef6e926ee622\" href=\"https:\/\/scoalanr178.ro\/wp-content\/uploads\/2022\/05\/OM_4742_10.08.2016-Statut_elevi_2016_0.pdf\">OM_4742_10.08.2016-Statut_elevi_2016_0<\/a><a href=\"https:\/\/scoalanr178.ro\/wp-content\/uploads\/2022\/05\/OM_4742_10.08.2016-Statut_elevi_2016_0.pdf\" class=\"wp-block-file__button wp-element-button\" download aria-describedby=\"wp-block-file--media-f69c5ab2-661e-4445-b22c-ef6e926ee622\">Descarc\u0103<\/a><\/div>\n\n\n\n<hr class=\"wp-block-separator has-css-opacity is-style-wide\"\/>\n\n\n\n<p><strong>Legea-\u00eenv\u0103\u021b\u0103m\u00e2ntului<\/strong><\/p>\n\n\n\n<div class=\"wp-block-file\"><a id=\"wp-block-file--media-5846c48e-bc51-4af3-9d50-5295e2f29cdf\" href=\"https:\/\/scoalanr178.ro\/wp-content\/uploads\/2024\/04\/Legea_invatamantului_preuniversitar_nr_198.pdf\">Legea_invatamantului_preuniversitar_nr_198<\/a><a href=\"https:\/\/scoalanr178.ro\/wp-content\/uploads\/2024\/04\/Legea_invatamantului_preuniversitar_nr_198.pdf\" class=\"wp-block-file__button wp-element-button\" download aria-describedby=\"wp-block-file--media-5846c48e-bc51-4af3-9d50-5295e2f29cdf\">Descarc\u0103<\/a><\/div>\n","protected":false},"excerpt":{"rendered":"<p>Legea 544\/2001 privind accesul la informa\u021biile de interes public Legea 52\/2003 privind transparen\u021ba decizional\u0103 \u00een administra\u021bia public\u0103 Legea nr. 176\/2010 privind integritatea \u00een exercitarea func\u0163iilor \u015fi demnit\u0103\u0163ilor publice, pentru modificarea \u015fi completarea Legii nr. 144\/2007 privind \u00eenfiin\u0163area, organizarea \u015fi func\u0163ionarea Agen\u0163iei Na\u0163ionale de Integritate, precum \u015fi pentru modificarea \u015fi completarea altor acte normative LEGE nr. 251 din 16 iunie 2004 privind unele m\u0103suri referitoare la bunurile primite cu titlu gratuit cu prilejul unor ac\u0163iuni de protocol \u00een exercitarea mandatului sau a func\u0163iei LEGE nr. 273 din 29 iunie 2006 privind finan\u0163ele publice locale OMECT NR. 1409\/29. 06. 2007 privind reducerea violentei in unitatile de invatamant<span class=\"more-link-wrap\"><a class=\"more-link\" href=\"https:\/\/scoalanr178.ro\/?page_id=947\">Read More &rarr;<\/a><\/span><\/p>\n","protected":false},"author":1,"featured_media":0,"parent":0,"menu_order":0,"comment_status":"closed","ping_status":"closed","template":"","meta":{"footnotes":""},"class_list":["entry","author-stefan-gheorghe","post-947","page","type-page","status-publish"],"_links":{"self":[{"href":"https:\/\/scoalanr178.ro\/index.php?rest_route=\/wp\/v2\/pages\/947","targetHints":{"allow":["GET"]}}],"collection":[{"href":"https:\/\/scoalanr178.ro\/index.php?rest_route=\/wp\/v2\/pages"}],"about":[{"href":"https:\/\/scoalanr178.ro\/index.php?rest_route=\/wp\/v2\/types\/page"}],"author":[{"embeddable":true,"href":"https:\/\/scoalanr178.ro\/index.php?rest_route=\/wp\/v2\/users\/1"}],"replies":[{"embeddable":true,"href":"https:\/\/scoalanr178.ro\/index.php?rest_route=%2Fwp%2Fv2%2Fcomments&post=947"}],"version-history":[{"count":3,"href":"https:\/\/scoalanr178.ro\/index.php?rest_route=\/wp\/v2\/pages\/947\/revisions"}],"predecessor-version":[{"id":3776,"href":"https:\/\/scoalanr178.ro\/index.php?rest_route=\/wp\/v2\/pages\/947\/revisions\/3776"}],"wp:attachment":[{"href":"https:\/\/scoalanr178.ro\/index.php?rest_route=%2Fwp%2Fv2%2Fmedia&parent=947"}],"curies":[{"name":"wp","href":"https:\/\/api.w.org\/{rel}","templated":true}]}}