{"id":790,"date":"2022-04-29T09:26:53","date_gmt":"2022-04-29T09:26:53","guid":{"rendered":"http:\/\/scoalanr178.ro\/?page_id=790"},"modified":"2026-03-03T14:43:20","modified_gmt":"2026-03-03T14:43:20","slug":"inscriere-in-invatamantul-primar","status":"publish","type":"page","link":"https:\/\/scoalanr178.ro\/?page_id=790","title":{"rendered":"\u00censcriere \u00een \u00eenv\u0103\u021b\u0103m\u00e2ntul primar 2025-2026"},"content":{"rendered":"<div class=\"wp-block-image\">\n<figure class=\"aligncenter size-full\"><a href=\"http:\/\/ismb.edu.ro\/index.php\/inscriere-invatamantul-primar-2013\/2093-inscrierea-in-invatamantul-primar-2025\"><img loading=\"lazy\" decoding=\"async\" width=\"300\" height=\"100\" src=\"https:\/\/scoalanr178.ro\/wp-content\/uploads\/2025\/03\/buton.jpg\" alt=\"\" class=\"wp-image-4345\"\/><\/a><\/figure>\n<\/div>\n\n\n<hr class=\"wp-block-separator has-alpha-channel-opacity is-style-wide\"\/>\n\n\n<div class=\"wp-block-image\">\n<figure class=\"aligncenter size-full\"><img loading=\"lazy\" decoding=\"async\" width=\"1650\" height=\"1275\" src=\"https:\/\/scoalanr178.ro\/wp-content\/uploads\/2025\/03\/Invitatie-ziua-portilor-deschise-2025_page-0001.jpg\" alt=\"\" class=\"wp-image-4341\"\/><\/figure>\n<\/div>\n\n<div class=\"wp-block-image\">\n<figure class=\"aligncenter size-full\"><img loading=\"lazy\" decoding=\"async\" width=\"1653\" height=\"2338\" src=\"https:\/\/scoalanr178.ro\/wp-content\/uploads\/2025\/03\/Actele-necesare-pentru-inscrierea-in-clasa-pregatitoare-2025-2026.jpg\" alt=\"\" class=\"wp-image-4373\"\/><\/figure>\n<\/div>\n\n\n<div data-wp-interactive=\"core\/file\" class=\"wp-block-file\"><object data-wp-bind--hidden=\"!state.hasPdfPreview\" hidden class=\"wp-block-file__embed\" data=\"https:\/\/scoalanr178.ro\/wp-content\/uploads\/2025\/03\/Criterii-specifice-inv-primar-2025.pdf\" type=\"application\/pdf\" style=\"width:100%;height:600px\" aria-label=\"\u00cenglobare pentru Criterii specifice inv primar 2025.\"><\/object><a id=\"wp-block-file--media-3ac0ebf1-9231-4c9b-8863-d02181bf541e\" href=\"https:\/\/scoalanr178.ro\/wp-content\/uploads\/2025\/03\/Criterii-specifice-inv-primar-2025.pdf\">Criterii specifice inv primar 2025<\/a><a href=\"https:\/\/scoalanr178.ro\/wp-content\/uploads\/2025\/03\/Criterii-specifice-inv-primar-2025.pdf\" class=\"wp-block-file__button wp-element-button\" download aria-describedby=\"wp-block-file--media-3ac0ebf1-9231-4c9b-8863-d02181bf541e\">Descarc\u0103<\/a><\/div>\n\n\n<div class=\"wp-block-image\">\n<figure class=\"aligncenter size-full\"><img loading=\"lazy\" decoding=\"async\" width=\"1240\" height=\"1754\" src=\"https:\/\/scoalanr178.ro\/wp-content\/uploads\/2025\/03\/20250307_182258_page-0001-1.jpg\" alt=\"\" class=\"wp-image-4342\"\/><\/figure>\n<\/div>\n\n<div class=\"wp-block-image\">\n<figure class=\"aligncenter size-full\"><img loading=\"lazy\" decoding=\"async\" width=\"1653\" height=\"2338\" src=\"https:\/\/scoalanr178.ro\/wp-content\/uploads\/2025\/03\/pag.2-pliant-2025.jpg\" alt=\"\" class=\"wp-image-4372\"\/><\/figure>\n<\/div>\n\n<div class=\"wp-block-image\">\n<figure class=\"aligncenter size-full\"><img loading=\"lazy\" decoding=\"async\" width=\"1653\" height=\"2338\" src=\"https:\/\/scoalanr178.ro\/wp-content\/uploads\/2025\/03\/Circumscriptia-Sc.178_2025-2026.jpg\" alt=\"\" class=\"wp-image-4371\"\/><\/figure>\n<\/div>\n\n\n<hr class=\"wp-block-separator has-alpha-channel-opacity is-style-wide\"\/>\n\n\n\n<h2 class=\"wp-block-heading has-text-align-center\">Galerie foto clasa pregatitoare<\/h2>\n\n\n\n<figure class=\"wp-block-gallery has-nested-images columns-3 is-cropped wp-block-gallery-1 is-layout-flex wp-block-gallery-is-layout-flex\">\n<figure class=\"wp-block-image size-large\"><img loading=\"lazy\" decoding=\"async\" width=\"1600\" height=\"739\" data-id=\"4352\" src=\"https:\/\/scoalanr178.ro\/wp-content\/uploads\/2025\/03\/Clasa-preg.-B.jpeg\" alt=\"\" class=\"wp-image-4352\"\/><\/figure>\n\n\n\n<figure class=\"wp-block-image size-large\"><img loading=\"lazy\" decoding=\"async\" width=\"4032\" height=\"3024\" data-id=\"3490\" src=\"https:\/\/scoalanr178.ro\/wp-content\/uploads\/2024\/03\/IMG_0330.jpg\" alt=\"\" class=\"wp-image-3490\"\/><\/figure>\n\n\n\n<figure class=\"wp-block-image size-large\"><img loading=\"lazy\" decoding=\"async\" width=\"4032\" height=\"3024\" data-id=\"3489\" src=\"https:\/\/scoalanr178.ro\/wp-content\/uploads\/2024\/03\/IMG_0329.jpg\" alt=\"\" class=\"wp-image-3489\"\/><\/figure>\n\n\n\n<figure class=\"wp-block-image size-large\"><img loading=\"lazy\" decoding=\"async\" width=\"4032\" height=\"3024\" data-id=\"3488\" src=\"https:\/\/scoalanr178.ro\/wp-content\/uploads\/2024\/03\/IMG_0324.jpg\" alt=\"\" class=\"wp-image-3488\"\/><\/figure>\n\n\n\n<figure class=\"wp-block-image size-large\"><img loading=\"lazy\" decoding=\"async\" width=\"4032\" height=\"3024\" data-id=\"3487\" src=\"https:\/\/scoalanr178.ro\/wp-content\/uploads\/2024\/03\/IMG_0322.jpg\" alt=\"\" class=\"wp-image-3487\"\/><\/figure>\n\n\n\n<figure class=\"wp-block-image size-large\"><img loading=\"lazy\" decoding=\"async\" width=\"4032\" height=\"3024\" data-id=\"3486\" src=\"https:\/\/scoalanr178.ro\/wp-content\/uploads\/2024\/03\/IMG_0320.jpg\" alt=\"\" class=\"wp-image-3486\"\/><\/figure>\n\n\n\n<figure class=\"wp-block-image size-large\"><img loading=\"lazy\" decoding=\"async\" width=\"4032\" height=\"3024\" data-id=\"3485\" src=\"https:\/\/scoalanr178.ro\/wp-content\/uploads\/2024\/03\/IMG_0309.jpg\" alt=\"\" class=\"wp-image-3485\"\/><\/figure>\n<\/figure>\n","protected":false},"excerpt":{"rendered":"<p>Galerie foto clasa pregatitoare<span class=\"more-link-wrap\"><a class=\"more-link\" href=\"https:\/\/scoalanr178.ro\/?page_id=790\">Read More &rarr;<\/a><\/span><\/p>\n","protected":false},"author":1,"featured_media":0,"parent":0,"menu_order":0,"comment_status":"closed","ping_status":"closed","template":"","meta":{"footnotes":""},"class_list":["entry","author-stefan-gheorghe","post-790","page","type-page","status-publish"],"_links":{"self":[{"href":"https:\/\/scoalanr178.ro\/index.php?rest_route=\/wp\/v2\/pages\/790","targetHints":{"allow":["GET"]}}],"collection":[{"href":"https:\/\/scoalanr178.ro\/index.php?rest_route=\/wp\/v2\/pages"}],"about":[{"href":"https:\/\/scoalanr178.ro\/index.php?rest_route=\/wp\/v2\/types\/page"}],"author":[{"embeddable":true,"href":"https:\/\/scoalanr178.ro\/index.php?rest_route=\/wp\/v2\/users\/1"}],"replies":[{"embeddable":true,"href":"https:\/\/scoalanr178.ro\/index.php?rest_route=%2Fwp%2Fv2%2Fcomments&post=790"}],"version-history":[{"count":31,"href":"https:\/\/scoalanr178.ro\/index.php?rest_route=\/wp\/v2\/pages\/790\/revisions"}],"predecessor-version":[{"id":4745,"href":"https:\/\/scoalanr178.ro\/index.php?rest_route=\/wp\/v2\/pages\/790\/revisions\/4745"}],"wp:attachment":[{"href":"https:\/\/scoalanr178.ro\/index.php?rest_route=%2Fwp%2Fv2%2Fmedia&parent=790"}],"curies":[{"name":"wp","href":"https:\/\/api.w.org\/{rel}","templated":true}]}}