{"id":786,"date":"2022-04-29T09:25:48","date_gmt":"2022-04-29T09:25:48","guid":{"rendered":"http:\/\/scoalanr178.ro\/?page_id=786"},"modified":"2024-04-08T07:51:05","modified_gmt":"2024-04-08T07:51:05","slug":"inscriere","status":"publish","type":"page","link":"https:\/\/scoalanr178.ro\/?page_id=786","title":{"rendered":"\u00censcriere"},"content":{"rendered":"\n<figure class=\"wp-block-image size-full\"><img loading=\"lazy\" decoding=\"async\" width=\"2480\" height=\"3507\" src=\"https:\/\/scoalanr178.ro\/wp-content\/uploads\/2024\/04\/Acte-necesare-inscrierii-2024-1.jpg\" alt=\"\" class=\"wp-image-3626\"\/><\/figure>\n\n\n\n<figure class=\"wp-block-image size-full\"><img loading=\"lazy\" decoding=\"async\" width=\"2480\" height=\"3507\" src=\"https:\/\/scoalanr178.ro\/wp-content\/uploads\/2024\/04\/SKM_C22724032810210_0002.jpg\" alt=\"\" class=\"wp-image-3629\"\/><\/figure>\n\n\n\n<figure class=\"wp-block-image size-full\"><img loading=\"lazy\" decoding=\"async\" width=\"2480\" height=\"3507\" src=\"https:\/\/scoalanr178.ro\/wp-content\/uploads\/2024\/04\/Circumscriptia-Sc.-178.jpg\" alt=\"\" class=\"wp-image-3627\"\/><\/figure>\n\n\n\n<h2 class=\"wp-block-heading\">Acte necesare \u00eenscriere<\/h2>\n\n\n\n<ol class=\"wp-block-list\">\n<li>Cerere &#8211; tip de \u00eenscriere<\/li>\n\n\n\n<li>Fotocopia actului de identitate al p\u0103rintelui<\/li>\n\n\n\n<li>Fotocopia certificatului de na\u0219tere al copilului<\/li>\n\n\n\n<li>Recomandarea de \u00eenscriere \u00een clasa preg\u0103titoare pentru copiii care \u00eemplinesc 6 ani \u00een perioada 1 septembrie-31 decembrie 2023, inclusiv<\/li>\n\n\n\n<li>Documente doveditoare de \u00eendeplinire a criteriile generale \u0219i\/sau specifice de departajare, dupa caz<\/li>\n\n\n\n<li>Declara\u021bia-tip pe proprie r\u0103spundere cu privire la veridicitatea informa\u021bilor introduse \u00een cerere, \u00een cazul complet\u0103rii sau transmiterii online a cererii<\/li>\n\n\n\n<li>Fotocopia hot\u0103r\u00e2rii judec\u0103tore\u0219ti definitive din care rezult\u0103 modul \u00een care se exercit\u0103 autoritatea p\u0103rinteasc\u0103 \u0219i unde a fost stabilit\u0103 locuin\u021ba minorului, \u00een cazul p\u0103rin\u021bilor divor\u021ba\u021bi<\/li>\n<\/ol>\n\n\n\n<p><em>Fotocopiile sunt certificate conform cu originalul de c\u0103tre secretariatul unita\u021bii de \u00eenv\u0103\u021b\u0103m\u00e2nt, pe baza documentelor originale. <\/em><\/p>\n\n\n\n<hr class=\"wp-block-separator has-css-opacity is-style-wide\"\/>\n\n\n\n<figure class=\"wp-block-image size-full\"><img decoding=\"async\" src=\"https:\/\/scoalanr178.ro\/wp-content\/uploads\/2023\/04\/Circumscriptie-scolara_criterii-specifice_Numar-locuri-plan-scolarizare-1-scaled.jpg\" alt=\"\" class=\"wp-image-2557\"\/><\/figure>\n\n\n\n<hr class=\"wp-block-separator has-alpha-channel-opacity is-style-wide\"\/>\n\n\n\n<div class=\"wp-block-buttons is-layout-flex wp-block-buttons-is-layout-flex\">\n<div class=\"wp-block-button\"><a class=\"wp-block-button__link wp-element-button\" href=\"http:\/\/ismb.edu.ro\/index.php\/inscriere-invatamantul-primar-2013\/632-inscrierea-in-invatamantul-primar-2015\">Site-ul ISMB: \u00censcrierea \u00een \u00eenv\u0103\u021b\u0103m\u00e2ntul primar 2023<\/a><\/div>\n<\/div>\n\n\n\n<div class=\"wp-block-file\"><a id=\"wp-block-file--media-eaffc6e5-4eb0-44a5-ac1b-520a6dc78db7\" href=\"https:\/\/scoalanr178.ro\/wp-content\/uploads\/2023\/03\/OME_3704_17_02_2023_calendar_inscriere_inv_primar.pdf\">OME_3704_17_02_2023_calendar_inscriere_inv_primar<\/a><a href=\"https:\/\/scoalanr178.ro\/wp-content\/uploads\/2023\/03\/OME_3704_17_02_2023_calendar_inscriere_inv_primar.pdf\" class=\"wp-block-file__button wp-element-button\" download aria-describedby=\"wp-block-file--media-eaffc6e5-4eb0-44a5-ac1b-520a6dc78db7\">Download<\/a><\/div>\n","protected":false},"excerpt":{"rendered":"<p>Acte necesare \u00eenscriere Fotocopiile sunt certificate conform cu originalul de c\u0103tre secretariatul unita\u021bii de \u00eenv\u0103\u021b\u0103m\u00e2nt, pe baza documentelor originale.<span class=\"more-link-wrap\"><a class=\"more-link\" href=\"https:\/\/scoalanr178.ro\/?page_id=786\">Read More &rarr;<\/a><\/span><\/p>\n","protected":false},"author":1,"featured_media":0,"parent":0,"menu_order":0,"comment_status":"closed","ping_status":"closed","template":"","meta":{"footnotes":""},"class_list":["entry","author-stefan-gheorghe","post-786","page","type-page","status-publish"],"_links":{"self":[{"href":"https:\/\/scoalanr178.ro\/index.php?rest_route=\/wp\/v2\/pages\/786","targetHints":{"allow":["GET"]}}],"collection":[{"href":"https:\/\/scoalanr178.ro\/index.php?rest_route=\/wp\/v2\/pages"}],"about":[{"href":"https:\/\/scoalanr178.ro\/index.php?rest_route=\/wp\/v2\/types\/page"}],"author":[{"embeddable":true,"href":"https:\/\/scoalanr178.ro\/index.php?rest_route=\/wp\/v2\/users\/1"}],"replies":[{"embeddable":true,"href":"https:\/\/scoalanr178.ro\/index.php?rest_route=%2Fwp%2Fv2%2Fcomments&post=786"}],"version-history":[{"count":1,"href":"https:\/\/scoalanr178.ro\/index.php?rest_route=\/wp\/v2\/pages\/786\/revisions"}],"predecessor-version":[{"id":3630,"href":"https:\/\/scoalanr178.ro\/index.php?rest_route=\/wp\/v2\/pages\/786\/revisions\/3630"}],"wp:attachment":[{"href":"https:\/\/scoalanr178.ro\/index.php?rest_route=%2Fwp%2Fv2%2Fmedia&parent=786"}],"curies":[{"name":"wp","href":"https:\/\/api.w.org\/{rel}","templated":true}]}}