{"id":716,"date":"2022-04-29T09:04:25","date_gmt":"2022-04-29T09:04:25","guid":{"rendered":"http:\/\/scoalanr178.ro\/?page_id=716"},"modified":"2022-04-29T09:04:25","modified_gmt":"2022-04-29T09:04:25","slug":"proiecte-2021","status":"publish","type":"page","link":"https:\/\/scoalanr178.ro\/?page_id=716","title":{"rendered":"Proiecte 2021"},"content":{"rendered":"\n<h2 class=\"wp-block-heading\">Ziua Internationala a Cititului Impreuna \u201dZICI cu lipici: legati prin cititul impreuna\u201d<\/h2>\n\n\n\n<figure class=\"wp-block-image size-large\"><img decoding=\"async\" src=\"https:\/\/scoalanr178.ro\/wp-content\/uploads\/2022\/05\/Afis_10.02.2021-729x1024.jpg\" alt=\"\" class=\"wp-image-1552\"\/><\/figure>\n\n\n\n<p>Miercuri, 10 februarie 2021, \u0219i noi, \u0218coala Gimnazial\u0103 Nr. 178, Sector 1, Bucuresti, ne conect\u0103m la # ZICI cu lipici!Ne bucur\u0103m c\u0103 vom face parte din aceast\u0103 frumoas\u0103 poveste: vom citi, la \u0219coal\u0103 \u0219i on-line, at\u00e2t \u00een limba rom\u00e2n\u0103, c\u00e2t \u0219i \u00een francez\u0103 \u0219i \u00een englez\u0103.Vor fi implica\u021bi to\u021bi elevii, de la cei mai mici, la cei mai mari.<\/p>\n","protected":false},"excerpt":{"rendered":"<p>Ziua Internationala a Cititului Impreuna \u201dZICI cu lipici: legati prin cititul impreuna\u201d Miercuri, 10 februarie 2021, \u0219i noi, \u0218coala Gimnazial\u0103 Nr. 178, Sector 1, Bucuresti, ne conect\u0103m la # ZICI cu lipici!Ne bucur\u0103m c\u0103 vom face parte din aceast\u0103 frumoas\u0103 poveste: vom citi, la \u0219coal\u0103 \u0219i on-line, at\u00e2t \u00een limba rom\u00e2n\u0103, c\u00e2t \u0219i \u00een francez\u0103 \u0219i \u00een englez\u0103.Vor fi implica\u021bi to\u021bi elevii, de la cei mai mici, la cei mai mari.<span class=\"more-link-wrap\"><a class=\"more-link\" href=\"https:\/\/scoalanr178.ro\/?page_id=716\">Read More &rarr;<\/a><\/span><\/p>\n","protected":false},"author":2,"featured_media":0,"parent":0,"menu_order":0,"comment_status":"closed","ping_status":"closed","template":"","meta":{"footnotes":""},"class_list":["entry","author-florian-gogea","post-716","page","type-page","status-publish"],"_links":{"self":[{"href":"https:\/\/scoalanr178.ro\/index.php?rest_route=\/wp\/v2\/pages\/716","targetHints":{"allow":["GET"]}}],"collection":[{"href":"https:\/\/scoalanr178.ro\/index.php?rest_route=\/wp\/v2\/pages"}],"about":[{"href":"https:\/\/scoalanr178.ro\/index.php?rest_route=\/wp\/v2\/types\/page"}],"author":[{"embeddable":true,"href":"https:\/\/scoalanr178.ro\/index.php?rest_route=\/wp\/v2\/users\/2"}],"replies":[{"embeddable":true,"href":"https:\/\/scoalanr178.ro\/index.php?rest_route=%2Fwp%2Fv2%2Fcomments&post=716"}],"version-history":[{"count":0,"href":"https:\/\/scoalanr178.ro\/index.php?rest_route=\/wp\/v2\/pages\/716\/revisions"}],"wp:attachment":[{"href":"https:\/\/scoalanr178.ro\/index.php?rest_route=%2Fwp%2Fv2%2Fmedia&parent=716"}],"curies":[{"name":"wp","href":"https:\/\/api.w.org\/{rel}","templated":true}]}}