{"id":4777,"date":"2026-03-09T16:09:32","date_gmt":"2026-03-09T16:09:32","guid":{"rendered":"https:\/\/scoalanr178.ro\/?page_id=4777"},"modified":"2026-03-09T16:14:44","modified_gmt":"2026-03-09T16:14:44","slug":"eco-schools-2025","status":"publish","type":"page","link":"https:\/\/scoalanr178.ro\/?page_id=4777","title":{"rendered":"ECO \u2013 SCHOOLS 2025"},"content":{"rendered":"\n<h2 class=\"wp-block-heading\" style=\"font-size:25px\">1.\u0218coala Gimnazial\u0103 Nr. 178 &#8211;\u00a0a\u00a0ob\u021binut\u00a0<strong>trofeul Eco-\u0218coala\u00a0<\/strong>\u00een urma reevalu\u0103rii 2025!<\/h2>\n\n\n\n<p>Felicit\u0103ri pentru cei 10 ani de Eco-\u0218coala!<img loading=\"lazy\" decoding=\"async\" height=\"16\" width=\"16\" src=\"https:\/\/static.xx.fbcdn.net\/images\/emoji.php\/v9\/t87\/1\/16\/1f340.png\" alt=\"\ud83c\udf40\"><\/p>\n\n\n\n<p>Felicit\u0103ri tuturor elevilor \u0219i cadrelor didactice implicate!<\/p>\n\n\n\n<figure class=\"wp-block-gallery has-nested-images columns-default is-cropped wp-block-gallery-1 is-layout-flex wp-block-gallery-is-layout-flex\">\n<figure class=\"wp-block-image size-large\"><img loading=\"lazy\" decoding=\"async\" width=\"1653\" height=\"2338\" data-id=\"4782\" src=\"https:\/\/scoalanr178.ro\/wp-content\/uploads\/2026\/03\/Diploma-eco-schools-2025.jpg\" alt=\"\" class=\"wp-image-4782\"\/><figcaption class=\"wp-element-caption\">EPSON MFP image<\/figcaption><\/figure>\n\n\n\n<figure class=\"wp-block-image size-large\"><img loading=\"lazy\" decoding=\"async\" width=\"1080\" height=\"1440\" data-id=\"4781\" src=\"https:\/\/scoalanr178.ro\/wp-content\/uploads\/2026\/03\/557557122_1323767559536495_882957593621140395_n.jpg\" alt=\"\" class=\"wp-image-4781\"\/><\/figure>\n\n\n\n<figure class=\"wp-block-image size-large\"><img loading=\"lazy\" decoding=\"async\" width=\"1653\" height=\"2338\" data-id=\"4780\" src=\"https:\/\/scoalanr178.ro\/wp-content\/uploads\/2026\/03\/Diploma-sc.178-Eco-schools-2025.jpg\" alt=\"\" class=\"wp-image-4780\"\/><figcaption class=\"wp-element-caption\">EPSON MFP image<\/figcaption><\/figure>\n<\/figure>\n\n\n\n<h2 class=\"wp-block-heading\" style=\"font-size:25px\">2.Ziua Mondial\u0103 a Habitatului\u2013S\u0103rb\u0103torit\u0103 prin educa\u021bie \u0219i implicare!<\/h2>\n\n\n\n<p>\u00cen data de\u00a0<strong>06.10.2025<\/strong>,\u00a0un grup de elevi de la clasa a VII-a B \u00eenso\u021bi\u021bi de prof. Iorgulis Elena, au participat la activitatea desf\u0103\u0219urat\u0103 \u00een parteneriat cu\u00a0<em>Direc\u021bia de Mediu Bucure\u0219ti din cadrul Agen\u021biei Na\u021bionale pentru Mediu \u0219i Arii Protejate\u00a0<\/em>la \u0218coala Gimnazial\u0103 Nr.126 cu ocazia s\u0103rb\u0103toririi\u00a0<strong>Zilei Mondiale a Habitatului<\/strong>.<\/p>\n\n\n\n<figure class=\"wp-block-gallery has-nested-images columns-default is-cropped wp-block-gallery-2 is-layout-flex wp-block-gallery-is-layout-flex\">\n<figure class=\"wp-block-image size-large\"><img loading=\"lazy\" decoding=\"async\" width=\"1536\" height=\"2040\" data-id=\"4775\" src=\"https:\/\/scoalanr178.ro\/wp-content\/uploads\/2026\/03\/559135576_1114564350848637_4064190055238875321_n.jpg\" alt=\"\" class=\"wp-image-4775\"\/><\/figure>\n\n\n\n<figure class=\"wp-block-image size-large\"><img loading=\"lazy\" decoding=\"async\" width=\"1204\" height=\"1600\" data-id=\"4776\" src=\"https:\/\/scoalanr178.ro\/wp-content\/uploads\/2026\/03\/559815332_1114563194182086_8915442095502973184_n.jpg\" alt=\"\" class=\"wp-image-4776\"\/><\/figure>\n\n\n\n<figure class=\"wp-block-image size-large\"><img loading=\"lazy\" decoding=\"async\" width=\"1561\" height=\"1368\" data-id=\"4774\" src=\"https:\/\/scoalanr178.ro\/wp-content\/uploads\/2026\/03\/559061440_1114562654182140_1767470805268164434_n.jpg\" alt=\"\" class=\"wp-image-4774\"\/><\/figure>\n\n\n\n<figure class=\"wp-block-image size-large\"><img loading=\"lazy\" decoding=\"async\" width=\"2040\" height=\"1536\" data-id=\"4773\" src=\"https:\/\/scoalanr178.ro\/wp-content\/uploads\/2026\/03\/558611998_1114564064181999_2418783032634000858_n.jpg\" alt=\"\" class=\"wp-image-4773\"\/><\/figure>\n\n\n\n<figure class=\"wp-block-image size-large\"><img loading=\"lazy\" decoding=\"async\" width=\"2048\" height=\"1536\" data-id=\"4772\" src=\"https:\/\/scoalanr178.ro\/wp-content\/uploads\/2026\/03\/558176211_1114568134181592_9133427765542684058_n.jpg\" alt=\"\" class=\"wp-image-4772\"\/><\/figure>\n\n\n\n<figure class=\"wp-block-image size-large\"><img loading=\"lazy\" decoding=\"async\" width=\"2048\" height=\"1536\" data-id=\"4771\" src=\"https:\/\/scoalanr178.ro\/wp-content\/uploads\/2026\/03\/561761097_1114563737515365_1884791571637072418_n.jpg\" alt=\"\" class=\"wp-image-4771\"\/><\/figure>\n<\/figure>\n","protected":false},"excerpt":{"rendered":"<p>1.\u0218coala Gimnazial\u0103 Nr. 178 &#8211;\u00a0a\u00a0ob\u021binut\u00a0trofeul Eco-\u0218coala\u00a0\u00een urma reevalu\u0103rii 2025! Felicit\u0103ri pentru cei 10 ani de Eco-\u0218coala! Felicit\u0103ri tuturor elevilor \u0219i cadrelor didactice implicate! 2.Ziua Mondial\u0103 a Habitatului\u2013S\u0103rb\u0103torit\u0103 prin educa\u021bie \u0219i implicare! \u00cen data de\u00a006.10.2025,\u00a0un grup de elevi de la clasa a VII-a B \u00eenso\u021bi\u021bi de prof. Iorgulis Elena, au participat la activitatea desf\u0103\u0219urat\u0103 \u00een parteneriat cu\u00a0Direc\u021bia de Mediu Bucure\u0219ti din cadrul Agen\u021biei Na\u021bionale pentru Mediu \u0219i Arii Protejate\u00a0la \u0218coala Gimnazial\u0103 Nr.126 cu ocazia s\u0103rb\u0103toririi\u00a0Zilei Mondiale a Habitatului.<span class=\"more-link-wrap\"><a class=\"more-link\" href=\"https:\/\/scoalanr178.ro\/?page_id=4777\">Read More &rarr;<\/a><\/span><\/p>\n","protected":false},"author":3,"featured_media":0,"parent":0,"menu_order":0,"comment_status":"closed","ping_status":"closed","template":"","meta":{"footnotes":""},"class_list":["entry","author-cristian-ene","post-4777","page","type-page","status-publish"],"_links":{"self":[{"href":"https:\/\/scoalanr178.ro\/index.php?rest_route=\/wp\/v2\/pages\/4777","targetHints":{"allow":["GET"]}}],"collection":[{"href":"https:\/\/scoalanr178.ro\/index.php?rest_route=\/wp\/v2\/pages"}],"about":[{"href":"https:\/\/scoalanr178.ro\/index.php?rest_route=\/wp\/v2\/types\/page"}],"author":[{"embeddable":true,"href":"https:\/\/scoalanr178.ro\/index.php?rest_route=\/wp\/v2\/users\/3"}],"replies":[{"embeddable":true,"href":"https:\/\/scoalanr178.ro\/index.php?rest_route=%2Fwp%2Fv2%2Fcomments&post=4777"}],"version-history":[{"count":2,"href":"https:\/\/scoalanr178.ro\/index.php?rest_route=\/wp\/v2\/pages\/4777\/revisions"}],"predecessor-version":[{"id":4783,"href":"https:\/\/scoalanr178.ro\/index.php?rest_route=\/wp\/v2\/pages\/4777\/revisions\/4783"}],"wp:attachment":[{"href":"https:\/\/scoalanr178.ro\/index.php?rest_route=%2Fwp%2Fv2%2Fmedia&parent=4777"}],"curies":[{"name":"wp","href":"https:\/\/api.w.org\/{rel}","templated":true}]}}