{"id":4731,"date":"2026-03-03T14:34:48","date_gmt":"2026-03-03T14:34:48","guid":{"rendered":"https:\/\/scoalanr178.ro\/?page_id=4731"},"modified":"2026-03-13T08:58:22","modified_gmt":"2026-03-13T08:58:22","slug":"proiecte-2026","status":"publish","type":"page","link":"https:\/\/scoalanr178.ro\/?page_id=4731","title":{"rendered":"Proiecte 2026"},"content":{"rendered":"\n<h2 class=\"wp-block-heading\">Ziua Culturii Na\u021bionale, 15 ianuarie 2026<\/h2>\n\n\n\n<p>\u00cen \u0219coala noastr\u0103, aceast\u0103 zi a fost celebrat\u0103 prin activit\u0103\u021bi artistice \u0219i educative menite s\u0103 apropie elevii de literatur\u0103, muzic\u0103 \u0219i tradi\u021bie, cultiv\u00e2ndu- le respectul pentru tot ceea ce \u00eenseamn\u0103 patrimoniul cultural. <\/p>\n\n\n\n<p>Manifest\u0103rile educative au urm\u0103rit s\u0103 \u00eei familiarizeze pe copii cu via\u021ba \u0219i opera marelui poet Mihai Eminescu, precum \u0219i cu semnifica\u021bia acestei zile. Astfel, Ziua Culturii Na\u021bionale a devenit o experien\u021b\u0103 pl\u0103cut\u0103 de \u00eenv\u0103\u021bare \u0219i cultivare care a \u00eembinat cultura, arta, imagina\u021bia \u0219i bucuria de a fi \u00eempreun\u0103.<\/p>\n\n\n\n<figure class=\"wp-block-gallery has-nested-images columns-6 is-cropped wp-block-gallery-1 is-layout-flex wp-block-gallery-is-layout-flex\">\n<figure class=\"wp-block-image size-large\"><img loading=\"lazy\" decoding=\"async\" width=\"1004\" height=\"1440\" data-id=\"4846\" src=\"https:\/\/scoalanr178.ro\/wp-content\/uploads\/2026\/03\/1-1.jpg\" alt=\"\" class=\"wp-image-4846\"\/><\/figure>\n\n\n\n<figure class=\"wp-block-image size-large\"><img loading=\"lazy\" decoding=\"async\" width=\"1080\" height=\"1440\" data-id=\"4847\" src=\"https:\/\/scoalanr178.ro\/wp-content\/uploads\/2026\/03\/615213345_1398469728732944_9163189776527119567_n.jpg\" alt=\"\" class=\"wp-image-4847\"\/><\/figure>\n\n\n\n<figure class=\"wp-block-image size-large\"><img loading=\"lazy\" decoding=\"async\" width=\"1080\" height=\"1440\" data-id=\"4848\" src=\"https:\/\/scoalanr178.ro\/wp-content\/uploads\/2026\/03\/615400778_1398469722066278_1134983637813120_n.jpg\" alt=\"\" class=\"wp-image-4848\"\/><\/figure>\n\n\n\n<figure class=\"wp-block-image size-large\"><img loading=\"lazy\" decoding=\"async\" width=\"1440\" height=\"1080\" data-id=\"4849\" src=\"https:\/\/scoalanr178.ro\/wp-content\/uploads\/2026\/03\/615411513_1398469712066279_7425911503167106015_n.jpg\" alt=\"\" class=\"wp-image-4849\"\/><\/figure>\n\n\n\n<figure class=\"wp-block-image size-large\"><img loading=\"lazy\" decoding=\"async\" width=\"1440\" height=\"1080\" data-id=\"4850\" src=\"https:\/\/scoalanr178.ro\/wp-content\/uploads\/2026\/03\/615433440_1398469642066286_8291413289317719152_n.jpg\" alt=\"\" class=\"wp-image-4850\"\/><\/figure>\n\n\n\n<figure class=\"wp-block-image size-large\"><img loading=\"lazy\" decoding=\"async\" width=\"666\" height=\"1440\" data-id=\"4851\" src=\"https:\/\/scoalanr178.ro\/wp-content\/uploads\/2026\/03\/615492625_1398469638732953_446088528571742832_n.jpg\" alt=\"\" class=\"wp-image-4851\"\/><\/figure>\n\n\n\n<figure class=\"wp-block-image size-large\"><img loading=\"lazy\" decoding=\"async\" width=\"1440\" height=\"1080\" data-id=\"4852\" src=\"https:\/\/scoalanr178.ro\/wp-content\/uploads\/2026\/03\/615705431_1398469958732921_4945576853767485391_n.jpg\" alt=\"\" class=\"wp-image-4852\"\/><\/figure>\n\n\n\n<figure class=\"wp-block-image size-large\"><img loading=\"lazy\" decoding=\"async\" width=\"1440\" height=\"1080\" data-id=\"4853\" src=\"https:\/\/scoalanr178.ro\/wp-content\/uploads\/2026\/03\/615840005_1398469555399628_8932829274359778618_n.jpg\" alt=\"\" class=\"wp-image-4853\"\/><\/figure>\n\n\n\n<figure class=\"wp-block-image size-large\"><img loading=\"lazy\" decoding=\"async\" width=\"736\" height=\"1102\" data-id=\"4854\" src=\"https:\/\/scoalanr178.ro\/wp-content\/uploads\/2026\/03\/616034250_1398469655399618_2409878252643228202_n.jpg\" alt=\"\" class=\"wp-image-4854\"\/><\/figure>\n\n\n\n<figure class=\"wp-block-image size-large\"><img loading=\"lazy\" decoding=\"async\" width=\"1440\" height=\"1080\" data-id=\"4855\" src=\"https:\/\/scoalanr178.ro\/wp-content\/uploads\/2026\/03\/617624936_1398469692066281_1244522242283841272_n.jpg\" alt=\"\" class=\"wp-image-4855\"\/><\/figure>\n<\/figure>\n\n\n\n<hr class=\"wp-block-separator has-alpha-channel-opacity is-style-wide\"\/>\n\n\n\n<h2 class=\"wp-block-heading\"><strong>ZICI 2026 &#8211; Ziua Interna\u021bional\u0103 a Cititului \u00cempreun\u0103<\/strong><\/h2>\n\n\n\n<p>\u00cen prima miercuri a lui februarie, ca \u00een fiecare an, ne-am bucurat s\u0103 facem parte din povestea frumoas\u0103 \u0219i generoas\u0103 a cititului \u00eempreun\u0103. ZICI 2026 a fost \u0219i \u00een \u0218coala Gimnazial\u0103 Nr. 178!<\/p>\n\n\n\n<p>De la clasele preg\u0103titoare \u0219i p\u00e2n\u0103 la cele de a VIII-a, cu emo\u021bie \u0219i interes, am p\u0103truns \u00een lumi \u00een care binele \u00eenvinge \u00eentotdeauna r\u0103ul, iar personajele ne sunt prieteni.<\/p>\n\n\n\n<p>\u201eAmintiri din copil\u0103rie\u201d de Ion Creang\u0103, ,,\u0218oricelul care citea pe rupte&#8221; de Olina Ortiz, \u201eMicul Prin\u021b\u201d de Antoine de Saint-Exupery, \u201eAgen\u021bia de voiaj Lumi stranii&#8221; de L.D. Lapinski, \u201eL\u0103m\u00e2i, c\u0103r\u021bi \u0219i prieteni\u201d de Jo Cotterill&#8230; sunt doar c\u00e2teva dintre cele peste 30 de titluri care ne-au f\u0103cut ziua special\u0103!<\/p>\n\n\n\n<p>Mul\u021bumim tuturor celor care au f\u0103cut posibil evenimentul!<img loading=\"lazy\" decoding=\"async\" height=\"16\" width=\"16\" src=\"https:\/\/ci3.googleusercontent.com\/meips\/ADKq_Na38QbD41OD1VKDRqXEq4K4rbh7-3q5TeeVmKnGF-7OoC_7jJ-cBu961Mq91Wg2XNbbbyM8L_jkT-V3wufYWkdneBfyywAxY70SPUZ_mONzGwHIERnfB-M=s0-d-e1-ft#https:\/\/static.xx.fbcdn.net\/images\/emoji.php\/v9\/t9e\/1\/16\/1f4d6.png\" alt=\"\ud83d\udcd6\"><img loading=\"lazy\" decoding=\"async\" height=\"16\" width=\"16\" src=\"https:\/\/ci3.googleusercontent.com\/meips\/ADKq_NZ3VAfVN2VhR36jdg2MG7OI0s8DEj-JLtBT3P1QSjR0kOwh0kUnNYIISs6rJ-gX6pxwuDqAoFbcTzdPlrttPBMT_kR-Vk1IMjWQHhMgOXy4ydc3eWQgZj8=s0-d-e1-ft#https:\/\/static.xx.fbcdn.net\/images\/emoji.php\/v9\/t49\/1\/16\/1f4da.png\" alt=\"\ud83d\udcda\"><img loading=\"lazy\" decoding=\"async\" height=\"16\" width=\"16\" src=\"https:\/\/ci3.googleusercontent.com\/meips\/ADKq_NbZs6etjZ7mxIiwapMruryZsRMhgOnpuaK8gN4Z2gIequbHrmSd5AO7k9GGjFIOmqpPda9jTKpSUfd9etj4poykVe6cxuDq7DIbR47wZAqlSotuN_-Cgrw=s0-d-e1-ft#https:\/\/static.xx.fbcdn.net\/images\/emoji.php\/v9\/t8c\/1\/16\/1f389.png\" alt=\"\ud83c\udf89\"><img loading=\"lazy\" decoding=\"async\" height=\"16\" width=\"16\" src=\"https:\/\/ci3.googleusercontent.com\/meips\/ADKq_NaMOxZbGHAJY_Y5sRYOMMohcL3OG1zcU__4u2l5MQJ-sTcMI7xPQ7wkRQgsxvOF7-gPbwYaWtnz2zC1NLv7D7EzTL5rxqRHcusAGRm5syaL-ZX4ZS62e0g=s0-d-e1-ft#https:\/\/static.xx.fbcdn.net\/images\/emoji.php\/v9\/tff\/1\/16\/1f4c6.png\" alt=\"\ud83d\udcc6\"><\/p>\n\n\n\n<figure class=\"wp-block-gallery has-nested-images columns-6 is-cropped wp-block-gallery-2 is-layout-flex wp-block-gallery-is-layout-flex\">\n<figure class=\"wp-block-image size-large\"><img loading=\"lazy\" decoding=\"async\" width=\"1080\" height=\"1920\" data-id=\"4872\" src=\"https:\/\/scoalanr178.ro\/wp-content\/uploads\/2026\/03\/628510487_1414688853777698_6763614724617952923_n.jpg\" alt=\"\" class=\"wp-image-4872\"\/><\/figure>\n\n\n\n<figure class=\"wp-block-image size-large\"><img loading=\"lazy\" decoding=\"async\" width=\"2040\" height=\"1530\" data-id=\"4871\" src=\"https:\/\/scoalanr178.ro\/wp-content\/uploads\/2026\/03\/627721651_1414688983777685_6905058599874613026_n.jpg\" alt=\"\" class=\"wp-image-4871\"\/><\/figure>\n\n\n\n<figure class=\"wp-block-image size-large\"><img loading=\"lazy\" decoding=\"async\" width=\"1220\" height=\"1220\" data-id=\"4870\" src=\"https:\/\/scoalanr178.ro\/wp-content\/uploads\/2026\/03\/627678674_1414688967111020_8052336096494006143_n.jpg\" alt=\"\" class=\"wp-image-4870\"\/><\/figure>\n\n\n\n<figure class=\"wp-block-image size-large\"><img loading=\"lazy\" decoding=\"async\" width=\"1220\" height=\"1652\" data-id=\"4869\" src=\"https:\/\/scoalanr178.ro\/wp-content\/uploads\/2026\/03\/627678063_1414688870444363_1882057610444232357_n.jpg\" alt=\"\" class=\"wp-image-4869\"\/><\/figure>\n\n\n\n<figure class=\"wp-block-image size-large\"><img loading=\"lazy\" decoding=\"async\" width=\"1220\" height=\"1220\" data-id=\"4868\" src=\"https:\/\/scoalanr178.ro\/wp-content\/uploads\/2026\/03\/627467097_1414688900444360_7836772082431732879_n.jpg\" alt=\"\" class=\"wp-image-4868\"\/><\/figure>\n\n\n\n<figure class=\"wp-block-image size-large\"><img loading=\"lazy\" decoding=\"async\" width=\"1200\" height=\"1600\" data-id=\"4867\" src=\"https:\/\/scoalanr178.ro\/wp-content\/uploads\/2026\/03\/627125253_1414689447110972_2908830571573451681_n.jpg\" alt=\"\" class=\"wp-image-4867\"\/><\/figure>\n\n\n\n<figure class=\"wp-block-image size-large\"><img loading=\"lazy\" decoding=\"async\" width=\"1200\" height=\"1600\" data-id=\"4866\" src=\"https:\/\/scoalanr178.ro\/wp-content\/uploads\/2026\/03\/626812373_1414689337110983_9082166016024433813_n.jpg\" alt=\"\" class=\"wp-image-4866\"\/><\/figure>\n\n\n\n<figure class=\"wp-block-image size-large\"><img loading=\"lazy\" decoding=\"async\" width=\"2048\" height=\"1536\" data-id=\"4865\" src=\"https:\/\/scoalanr178.ro\/wp-content\/uploads\/2026\/03\/626784495_1414688783777705_1844321737529433485_n.jpg\" alt=\"\" class=\"wp-image-4865\"\/><\/figure>\n\n\n\n<figure class=\"wp-block-image size-large\"><img loading=\"lazy\" decoding=\"async\" width=\"2048\" height=\"2048\" data-id=\"4864\" src=\"https:\/\/scoalanr178.ro\/wp-content\/uploads\/2026\/03\/626475800_1414697160443534_2855433547190604180_n.jpg\" alt=\"\" class=\"wp-image-4864\"\/><\/figure>\n\n\n\n<figure class=\"wp-block-image size-large\"><img loading=\"lazy\" decoding=\"async\" width=\"1600\" height=\"1200\" data-id=\"4863\" src=\"https:\/\/scoalanr178.ro\/wp-content\/uploads\/2026\/03\/626311509_1414689277110989_6006244746225739230_n.jpg\" alt=\"\" class=\"wp-image-4863\"\/><\/figure>\n\n\n\n<figure class=\"wp-block-image size-large\"><img loading=\"lazy\" decoding=\"async\" width=\"2040\" height=\"1530\" data-id=\"4862\" src=\"https:\/\/scoalanr178.ro\/wp-content\/uploads\/2026\/03\/625963013_1414689377110979_8207294122314026767_n.jpg\" alt=\"\" class=\"wp-image-4862\"\/><\/figure>\n\n\n\n<figure class=\"wp-block-image size-large\"><img loading=\"lazy\" decoding=\"async\" width=\"2048\" height=\"1536\" data-id=\"4861\" src=\"https:\/\/scoalanr178.ro\/wp-content\/uploads\/2026\/03\/625958920_1414689497110967_864091778223973317_n.jpg\" alt=\"\" class=\"wp-image-4861\"\/><\/figure>\n\n\n\n<figure class=\"wp-block-image size-large\"><img loading=\"lazy\" decoding=\"async\" width=\"1920\" height=\"1080\" data-id=\"4860\" src=\"https:\/\/scoalanr178.ro\/wp-content\/uploads\/2026\/03\/625838427_1414689097111007_2781234168898238399_n.jpg\" alt=\"\" class=\"wp-image-4860\"\/><\/figure>\n\n\n\n<figure class=\"wp-block-image size-large\"><img loading=\"lazy\" decoding=\"async\" width=\"2048\" height=\"1780\" data-id=\"4859\" src=\"https:\/\/scoalanr178.ro\/wp-content\/uploads\/2026\/03\/625735334_1414689280444322_1949311082100564236_n.jpg\" alt=\"\" class=\"wp-image-4859\"\/><\/figure>\n\n\n\n<figure class=\"wp-block-image size-large\"><img loading=\"lazy\" decoding=\"async\" width=\"1170\" height=\"664\" data-id=\"4858\" src=\"https:\/\/scoalanr178.ro\/wp-content\/uploads\/2026\/03\/625662225_1414688307111086_7667222450633120149_n.jpg\" alt=\"\" class=\"wp-image-4858\"\/><\/figure>\n\n\n\n<figure class=\"wp-block-image size-large\"><img loading=\"lazy\" decoding=\"async\" width=\"1448\" height=\"2048\" data-id=\"4857\" src=\"https:\/\/scoalanr178.ro\/wp-content\/uploads\/2026\/03\/624557568_1413036153942968_6642383274224833338_n.jpg\" alt=\"\" class=\"wp-image-4857\"\/><\/figure>\n\n\n\n<figure class=\"wp-block-image size-large\"><img loading=\"lazy\" decoding=\"async\" width=\"2048\" height=\"1536\" data-id=\"4856\" src=\"https:\/\/scoalanr178.ro\/wp-content\/uploads\/2026\/03\/624505069_1414688807111036_5904594002319521019_n.jpg\" alt=\"\" class=\"wp-image-4856\"\/><\/figure>\n<\/figure>\n\n\n\n<hr class=\"wp-block-separator has-alpha-channel-opacity is-style-wide\"\/>\n\n\n\n<h2 class=\"wp-block-heading\"><strong>Diseminare campanie \u201eRom\u00e2nia \u00ee\u0219i salveaz\u0103 viitorul! Copiii sunt viitorul nostru!&#8221;<\/strong><\/h2>\n\n\n\n<p>        Inspectoratul \u0218colar al Municipiului Bucure\u0219ti este partener \u00een cadrul campaniei de con\u0219tientizare \u0219i prevenire a consumului de droguri \u201eRom\u00e2nia \u00ee\u0219i salveaz\u0103 viitorul! Copiii sunt viitorul nostru!&#8221;, ini\u021biat\u0103 de Centrul Metropolitan de Educa\u021bie \u0219i Cultur\u0103 \u201eIoan I. Dalles&#8221; \u0219i Prim\u0103ria Municipiului Bucure\u0219ti.<\/p>\n\n\n\n<p>        Diseminarea materialelor de mai jos (filmul de prezentare si imaginea oficiala) vizeaz\u0103 sus\u021binerea demersurilor institu\u021bionale de prevenire a consumului de droguri \u00een r\u00e2ndul elevilor \u0219i pentru asigurarea unei inform\u0103ri corecte a comunit\u0103\u021bii \u0219colare asupra unui fenomen cu impact major asupra siguran\u021bei \u0219i dezvolt\u0103rii tinerilor.<\/p>\n\n\n\n<div class=\"wp-block-columns is-layout-flex wp-container-core-columns-is-layout-9d6595d7 wp-block-columns-is-layout-flex\">\n<div class=\"wp-block-column is-layout-flow wp-block-column-is-layout-flow\" style=\"flex-basis:33.33%\"><div class=\"wp-block-image\">\n<figure class=\"aligncenter size-full is-resized\"><img loading=\"lazy\" decoding=\"async\" width=\"1131\" height=\"1600\" src=\"https:\/\/scoalanr178.ro\/wp-content\/uploads\/2026\/03\/WhatsApp-Image-2026-03-02-at-17.08.46-1.jpeg\" alt=\"\" class=\"wp-image-4729\" style=\"aspect-ratio:0.7068855066380967;object-fit:cover;width:400px\"\/><\/figure>\n<\/div><\/div>\n\n\n\n<div class=\"wp-block-column is-layout-flow wp-block-column-is-layout-flow\" style=\"flex-basis:66.66%\">\n<figure class=\"wp-block-video\"><video height=\"720\" style=\"aspect-ratio: 1280 \/ 720;\" width=\"1280\" controls src=\"https:\/\/scoalanr178.ro\/wp-content\/uploads\/2026\/03\/WhatsApp-Video-2026-03-02-at-17.08.45.mp4\"><\/video><\/figure>\n<\/div>\n<\/div>\n","protected":false},"excerpt":{"rendered":"<p>Ziua Culturii Na\u021bionale, 15 ianuarie 2026 \u00cen \u0219coala noastr\u0103, aceast\u0103 zi a fost celebrat\u0103 prin activit\u0103\u021bi artistice \u0219i educative menite s\u0103 apropie elevii de literatur\u0103, muzic\u0103 \u0219i tradi\u021bie, cultiv\u00e2ndu- le respectul pentru tot ceea ce \u00eenseamn\u0103 patrimoniul cultural. Manifest\u0103rile educative au urm\u0103rit s\u0103 \u00eei familiarizeze pe copii cu via\u021ba \u0219i opera marelui poet Mihai Eminescu, precum \u0219i cu semnifica\u021bia acestei zile. Astfel, Ziua Culturii Na\u021bionale a devenit o experien\u021b\u0103 pl\u0103cut\u0103 de \u00eenv\u0103\u021bare \u0219i cultivare care a \u00eembinat cultura, arta, imagina\u021bia \u0219i bucuria de a fi \u00eempreun\u0103. ZICI 2026 &#8211; Ziua Interna\u021bional\u0103 a Cititului \u00cempreun\u0103 \u00cen prima miercuri a lui februarie, ca \u00een fiecare an, ne-am<span class=\"more-link-wrap\"><a class=\"more-link\" href=\"https:\/\/scoalanr178.ro\/?page_id=4731\">Read More &rarr;<\/a><\/span><\/p>\n","protected":false},"author":3,"featured_media":0,"parent":0,"menu_order":0,"comment_status":"closed","ping_status":"closed","template":"","meta":{"footnotes":""},"class_list":["entry","author-cristian-ene","post-4731","page","type-page","status-publish"],"_links":{"self":[{"href":"https:\/\/scoalanr178.ro\/index.php?rest_route=\/wp\/v2\/pages\/4731","targetHints":{"allow":["GET"]}}],"collection":[{"href":"https:\/\/scoalanr178.ro\/index.php?rest_route=\/wp\/v2\/pages"}],"about":[{"href":"https:\/\/scoalanr178.ro\/index.php?rest_route=\/wp\/v2\/types\/page"}],"author":[{"embeddable":true,"href":"https:\/\/scoalanr178.ro\/index.php?rest_route=\/wp\/v2\/users\/3"}],"replies":[{"embeddable":true,"href":"https:\/\/scoalanr178.ro\/index.php?rest_route=%2Fwp%2Fv2%2Fcomments&post=4731"}],"version-history":[{"count":3,"href":"https:\/\/scoalanr178.ro\/index.php?rest_route=\/wp\/v2\/pages\/4731\/revisions"}],"predecessor-version":[{"id":4873,"href":"https:\/\/scoalanr178.ro\/index.php?rest_route=\/wp\/v2\/pages\/4731\/revisions\/4873"}],"wp:attachment":[{"href":"https:\/\/scoalanr178.ro\/index.php?rest_route=%2Fwp%2Fv2%2Fmedia&parent=4731"}],"curies":[{"name":"wp","href":"https:\/\/api.w.org\/{rel}","templated":true}]}}