{"id":3644,"date":"2024-05-08T17:47:26","date_gmt":"2024-05-08T17:47:26","guid":{"rendered":"https:\/\/scoalanr178.ro\/?page_id=3644"},"modified":"2025-03-06T11:34:22","modified_gmt":"2025-03-06T11:34:22","slug":"eco-schools-2024","status":"publish","type":"page","link":"https:\/\/scoalanr178.ro\/?page_id=3644","title":{"rendered":"ECO-SCHOOLS 2024"},"content":{"rendered":"\n<h2 class=\"wp-block-heading\">S\u0103pt\u0103m\u00e2na verde-Festivalul Toamnei<\/h2>\n\n\n\n<p>Prima edi\u021bie a \u201dFestivalului Toamnei\u201d organizat \u00een \u201dS\u0103pt\u0103m\u00e2na verde\u201d, cu implicarea deosebit\u0103 a elevilor din clasele primare \u0219i gimnaziale, a p\u0103rin\u021bilor, a cadrelor didactice \u0219i a colaboratorilor. <img loading=\"lazy\" decoding=\"async\" width=\"16\" height=\"16\" src=\"blob:https:\/\/scoalanr178.ro\/75c6ff90-2701-4687-a9ec-ffc4944563a4\" alt=\"\ud83c\udf42\"><img loading=\"lazy\" decoding=\"async\" width=\"16\" height=\"16\" src=\"blob:https:\/\/scoalanr178.ro\/c465c689-b7ab-4f98-88ad-abe80ce35739\" alt=\"\ud83c\udf41\"><\/p>\n\n\n\n<p>S-au desf\u0103\u0219urat ateliere de motricitate, de pictur\u0103 &#8211; dovleci, frunze, me\u0219te\u0219ug\u0103resc &#8211; br\u00e2ie, m\u0103rgele, de ol\u0103rit , producerea mustului &#8211; produse eco<\/p>\n\n\n\n<p>\u2022 spectacol de dansuri tradi\u021bionale rom\u00e2ne\u0219ti<\/p>\n\n\n\n<p>\u2022 expozi\u021bie cu produse de toamn\u0103 (cu degustare)<\/p>\n\n\n\n<p>Felicit\u0103ri tuturor pentru organizarea standurilor \u0219i comercializarea produselor preg\u0103tite! <img loading=\"lazy\" decoding=\"async\" width=\"16\" height=\"16\" src=\"blob:https:\/\/scoalanr178.ro\/1b74d4d8-4d9e-4aba-9074-91ea73518ea2\" alt=\"\ud83d\udc4f\"><img loading=\"lazy\" decoding=\"async\" width=\"16\" height=\"16\" src=\"blob:https:\/\/scoalanr178.ro\/b0b31a0b-13a3-441e-8602-f986e1cdb21f\" alt=\"\ud83d\udc90\"><img loading=\"lazy\" decoding=\"async\" width=\"16\" height=\"16\" src=\"blob:https:\/\/scoalanr178.ro\/088e4b04-be33-4b9e-be59-d58d6ebd21c7\" alt=\"\u2764\ufe0f\">A fost o zi minunat\u0103 \u00een care s-a \u00eempletit at\u00e2t de frumos bucuria tuturor copiilor \u0219i a celor din jurul lor, cu nevoia de energie pozitiva transmis\u0103 celei care are at\u00e2t de mult\u0103 nevoie de ea!<\/p>\n\n\n\n<p>Respect \u0219i admira\u021bie, tuturor!<img loading=\"lazy\" decoding=\"async\" width=\"16\" height=\"16\" src=\"blob:https:\/\/scoalanr178.ro\/c44fcaee-35d6-4c43-a6a8-d2ecf5230e18\" alt=\"\u2764\ufe0f\"><\/p>\n\n\n\n<figure class=\"wp-block-gallery has-nested-images columns-default is-cropped wp-block-gallery-1 is-layout-flex wp-block-gallery-is-layout-flex\">\n<figure class=\"wp-block-image size-large is-style-default\"><img loading=\"lazy\" decoding=\"async\" width=\"2048\" height=\"1365\" data-id=\"4264\" src=\"https:\/\/scoalanr178.ro\/wp-content\/uploads\/2025\/03\/481220381_1149383313641588_8126197228061828542_n-1.jpg\" alt=\"\" class=\"wp-image-4264\"\/><\/figure>\n\n\n\n<figure class=\"wp-block-image size-large\"><img loading=\"lazy\" decoding=\"async\" width=\"2048\" height=\"1365\" data-id=\"4263\" src=\"https:\/\/scoalanr178.ro\/wp-content\/uploads\/2025\/03\/481219906_1149383086974944_4254147744476546887_n-1.jpg\" alt=\"\" class=\"wp-image-4263\"\/><\/figure>\n\n\n\n<figure class=\"wp-block-image size-large\"><img loading=\"lazy\" decoding=\"async\" width=\"2048\" height=\"1365\" data-id=\"4262\" src=\"https:\/\/scoalanr178.ro\/wp-content\/uploads\/2025\/03\/481700751_1149382933641626_6709159245179591201_n-1.jpg\" alt=\"\" class=\"wp-image-4262\"\/><\/figure>\n\n\n\n<figure class=\"wp-block-image size-large\"><img loading=\"lazy\" decoding=\"async\" width=\"1024\" height=\"682\" data-id=\"4261\" src=\"https:\/\/scoalanr178.ro\/wp-content\/uploads\/2025\/03\/481661625_1149383310308255_482644939878002065_n-1.jpg\" alt=\"\" class=\"wp-image-4261\"\/><\/figure>\n\n\n\n<figure class=\"wp-block-image size-large\"><img loading=\"lazy\" decoding=\"async\" width=\"2048\" height=\"1536\" data-id=\"4260\" src=\"https:\/\/scoalanr178.ro\/wp-content\/uploads\/2025\/03\/481308603_1149383066974946_218619854249191311_n-1.jpg\" alt=\"\" class=\"wp-image-4260\"\/><\/figure>\n\n\n\n<figure class=\"wp-block-image size-large\"><img loading=\"lazy\" decoding=\"async\" width=\"2048\" height=\"1536\" data-id=\"4255\" src=\"https:\/\/scoalanr178.ro\/wp-content\/uploads\/2025\/03\/482078430_1149382973641622_2165263523425239296_n-1.jpg\" alt=\"\" class=\"wp-image-4255\"\/><\/figure>\n\n\n\n<figure class=\"wp-block-image size-large\"><img loading=\"lazy\" decoding=\"async\" width=\"2048\" height=\"1536\" data-id=\"4256\" src=\"https:\/\/scoalanr178.ro\/wp-content\/uploads\/2025\/03\/481503603_1149383053641614_2848823776436478465_n-1.jpg\" alt=\"\" class=\"wp-image-4256\"\/><\/figure>\n\n\n\n<figure class=\"wp-block-image size-large\"><img loading=\"lazy\" decoding=\"async\" width=\"2048\" height=\"1536\" data-id=\"4257\" src=\"https:\/\/scoalanr178.ro\/wp-content\/uploads\/2025\/03\/482088498_1149383100308276_2670417894509552898_n-1.jpg\" alt=\"\" class=\"wp-image-4257\"\/><\/figure>\n\n\n\n<figure class=\"wp-block-image size-large\"><img loading=\"lazy\" decoding=\"async\" width=\"2048\" height=\"1536\" data-id=\"4258\" src=\"https:\/\/scoalanr178.ro\/wp-content\/uploads\/2025\/03\/481105353_1149383323641587_4455460414716496783_n-1.jpg\" alt=\"\" class=\"wp-image-4258\"\/><\/figure>\n\n\n\n<figure class=\"wp-block-image size-large\"><img loading=\"lazy\" decoding=\"async\" width=\"2048\" height=\"1536\" data-id=\"4259\" src=\"https:\/\/scoalanr178.ro\/wp-content\/uploads\/2025\/03\/481076253_1149382993641620_2861724322423699781_n-1.jpg\" alt=\"\" class=\"wp-image-4259\"\/><\/figure>\n\n\n\n<figure class=\"wp-block-image size-large\"><img loading=\"lazy\" decoding=\"async\" width=\"2048\" height=\"1536\" data-id=\"4254\" src=\"https:\/\/scoalanr178.ro\/wp-content\/uploads\/2025\/03\/481161219_1149383333641586_3658277234832794888_n-1.jpg\" alt=\"\" class=\"wp-image-4254\"\/><\/figure>\n\n\n\n<figure class=\"wp-block-image size-large\"><img loading=\"lazy\" decoding=\"async\" width=\"2048\" height=\"1536\" data-id=\"4253\" src=\"https:\/\/scoalanr178.ro\/wp-content\/uploads\/2025\/03\/481261490_1149383050308281_9001090828871640991_n-1.jpg\" alt=\"\" class=\"wp-image-4253\"\/><\/figure>\n\n\n\n<figure class=\"wp-block-image size-large\"><img loading=\"lazy\" decoding=\"async\" width=\"1536\" height=\"2048\" data-id=\"4252\" src=\"https:\/\/scoalanr178.ro\/wp-content\/uploads\/2025\/03\/481164679_1149383306974922_7140531881463088875_n-1.jpg\" alt=\"\" class=\"wp-image-4252\"\/><\/figure>\n\n\n\n<figure class=\"wp-block-image size-large\"><img loading=\"lazy\" decoding=\"async\" width=\"2048\" height=\"1536\" data-id=\"4251\" src=\"https:\/\/scoalanr178.ro\/wp-content\/uploads\/2025\/03\/481094481_1149383283641591_2941006850173220117_n.jpg\" alt=\"\" class=\"wp-image-4251\"\/><\/figure>\n\n\n\n<figure class=\"wp-block-image size-large\"><img loading=\"lazy\" decoding=\"async\" width=\"2048\" height=\"1536\" data-id=\"4249\" src=\"https:\/\/scoalanr178.ro\/wp-content\/uploads\/2025\/03\/482274786_1149383336974919_3309292847071938805_n.jpg\" alt=\"\" class=\"wp-image-4249\"\/><\/figure>\n\n\n\n<figure class=\"wp-block-image size-large\"><img loading=\"lazy\" decoding=\"async\" width=\"2048\" height=\"1536\" data-id=\"4244\" src=\"https:\/\/scoalanr178.ro\/wp-content\/uploads\/2025\/03\/481019727_1149382950308291_5374431719017205947_n.jpg\" alt=\"\" class=\"wp-image-4244\"\/><\/figure>\n\n\n\n<figure class=\"wp-block-image size-large\"><img loading=\"lazy\" decoding=\"async\" width=\"2048\" height=\"1536\" data-id=\"4245\" src=\"https:\/\/scoalanr178.ro\/wp-content\/uploads\/2025\/03\/481208411_1149383060308280_7661807312155392294_n.jpg\" alt=\"\" class=\"wp-image-4245\"\/><\/figure>\n\n\n\n<figure class=\"wp-block-image size-large\"><img loading=\"lazy\" decoding=\"async\" width=\"2048\" height=\"1536\" data-id=\"4246\" src=\"https:\/\/scoalanr178.ro\/wp-content\/uploads\/2025\/03\/481667553_1149383326974920_1433012313702327895_n.jpg\" alt=\"\" class=\"wp-image-4246\"\/><\/figure>\n\n\n\n<figure class=\"wp-block-image size-large\"><img loading=\"lazy\" decoding=\"async\" width=\"1536\" height=\"2048\" data-id=\"4247\" src=\"https:\/\/scoalanr178.ro\/wp-content\/uploads\/2025\/03\/481334582_1149383276974925_938727903722060263_n.jpg\" alt=\"\" class=\"wp-image-4247\"\/><\/figure>\n\n\n\n<figure class=\"wp-block-image size-large\"><img loading=\"lazy\" decoding=\"async\" width=\"2048\" height=\"1536\" data-id=\"4248\" src=\"https:\/\/scoalanr178.ro\/wp-content\/uploads\/2025\/03\/481257018_1149382946974958_4951890368547230326_n.jpg\" alt=\"\" class=\"wp-image-4248\"\/><\/figure>\n\n\n\n<figure class=\"wp-block-image size-large\"><img loading=\"lazy\" decoding=\"async\" width=\"2048\" height=\"1536\" data-id=\"4243\" src=\"https:\/\/scoalanr178.ro\/wp-content\/uploads\/2025\/03\/481896676_1149383286974924_4342133977686784029_n.jpg\" alt=\"\" class=\"wp-image-4243\"\/><\/figure>\n\n\n\n<figure class=\"wp-block-image size-large\"><img loading=\"lazy\" decoding=\"async\" width=\"2048\" height=\"1536\" data-id=\"4242\" src=\"https:\/\/scoalanr178.ro\/wp-content\/uploads\/2025\/03\/481292893_1149382976974955_691355959475222070_n.jpg\" alt=\"\" class=\"wp-image-4242\"\/><\/figure>\n\n\n\n<figure class=\"wp-block-image size-large\"><img loading=\"lazy\" decoding=\"async\" width=\"1536\" height=\"2048\" data-id=\"4241\" src=\"https:\/\/scoalanr178.ro\/wp-content\/uploads\/2025\/03\/481008712_1149383076974945_4513834717625730394_n.jpg\" alt=\"\" class=\"wp-image-4241\"\/><\/figure>\n\n\n\n<figure class=\"wp-block-image size-large\"><img loading=\"lazy\" decoding=\"async\" width=\"2048\" height=\"1536\" data-id=\"4240\" src=\"https:\/\/scoalanr178.ro\/wp-content\/uploads\/2025\/03\/481448395_1149383406974912_2305241809911318675_n.jpg\" alt=\"\" class=\"wp-image-4240\"\/><\/figure>\n\n\n\n<figure class=\"wp-block-image size-large\"><img loading=\"lazy\" decoding=\"async\" width=\"2048\" height=\"1536\" data-id=\"4239\" src=\"https:\/\/scoalanr178.ro\/wp-content\/uploads\/2025\/03\/481196048_1149383376974915_5803520502592021020_n.jpg\" alt=\"\" class=\"wp-image-4239\"\/><\/figure>\n\n\n\n<figure class=\"wp-block-image size-large\"><img loading=\"lazy\" decoding=\"async\" width=\"2048\" height=\"1536\" data-id=\"4238\" src=\"https:\/\/scoalanr178.ro\/wp-content\/uploads\/2025\/03\/481446433_1149383330308253_7966165848467855554_n.jpg\" alt=\"\" class=\"wp-image-4238\"\/><\/figure>\n\n\n\n<figure class=\"wp-block-image size-large\"><img loading=\"lazy\" decoding=\"async\" width=\"1536\" height=\"2048\" data-id=\"4237\" src=\"https:\/\/scoalanr178.ro\/wp-content\/uploads\/2025\/03\/481077562_1149383340308252_5163533062994835777_n.jpg\" alt=\"\" class=\"wp-image-4237\"\/><\/figure>\n\n\n\n<figure class=\"wp-block-image size-large\"><img loading=\"lazy\" decoding=\"async\" width=\"2048\" height=\"1536\" data-id=\"4236\" src=\"https:\/\/scoalanr178.ro\/wp-content\/uploads\/2025\/03\/481943739_1149383400308246_846921771904572033_n.jpg\" alt=\"\" class=\"wp-image-4236\"\/><\/figure>\n\n\n\n<figure class=\"wp-block-image size-large\"><img loading=\"lazy\" decoding=\"async\" width=\"2048\" height=\"1536\" data-id=\"4235\" src=\"https:\/\/scoalanr178.ro\/wp-content\/uploads\/2025\/03\/481097853_1149383016974951_896032296701608487_n.jpg\" alt=\"\" class=\"wp-image-4235\"\/><\/figure>\n\n\n\n<figure class=\"wp-block-image size-large\"><img loading=\"lazy\" decoding=\"async\" width=\"2048\" height=\"1152\" data-id=\"4234\" src=\"https:\/\/scoalanr178.ro\/wp-content\/uploads\/2025\/03\/481342651_1149382986974954_4423215629859869819_n.jpg\" alt=\"\" class=\"wp-image-4234\"\/><\/figure>\n\n\n\n<figure class=\"wp-block-image size-large\"><img loading=\"lazy\" decoding=\"async\" width=\"1200\" height=\"1600\" data-id=\"4233\" src=\"https:\/\/scoalanr178.ro\/wp-content\/uploads\/2025\/03\/481239540_1149383083641611_2788362583133156191_n.jpg\" alt=\"\" class=\"wp-image-4233\"\/><\/figure>\n\n\n\n<figure class=\"wp-block-image size-large\"><img loading=\"lazy\" decoding=\"async\" width=\"1600\" height=\"1200\" data-id=\"4232\" src=\"https:\/\/scoalanr178.ro\/wp-content\/uploads\/2025\/03\/481007334_1149383403641579_4792037644220084172_n.jpg\" alt=\"\" class=\"wp-image-4232\"\/><\/figure>\n\n\n\n<figure class=\"wp-block-image size-large\"><img loading=\"lazy\" decoding=\"async\" width=\"2048\" height=\"1365\" data-id=\"4228\" src=\"https:\/\/scoalanr178.ro\/wp-content\/uploads\/2025\/03\/481465365_1149382936974959_76093029284377174_n-1.jpg\" alt=\"\" class=\"wp-image-4228\"\/><\/figure>\n\n\n\n<figure class=\"wp-block-image size-large\"><img loading=\"lazy\" decoding=\"async\" width=\"2048\" height=\"1365\" data-id=\"4231\" src=\"https:\/\/scoalanr178.ro\/wp-content\/uploads\/2025\/03\/481190132_1149382970308289_8053114461840888441_n-1.jpg\" alt=\"\" class=\"wp-image-4231\"\/><\/figure>\n\n\n\n<figure class=\"wp-block-image size-large\"><img loading=\"lazy\" decoding=\"async\" width=\"2048\" height=\"1365\" data-id=\"4230\" src=\"https:\/\/scoalanr178.ro\/wp-content\/uploads\/2025\/03\/482200536_1149383080308278_2797966020584400532_n-1.jpg\" alt=\"\" class=\"wp-image-4230\"\/><\/figure>\n\n\n\n<figure class=\"wp-block-image size-large\"><img loading=\"lazy\" decoding=\"async\" width=\"2048\" height=\"1365\" data-id=\"4229\" src=\"https:\/\/scoalanr178.ro\/wp-content\/uploads\/2025\/03\/481182229_1149383056974947_2270007067835980549_n-1.jpg\" alt=\"\" class=\"wp-image-4229\"\/><\/figure>\n<\/figure>\n\n\n\n<h2 class=\"wp-block-heading\">S\u0103pt\u0103m\u00e2na verde 22-26.04.2024 &#8211; Plantare si \u00eengrijire curtea \u0219colii<\/h2>\n\n\n\n<p>Elevii au avut oportunitatea de a participa la plantarea unor arbu\u0219ti \u0219i flori \u00een curtea \u0219colii sau \u00een ghivece mici \u0219i de a \u00eenv\u0103\u021ba despre necesit\u0103\u021bile lor de ap\u0103 \u0219i \u00eengrijire.<\/p>\n\n\n\n<p><br>Au participat la activit\u0103\u021bi de patrul\u0103 pentru reciclare, \u00een care elevii au fost implica\u021bi \u00een colectarea \u0219i sortarea de\u0219eurilor.<\/p>\n\n\n\n<p><br>Prin aceste activit\u0103\u021bi copiii au fost \u00eencuraja\u021bi s\u0103 continue s\u0103 aib\u0103 grij\u0103 de spa\u021biul verde creat \u0219i s\u0103 se implice \u00een alte activit\u0103\u021bi legate de mediu \u0219i sustenabilitate \u00een cadrul \u0218colii Verzi.<\/p>\n\n\n\n<figure class=\"wp-block-gallery has-nested-images columns-6 is-cropped wp-block-gallery-2 is-layout-flex wp-block-gallery-is-layout-flex\">\n<figure class=\"wp-block-image size-large\"><a href=\"https:\/\/scoalanr178.ro\/wp-content\/uploads\/2024\/05\/IMG_5725.jpg\"><img loading=\"lazy\" decoding=\"async\" width=\"4032\" height=\"3024\" data-id=\"3645\" src=\"https:\/\/scoalanr178.ro\/wp-content\/uploads\/2024\/05\/IMG_5725.jpg\" alt=\"\" class=\"wp-image-3645\"\/><\/a><\/figure>\n\n\n\n<figure class=\"wp-block-image size-large\"><a href=\"https:\/\/scoalanr178.ro\/wp-content\/uploads\/2024\/05\/IMG_5729.jpg\"><img loading=\"lazy\" decoding=\"async\" width=\"4032\" height=\"3024\" data-id=\"3646\" src=\"https:\/\/scoalanr178.ro\/wp-content\/uploads\/2024\/05\/IMG_5729.jpg\" alt=\"\" class=\"wp-image-3646\"\/><\/a><\/figure>\n\n\n\n<figure class=\"wp-block-image size-large\"><a href=\"https:\/\/scoalanr178.ro\/wp-content\/uploads\/2024\/05\/IMG_5731.jpg\"><img loading=\"lazy\" decoding=\"async\" width=\"4032\" height=\"3024\" data-id=\"3647\" src=\"https:\/\/scoalanr178.ro\/wp-content\/uploads\/2024\/05\/IMG_5731.jpg\" alt=\"\" class=\"wp-image-3647\"\/><\/a><\/figure>\n\n\n\n<figure class=\"wp-block-image size-large\"><a href=\"https:\/\/scoalanr178.ro\/wp-content\/uploads\/2024\/05\/IMG_5733.jpg\"><img loading=\"lazy\" decoding=\"async\" width=\"4032\" height=\"3024\" data-id=\"3648\" src=\"https:\/\/scoalanr178.ro\/wp-content\/uploads\/2024\/05\/IMG_5733.jpg\" alt=\"\" class=\"wp-image-3648\"\/><\/a><\/figure>\n\n\n\n<figure class=\"wp-block-image size-large\"><a href=\"https:\/\/scoalanr178.ro\/wp-content\/uploads\/2024\/05\/IMG_5740.jpg\"><img loading=\"lazy\" decoding=\"async\" width=\"4032\" height=\"3024\" data-id=\"3649\" src=\"https:\/\/scoalanr178.ro\/wp-content\/uploads\/2024\/05\/IMG_5740.jpg\" alt=\"\" class=\"wp-image-3649\"\/><\/a><\/figure>\n\n\n\n<figure class=\"wp-block-image size-large\"><a href=\"https:\/\/scoalanr178.ro\/wp-content\/uploads\/2024\/05\/IMG_5741.jpg\"><img loading=\"lazy\" decoding=\"async\" width=\"4032\" height=\"3024\" data-id=\"3650\" src=\"https:\/\/scoalanr178.ro\/wp-content\/uploads\/2024\/05\/IMG_5741.jpg\" alt=\"\" class=\"wp-image-3650\"\/><\/a><\/figure>\n\n\n\n<figure class=\"wp-block-image size-large\"><a href=\"https:\/\/scoalanr178.ro\/wp-content\/uploads\/2024\/05\/IMG_5784.jpg\"><img loading=\"lazy\" decoding=\"async\" width=\"4032\" height=\"3024\" data-id=\"3651\" src=\"https:\/\/scoalanr178.ro\/wp-content\/uploads\/2024\/05\/IMG_5784.jpg\" alt=\"\" class=\"wp-image-3651\"\/><\/a><\/figure>\n\n\n\n<figure class=\"wp-block-image size-large\"><a href=\"https:\/\/scoalanr178.ro\/wp-content\/uploads\/2024\/05\/IMG_5786.jpg\"><img loading=\"lazy\" decoding=\"async\" width=\"4032\" height=\"3024\" data-id=\"3652\" src=\"https:\/\/scoalanr178.ro\/wp-content\/uploads\/2024\/05\/IMG_5786.jpg\" alt=\"\" class=\"wp-image-3652\"\/><\/a><\/figure>\n\n\n\n<figure class=\"wp-block-image size-large\"><a href=\"https:\/\/scoalanr178.ro\/wp-content\/uploads\/2024\/05\/IMG_5799.jpg\"><img loading=\"lazy\" decoding=\"async\" width=\"4032\" height=\"3024\" data-id=\"3653\" src=\"https:\/\/scoalanr178.ro\/wp-content\/uploads\/2024\/05\/IMG_5799.jpg\" alt=\"\" class=\"wp-image-3653\"\/><\/a><\/figure>\n\n\n\n<figure class=\"wp-block-image size-large\"><a href=\"https:\/\/scoalanr178.ro\/wp-content\/uploads\/2024\/05\/IMG_5800.jpg\"><img loading=\"lazy\" decoding=\"async\" width=\"4032\" height=\"3024\" data-id=\"3654\" src=\"https:\/\/scoalanr178.ro\/wp-content\/uploads\/2024\/05\/IMG_5800.jpg\" alt=\"\" class=\"wp-image-3654\"\/><\/a><\/figure>\n\n\n\n<figure class=\"wp-block-image size-large\"><a href=\"https:\/\/scoalanr178.ro\/wp-content\/uploads\/2024\/05\/WhatsApp-Image-2024-04-25-at-17.52.31.jpeg\"><img loading=\"lazy\" decoding=\"async\" width=\"2048\" height=\"1536\" data-id=\"3655\" src=\"https:\/\/scoalanr178.ro\/wp-content\/uploads\/2024\/05\/WhatsApp-Image-2024-04-25-at-17.52.31.jpeg\" alt=\"\" class=\"wp-image-3655\"\/><\/a><\/figure>\n<\/figure>\n","protected":false},"excerpt":{"rendered":"<p>S\u0103pt\u0103m\u00e2na verde-Festivalul Toamnei Prima edi\u021bie a \u201dFestivalului Toamnei\u201d organizat \u00een \u201dS\u0103pt\u0103m\u00e2na verde\u201d, cu implicarea deosebit\u0103 a elevilor din clasele primare \u0219i gimnaziale, a p\u0103rin\u021bilor, a cadrelor didactice \u0219i a colaboratorilor. S-au desf\u0103\u0219urat ateliere de motricitate, de pictur\u0103 &#8211; dovleci, frunze, me\u0219te\u0219ug\u0103resc &#8211; br\u00e2ie, m\u0103rgele, de ol\u0103rit , producerea mustului &#8211; produse eco \u2022 spectacol de dansuri tradi\u021bionale rom\u00e2ne\u0219ti \u2022 expozi\u021bie cu produse de toamn\u0103 (cu degustare) Felicit\u0103ri tuturor pentru organizarea standurilor \u0219i comercializarea produselor preg\u0103tite! A fost o zi minunat\u0103 \u00een care s-a \u00eempletit at\u00e2t de frumos bucuria tuturor copiilor \u0219i a celor din jurul lor, cu nevoia de energie pozitiva transmis\u0103 celei care are<span class=\"more-link-wrap\"><a class=\"more-link\" href=\"https:\/\/scoalanr178.ro\/?page_id=3644\">Read More &rarr;<\/a><\/span><\/p>\n","protected":false},"author":1,"featured_media":0,"parent":0,"menu_order":0,"comment_status":"closed","ping_status":"closed","template":"","meta":{"footnotes":""},"class_list":["entry","author-stefan-gheorghe","post-3644","page","type-page","status-publish"],"_links":{"self":[{"href":"https:\/\/scoalanr178.ro\/index.php?rest_route=\/wp\/v2\/pages\/3644","targetHints":{"allow":["GET"]}}],"collection":[{"href":"https:\/\/scoalanr178.ro\/index.php?rest_route=\/wp\/v2\/pages"}],"about":[{"href":"https:\/\/scoalanr178.ro\/index.php?rest_route=\/wp\/v2\/types\/page"}],"author":[{"embeddable":true,"href":"https:\/\/scoalanr178.ro\/index.php?rest_route=\/wp\/v2\/users\/1"}],"replies":[{"embeddable":true,"href":"https:\/\/scoalanr178.ro\/index.php?rest_route=%2Fwp%2Fv2%2Fcomments&post=3644"}],"version-history":[{"count":4,"href":"https:\/\/scoalanr178.ro\/index.php?rest_route=\/wp\/v2\/pages\/3644\/revisions"}],"predecessor-version":[{"id":4266,"href":"https:\/\/scoalanr178.ro\/index.php?rest_route=\/wp\/v2\/pages\/3644\/revisions\/4266"}],"wp:attachment":[{"href":"https:\/\/scoalanr178.ro\/index.php?rest_route=%2Fwp%2Fv2%2Fmedia&parent=3644"}],"curies":[{"name":"wp","href":"https:\/\/api.w.org\/{rel}","templated":true}]}}