{"id":3640,"date":"2024-05-08T17:28:15","date_gmt":"2024-05-08T17:28:15","guid":{"rendered":"https:\/\/scoalanr178.ro\/?page_id=3640"},"modified":"2024-05-08T17:28:17","modified_gmt":"2024-05-08T17:28:17","slug":"informatii-acces-teren-de-sport-conform-legii-8-2023","status":"publish","type":"page","link":"https:\/\/scoalanr178.ro\/?page_id=3640","title":{"rendered":"Informa\u021bii acces teren de sport conform Legii 8\/2023"},"content":{"rendered":"\n<h2 class=\"wp-block-heading\"><strong>Anun\u021b acces teren de sport<\/strong><\/h2>\n\n\n\n<div class=\"wp-block-file\"><a id=\"wp-block-file--media-593f1d33-7002-4f26-af48-b377f408416b\" href=\"https:\/\/scoalanr178.ro\/wp-content\/uploads\/2022\/08\/Anunt-acces-teren-de-sport.pdf\">Anunt acces teren de sport<\/a><a href=\"https:\/\/scoalanr178.ro\/wp-content\/uploads\/2022\/08\/Anunt-acces-teren-de-sport.pdf\" class=\"wp-block-file__button wp-element-button\" download aria-describedby=\"wp-block-file--media-593f1d33-7002-4f26-af48-b377f408416b\">Download<\/a><\/div>\n\n\n\n<div class=\"wp-block-file\"><a id=\"wp-block-file--media-e28915a5-7fa2-45fa-939a-936f693120a3\" href=\"https:\/\/scoalanr178.ro\/wp-content\/uploads\/2022\/08\/Declaratie-teren.pdf\">Declaratie teren<\/a><a href=\"https:\/\/scoalanr178.ro\/wp-content\/uploads\/2022\/08\/Declaratie-teren.pdf\" class=\"wp-block-file__button wp-element-button\" download aria-describedby=\"wp-block-file--media-e28915a5-7fa2-45fa-939a-936f693120a3\">Download<\/a><\/div>\n\n\n\n<div class=\"wp-block-file\"><a id=\"wp-block-file--media-51bf4774-c3ae-45ff-9b1c-4488f63c1073\" href=\"https:\/\/scoalanr178.ro\/wp-content\/uploads\/2022\/08\/ROI-1908_15.07.2022-teren-sporitv.pdf\">ROI 1908_15.07.2022 teren sporitv<\/a><a href=\"https:\/\/scoalanr178.ro\/wp-content\/uploads\/2022\/08\/ROI-1908_15.07.2022-teren-sporitv.pdf\" class=\"wp-block-file__button wp-element-button\" download aria-describedby=\"wp-block-file--media-51bf4774-c3ae-45ff-9b1c-4488f63c1073\">Download<\/a><\/div>\n\n\n\n<p><strong>Legea nr. 8\/2023 pentru modificarea \u015fi completarea art. 6 din Legea educa\u0163iei fizice \u015fi sportului nr. 69\/2000<\/strong><\/p>\n\n\n\n<div class=\"wp-block-columns is-layout-flex wp-container-core-columns-is-layout-9d6595d7 wp-block-columns-is-layout-flex\">\n<div class=\"wp-block-column is-layout-flow wp-block-column-is-layout-flow\">\n<div class=\"wp-block-file\"><a id=\"wp-block-file--media-962793aa-f0a7-469d-9dc2-98d09ea8523e\" href=\"https:\/\/scoalanr178.ro\/wp-content\/uploads\/2023\/06\/legea-nr-8-2023-pentru-modificarea-si-completarea-art-6-din-legea-educatiei-fizice-si-sportului-nr-69-2000-1.pdf\">legea-nr-8-2023-pentru-modificarea-si-completarea-art-6-din-legea-educatiei-fizice-si-sportului-nr-69-2000<\/a><a href=\"https:\/\/scoalanr178.ro\/wp-content\/uploads\/2023\/06\/legea-nr-8-2023-pentru-modificarea-si-completarea-art-6-din-legea-educatiei-fizice-si-sportului-nr-69-2000-1.pdf\" class=\"wp-block-file__button wp-element-button\" download aria-describedby=\"wp-block-file--media-962793aa-f0a7-469d-9dc2-98d09ea8523e\">Download<\/a><\/div>\n<\/div>\n\n\n\n<div class=\"wp-block-column is-layout-flow wp-block-column-is-layout-flow\">\n<div class=\"wp-block-file\"><a id=\"wp-block-file--media-c539efa1-f75b-4de2-a2eb-829906ac32bb\" href=\"https:\/\/scoalanr178.ro\/wp-content\/uploads\/2023\/06\/Hot-10_03.05.2023-CA-Legea-8-2023.pdf\">Hot 10_03.05.2023 CA -Legea 8 2023<\/a><a href=\"https:\/\/scoalanr178.ro\/wp-content\/uploads\/2023\/06\/Hot-10_03.05.2023-CA-Legea-8-2023.pdf\" class=\"wp-block-file__button wp-element-button\" download aria-describedby=\"wp-block-file--media-c539efa1-f75b-4de2-a2eb-829906ac32bb\">Download<\/a><\/div>\n<\/div>\n<\/div>\n","protected":false},"excerpt":{"rendered":"<p>Anun\u021b acces teren de sport Legea nr. 8\/2023 pentru modificarea \u015fi completarea art. 6 din Legea educa\u0163iei fizice \u015fi sportului nr. 69\/2000<span class=\"more-link-wrap\"><a class=\"more-link\" href=\"https:\/\/scoalanr178.ro\/?page_id=3640\">Read More &rarr;<\/a><\/span><\/p>\n","protected":false},"author":1,"featured_media":0,"parent":0,"menu_order":0,"comment_status":"closed","ping_status":"closed","template":"","meta":{"footnotes":""},"class_list":["entry","author-stefan-gheorghe","post-3640","page","type-page","status-publish"],"_links":{"self":[{"href":"https:\/\/scoalanr178.ro\/index.php?rest_route=\/wp\/v2\/pages\/3640","targetHints":{"allow":["GET"]}}],"collection":[{"href":"https:\/\/scoalanr178.ro\/index.php?rest_route=\/wp\/v2\/pages"}],"about":[{"href":"https:\/\/scoalanr178.ro\/index.php?rest_route=\/wp\/v2\/types\/page"}],"author":[{"embeddable":true,"href":"https:\/\/scoalanr178.ro\/index.php?rest_route=\/wp\/v2\/users\/1"}],"replies":[{"embeddable":true,"href":"https:\/\/scoalanr178.ro\/index.php?rest_route=%2Fwp%2Fv2%2Fcomments&post=3640"}],"version-history":[{"count":1,"href":"https:\/\/scoalanr178.ro\/index.php?rest_route=\/wp\/v2\/pages\/3640\/revisions"}],"predecessor-version":[{"id":3641,"href":"https:\/\/scoalanr178.ro\/index.php?rest_route=\/wp\/v2\/pages\/3640\/revisions\/3641"}],"wp:attachment":[{"href":"https:\/\/scoalanr178.ro\/index.php?rest_route=%2Fwp%2Fv2%2Fmedia&parent=3640"}],"curies":[{"name":"wp","href":"https:\/\/api.w.org\/{rel}","templated":true}]}}