{"id":2653,"date":"2023-04-20T15:27:54","date_gmt":"2023-04-20T15:27:54","guid":{"rendered":"https:\/\/scoalanr178.ro\/?page_id=2653"},"modified":"2023-04-20T15:27:54","modified_gmt":"2023-04-20T15:27:54","slug":"eco-schools-2023","status":"publish","type":"page","link":"https:\/\/scoalanr178.ro\/?page_id=2653","title":{"rendered":"ECO &#8211; SCHOOLS 2023"},"content":{"rendered":"\n<h2 class=\"wp-block-heading\">ECO-School &#8211; &nbsp;Ziua Mondial\u0103 a P\u0103m\u00e2ntului<\/h2>\n\n\n\n<p>&nbsp; &nbsp;\u00cen fiecare an pe data de 22 aprilie celebr\u0103m&nbsp;<strong>Ziua P\u0103m\u00e2ntului&nbsp;<\/strong>pentru a ne reaminti c\u0103 planeta P\u0103m\u00e2nt \u0219i ecosistemele sale ne ofer\u0103 condi\u021biile necesare pentru \u00eentre\u021binerea vie\u021bii.<\/p>\n\n\n\n<p>&nbsp;&nbsp;&nbsp;&nbsp;&nbsp; Pentru a marca aceast\u0103 zi foarte important\u0103, elevii au plantat r\u0103saduri de legume, ro\u0219ii, castrave\u021bi, salat\u0103, morcovi, urm\u00e2nd s\u0103 fie transplantate apoi \u00een gr\u0103dina de legume a \u0219colii.<\/p>\n\n\n\n<figure class=\"wp-block-gallery has-nested-images columns-5 is-cropped wp-block-gallery-1 is-layout-flex wp-block-gallery-is-layout-flex\">\n<figure class=\"wp-block-image size-thumbnail\"><a href=\"https:\/\/scoalanr178.ro\/wp-content\/uploads\/2023\/04\/c3a9c697-aa74-4845-bc2f-82cc6f08da1c.jpg\"><img decoding=\"async\" data-id=\"2710\" src=\"https:\/\/scoalanr178.ro\/wp-content\/uploads\/2023\/04\/c3a9c697-aa74-4845-bc2f-82cc6f08da1c-150x150.jpg\" alt=\"\" class=\"wp-image-2710\"\/><\/a><\/figure>\n\n\n\n<figure class=\"wp-block-image size-thumbnail\"><a href=\"https:\/\/scoalanr178.ro\/wp-content\/uploads\/2023\/04\/9369459f-6d0a-4310-bba6-30966852a1cb.jpg\"><img decoding=\"async\" data-id=\"2711\" src=\"https:\/\/scoalanr178.ro\/wp-content\/uploads\/2023\/04\/9369459f-6d0a-4310-bba6-30966852a1cb-150x150.jpg\" alt=\"\" class=\"wp-image-2711\"\/><\/a><\/figure>\n\n\n\n<figure class=\"wp-block-image size-thumbnail\"><a href=\"https:\/\/scoalanr178.ro\/wp-content\/uploads\/2023\/04\/e7b04a61-958d-44a3-b3df-8feaebbf5dbf.jpg\"><img decoding=\"async\" data-id=\"2712\" src=\"https:\/\/scoalanr178.ro\/wp-content\/uploads\/2023\/04\/e7b04a61-958d-44a3-b3df-8feaebbf5dbf-150x150.jpg\" alt=\"\" class=\"wp-image-2712\"\/><\/a><\/figure>\n\n\n\n<figure class=\"wp-block-image size-thumbnail\"><a href=\"https:\/\/scoalanr178.ro\/wp-content\/uploads\/2023\/04\/a948d646-4fe8-47e7-8fd6-7179ad758997.jpg\"><img decoding=\"async\" data-id=\"2713\" src=\"https:\/\/scoalanr178.ro\/wp-content\/uploads\/2023\/04\/a948d646-4fe8-47e7-8fd6-7179ad758997-150x150.jpg\" alt=\"\" class=\"wp-image-2713\"\/><\/a><\/figure>\n\n\n\n<figure class=\"wp-block-image size-thumbnail\"><a href=\"https:\/\/scoalanr178.ro\/wp-content\/uploads\/2023\/04\/291a58cb-2d8a-4e7a-9004-7048ef87302e.jpg\"><img decoding=\"async\" data-id=\"2714\" src=\"https:\/\/scoalanr178.ro\/wp-content\/uploads\/2023\/04\/291a58cb-2d8a-4e7a-9004-7048ef87302e-150x150.jpg\" alt=\"\" class=\"wp-image-2714\"\/><\/a><\/figure>\n\n\n\n<figure class=\"wp-block-image size-thumbnail\"><a href=\"https:\/\/scoalanr178.ro\/wp-content\/uploads\/2023\/04\/83ff6e82-2e3d-4e36-9125-4a26a8519d03.jpg\"><img decoding=\"async\" data-id=\"2715\" src=\"https:\/\/scoalanr178.ro\/wp-content\/uploads\/2023\/04\/83ff6e82-2e3d-4e36-9125-4a26a8519d03-150x150.jpg\" alt=\"\" class=\"wp-image-2715\"\/><\/a><\/figure>\n\n\n\n<figure class=\"wp-block-image size-thumbnail\"><a href=\"https:\/\/scoalanr178.ro\/wp-content\/uploads\/2023\/04\/61261479-a5c3-43b5-a152-a0eccadf1c86.jpg\"><img decoding=\"async\" data-id=\"2716\" src=\"https:\/\/scoalanr178.ro\/wp-content\/uploads\/2023\/04\/61261479-a5c3-43b5-a152-a0eccadf1c86-150x150.jpg\" alt=\"\" class=\"wp-image-2716\"\/><\/a><\/figure>\n\n\n\n<figure class=\"wp-block-image size-thumbnail\"><a href=\"https:\/\/scoalanr178.ro\/wp-content\/uploads\/2023\/04\/532e8895-0aca-44d2-a86e-dcf156219a36.jpg\"><img decoding=\"async\" data-id=\"2717\" src=\"https:\/\/scoalanr178.ro\/wp-content\/uploads\/2023\/04\/532e8895-0aca-44d2-a86e-dcf156219a36-150x150.jpg\" alt=\"\" class=\"wp-image-2717\"\/><\/a><\/figure>\n\n\n\n<figure class=\"wp-block-image size-thumbnail\"><a href=\"https:\/\/scoalanr178.ro\/wp-content\/uploads\/2023\/04\/ea180667-4717-4d19-95e2-207c8c89bb2c.jpg\"><img decoding=\"async\" data-id=\"2718\" src=\"https:\/\/scoalanr178.ro\/wp-content\/uploads\/2023\/04\/ea180667-4717-4d19-95e2-207c8c89bb2c-150x150.jpg\" alt=\"\" class=\"wp-image-2718\"\/><\/a><\/figure>\n<\/figure>\n\n\n\n<hr class=\"wp-block-separator has-alpha-channel-opacity is-style-wide\"\/>\n\n\n\n<h2 class=\"wp-block-heading\">ECO-School &#8211; T\u00e2rgul de Pa\u0219te<\/h2>\n\n\n\n<p>Elevii \u0219colii noastre \u00eempreun\u0103 cu p\u0103rin\u021bii \u0219i cadrele didactice au realizat \u00een cadrul acestei activit\u0103\u021bi, multe decora\u021biuni de Pa\u0219te din materiale reciclabile, h\u00e2rtie, carton, peturi, pentru a scoate \u00een eviden\u021b\u0103 importan\u021ba recicl\u0103rii, mai ale \u00een cadrul comunit\u0103\u021bii noastre, d\u00e2nd un bun exemplu \u0219i altor \u0219coli. Au realizat \u0219i dulciuri din ingrediente s\u0103n\u0103toase \u0219i gustoase, promov\u00e2nd un stil de via\u021b\u0103 s\u0103n\u0103tos \u0219i frumos.<\/p>\n\n\n\n<figure class=\"wp-block-gallery has-nested-images columns-6 is-cropped wp-block-gallery-2 is-layout-flex wp-block-gallery-is-layout-flex\">\n<figure class=\"wp-block-image size-thumbnail\"><a href=\"https:\/\/scoalanr178.ro\/wp-content\/uploads\/2023\/04\/a5664c77-5a90-408f-b6bc-2ede3b582a31.jpg\"><img decoding=\"async\" data-id=\"2686\" src=\"https:\/\/scoalanr178.ro\/wp-content\/uploads\/2023\/04\/a5664c77-5a90-408f-b6bc-2ede3b582a31-150x150.jpg\" alt=\"\" class=\"wp-image-2686\"\/><\/a><\/figure>\n\n\n\n<figure class=\"wp-block-image size-thumbnail\"><a href=\"https:\/\/scoalanr178.ro\/wp-content\/uploads\/2023\/04\/c401f2ee-ee45-473a-932e-8fde1fded238.jpg\"><img decoding=\"async\" data-id=\"2687\" src=\"https:\/\/scoalanr178.ro\/wp-content\/uploads\/2023\/04\/c401f2ee-ee45-473a-932e-8fde1fded238-150x150.jpg\" alt=\"\" class=\"wp-image-2687\"\/><\/a><\/figure>\n\n\n\n<figure class=\"wp-block-image size-thumbnail\"><a href=\"https:\/\/scoalanr178.ro\/wp-content\/uploads\/2023\/04\/c502b442-bbec-45a3-b1b9-e5cf991a450f.jpg\"><img decoding=\"async\" data-id=\"2688\" src=\"https:\/\/scoalanr178.ro\/wp-content\/uploads\/2023\/04\/c502b442-bbec-45a3-b1b9-e5cf991a450f-150x150.jpg\" alt=\"\" class=\"wp-image-2688\"\/><\/a><\/figure>\n\n\n\n<figure class=\"wp-block-image size-thumbnail\"><a href=\"https:\/\/scoalanr178.ro\/wp-content\/uploads\/2023\/04\/d97b4071-334a-40df-87ad-6930e0741069.jpg\"><img decoding=\"async\" data-id=\"2689\" src=\"https:\/\/scoalanr178.ro\/wp-content\/uploads\/2023\/04\/d97b4071-334a-40df-87ad-6930e0741069-150x150.jpg\" alt=\"\" class=\"wp-image-2689\"\/><\/a><\/figure>\n\n\n\n<figure class=\"wp-block-image size-thumbnail\"><a href=\"https:\/\/scoalanr178.ro\/wp-content\/uploads\/2023\/04\/eda334bd-8f10-4824-8584-4342b70a9639.jpg\"><img decoding=\"async\" data-id=\"2690\" src=\"https:\/\/scoalanr178.ro\/wp-content\/uploads\/2023\/04\/eda334bd-8f10-4824-8584-4342b70a9639-150x150.jpg\" alt=\"\" class=\"wp-image-2690\"\/><\/a><\/figure>\n\n\n\n<figure class=\"wp-block-image size-thumbnail\"><a href=\"https:\/\/scoalanr178.ro\/wp-content\/uploads\/2023\/04\/FUMD3558.jpg\"><img decoding=\"async\" data-id=\"2691\" src=\"https:\/\/scoalanr178.ro\/wp-content\/uploads\/2023\/04\/FUMD3558-150x150.jpg\" alt=\"\" class=\"wp-image-2691\"\/><\/a><\/figure>\n\n\n\n<figure class=\"wp-block-image size-thumbnail\"><a href=\"https:\/\/scoalanr178.ro\/wp-content\/uploads\/2023\/04\/IMG_4510-scaled.jpg\"><img decoding=\"async\" data-id=\"2692\" src=\"https:\/\/scoalanr178.ro\/wp-content\/uploads\/2023\/04\/IMG_4510-150x150.jpg\" alt=\"\" class=\"wp-image-2692\"\/><\/a><\/figure>\n\n\n\n<figure class=\"wp-block-image size-thumbnail\"><a href=\"https:\/\/scoalanr178.ro\/wp-content\/uploads\/2023\/04\/IMG_4639-scaled.jpg\"><img decoding=\"async\" data-id=\"2693\" src=\"https:\/\/scoalanr178.ro\/wp-content\/uploads\/2023\/04\/IMG_4639-150x150.jpg\" alt=\"\" class=\"wp-image-2693\"\/><\/a><\/figure>\n\n\n\n<figure class=\"wp-block-image size-thumbnail\"><a href=\"https:\/\/scoalanr178.ro\/wp-content\/uploads\/2023\/04\/IMG_4684-scaled.jpg\"><img decoding=\"async\" data-id=\"2694\" src=\"https:\/\/scoalanr178.ro\/wp-content\/uploads\/2023\/04\/IMG_4684-150x150.jpg\" alt=\"\" class=\"wp-image-2694\"\/><\/a><\/figure>\n\n\n\n<figure class=\"wp-block-image size-thumbnail\"><a href=\"https:\/\/scoalanr178.ro\/wp-content\/uploads\/2023\/04\/IMG_4697-scaled.jpg\"><img decoding=\"async\" data-id=\"2695\" src=\"https:\/\/scoalanr178.ro\/wp-content\/uploads\/2023\/04\/IMG_4697-150x150.jpg\" alt=\"\" class=\"wp-image-2695\"\/><\/a><\/figure>\n\n\n\n<figure class=\"wp-block-image size-thumbnail\"><a href=\"https:\/\/scoalanr178.ro\/wp-content\/uploads\/2023\/04\/IMG_4718-scaled.jpg\"><img decoding=\"async\" data-id=\"2696\" src=\"https:\/\/scoalanr178.ro\/wp-content\/uploads\/2023\/04\/IMG_4718-150x150.jpg\" alt=\"\" class=\"wp-image-2696\"\/><\/a><\/figure>\n\n\n\n<figure class=\"wp-block-image size-thumbnail\"><a href=\"https:\/\/scoalanr178.ro\/wp-content\/uploads\/2023\/04\/1a781ce1-28cb-4a4e-948b-d3508de8004d.jpg\"><img decoding=\"async\" data-id=\"2697\" src=\"https:\/\/scoalanr178.ro\/wp-content\/uploads\/2023\/04\/1a781ce1-28cb-4a4e-948b-d3508de8004d-150x150.jpg\" alt=\"\" class=\"wp-image-2697\"\/><\/a><\/figure>\n\n\n\n<figure class=\"wp-block-image size-thumbnail\"><a href=\"https:\/\/scoalanr178.ro\/wp-content\/uploads\/2023\/04\/7e6e7490-238a-4556-88e3-8bc0910984ed.jpg\"><img decoding=\"async\" data-id=\"2698\" src=\"https:\/\/scoalanr178.ro\/wp-content\/uploads\/2023\/04\/7e6e7490-238a-4556-88e3-8bc0910984ed-150x150.jpg\" alt=\"\" class=\"wp-image-2698\"\/><\/a><\/figure>\n\n\n\n<figure class=\"wp-block-image size-thumbnail\"><a href=\"https:\/\/scoalanr178.ro\/wp-content\/uploads\/2023\/04\/11e4db65-6cf5-4b70-9f04-4c5851e901d7.jpg\"><img decoding=\"async\" data-id=\"2699\" src=\"https:\/\/scoalanr178.ro\/wp-content\/uploads\/2023\/04\/11e4db65-6cf5-4b70-9f04-4c5851e901d7-150x150.jpg\" alt=\"\" class=\"wp-image-2699\"\/><\/a><\/figure>\n\n\n\n<figure class=\"wp-block-image size-thumbnail\"><a href=\"https:\/\/scoalanr178.ro\/wp-content\/uploads\/2023\/04\/48e9fd20-8ea1-49e6-a381-571145f07476.jpg\"><img decoding=\"async\" data-id=\"2700\" src=\"https:\/\/scoalanr178.ro\/wp-content\/uploads\/2023\/04\/48e9fd20-8ea1-49e6-a381-571145f07476-150x150.jpg\" alt=\"\" class=\"wp-image-2700\"\/><\/a><\/figure>\n\n\n\n<figure class=\"wp-block-image size-thumbnail\"><a href=\"https:\/\/scoalanr178.ro\/wp-content\/uploads\/2023\/04\/79a92315-3317-425a-af2a-ee398e09815d.jpg\"><img decoding=\"async\" data-id=\"2701\" src=\"https:\/\/scoalanr178.ro\/wp-content\/uploads\/2023\/04\/79a92315-3317-425a-af2a-ee398e09815d-150x150.jpg\" alt=\"\" class=\"wp-image-2701\"\/><\/a><\/figure>\n\n\n\n<figure class=\"wp-block-image size-thumbnail\"><a href=\"https:\/\/scoalanr178.ro\/wp-content\/uploads\/2023\/04\/a33fa54d-fd0f-4b6c-80a0-d9af64ce0695.jpg\"><img decoding=\"async\" data-id=\"2702\" src=\"https:\/\/scoalanr178.ro\/wp-content\/uploads\/2023\/04\/a33fa54d-fd0f-4b6c-80a0-d9af64ce0695-150x150.jpg\" alt=\"\" class=\"wp-image-2702\"\/><\/a><\/figure>\n<\/figure>\n\n\n\n<hr class=\"wp-block-separator has-alpha-channel-opacity is-style-wide\"\/>\n\n\n\n<h2 class=\"wp-block-heading\">ECO-School &#8211; 15.03.2023- 15.04.2023<\/h2>\n\n\n\n<p><strong> Luna P\u0103durii<\/strong><\/p>\n\n\n\n<p>\u00cen cadrul acestei campanii de activit\u0103\u021bi practice\/aplicative pentru observarea habitatului esen\u021bial al vie\u021bii pe p\u0103m\u00e2nt, care are \u00een prim plan eviden\u021bierea rolului \u0219i importan\u021bei p\u0103durii \u00een men\u021binerea echilibrului \u00een natur\u0103. elevii \u0219colii au fost \u00een drume\u021bii pentru a studia ecosistemul unei p\u0103duri.<\/p>\n\n\n\n<figure class=\"wp-block-gallery has-nested-images columns-5 is-cropped wp-block-gallery-3 is-layout-flex wp-block-gallery-is-layout-flex\">\n<figure class=\"wp-block-image size-thumbnail\"><a href=\"https:\/\/scoalanr178.ro\/wp-content\/uploads\/2023\/04\/c59bb6bc-1da2-4b91-aed1-c0d38ba528bc.jpg\"><img decoding=\"async\" data-id=\"2678\" src=\"https:\/\/scoalanr178.ro\/wp-content\/uploads\/2023\/04\/c59bb6bc-1da2-4b91-aed1-c0d38ba528bc-150x150.jpg\" alt=\"\" class=\"wp-image-2678\"\/><\/a><\/figure>\n\n\n\n<figure class=\"wp-block-image size-thumbnail\"><a href=\"https:\/\/scoalanr178.ro\/wp-content\/uploads\/2023\/04\/52c0eccb-fbb3-4217-be6e-02c2d0c53933.jpg\"><img decoding=\"async\" data-id=\"2679\" src=\"https:\/\/scoalanr178.ro\/wp-content\/uploads\/2023\/04\/52c0eccb-fbb3-4217-be6e-02c2d0c53933-150x150.jpg\" alt=\"\" class=\"wp-image-2679\"\/><\/a><\/figure>\n\n\n\n<figure class=\"wp-block-image size-thumbnail\"><a href=\"https:\/\/scoalanr178.ro\/wp-content\/uploads\/2023\/04\/76650b73-9c87-4cd2-b571-cb5461a8f558.jpg\"><img decoding=\"async\" data-id=\"2680\" src=\"https:\/\/scoalanr178.ro\/wp-content\/uploads\/2023\/04\/76650b73-9c87-4cd2-b571-cb5461a8f558-150x150.jpg\" alt=\"\" class=\"wp-image-2680\"\/><\/a><\/figure>\n\n\n\n<figure class=\"wp-block-image size-thumbnail\"><a href=\"https:\/\/scoalanr178.ro\/wp-content\/uploads\/2023\/04\/ca161f5f-2356-469c-87d3-bf3367a3e785.jpg\"><img decoding=\"async\" data-id=\"2681\" src=\"https:\/\/scoalanr178.ro\/wp-content\/uploads\/2023\/04\/ca161f5f-2356-469c-87d3-bf3367a3e785-150x150.jpg\" alt=\"\" class=\"wp-image-2681\"\/><\/a><\/figure>\n\n\n\n<figure class=\"wp-block-image size-thumbnail\"><a href=\"https:\/\/scoalanr178.ro\/wp-content\/uploads\/2023\/04\/d2d2e8fb-8a0b-48dd-a037-c82091acf560.jpg\"><img decoding=\"async\" data-id=\"2682\" src=\"https:\/\/scoalanr178.ro\/wp-content\/uploads\/2023\/04\/d2d2e8fb-8a0b-48dd-a037-c82091acf560-150x150.jpg\" alt=\"\" class=\"wp-image-2682\"\/><\/a><\/figure>\n<\/figure>\n\n\n\n<hr class=\"wp-block-separator has-alpha-channel-opacity is-style-wide\"\/>\n\n\n\n<h2 class=\"wp-block-heading\">ECO-School &#8211; 22 Martie 2023<\/h2>\n\n\n\n<p>S\u0103rb\u0103torirea <strong>Zilei Mondiale a Apei<\/strong> are ca scop aducerea \u00een aten\u021bia opiniei publice a problemelor legate de necesitatea protej\u0103rii cantitative \u0219i calitative a apelor \u0219i de a pune \u00een adev\u0103rata lumin\u0103 rolul, \u00eendatoririle \u0219i responsabilit\u0103\u021bile celor cu atribu\u021bii \u00een \u00eentre\u021binerea, valorificarea \u0219i protejarea surselor de ap\u0103. Elevii scolii noastre au marcat aceasta zi prin realizarea si prezentarea de proiecte si desene, trag\u00e2nd un semnal de alarm\u0103 asupra importan\u021bei hidrat\u0103rii organismului pentru buna func\u021bionare a acestuia, dar \u0219i necesitatea men\u021binerii unui mediu curat \u0219i nepoluat.<\/p>\n\n\n\n<figure class=\"wp-block-gallery has-nested-images columns-7 is-cropped wp-block-gallery-4 is-layout-flex wp-block-gallery-is-layout-flex\">\n<figure class=\"wp-block-image size-thumbnail\"><a href=\"https:\/\/scoalanr178.ro\/wp-content\/uploads\/2023\/04\/0112f1ce-41d4-4c63-8d38-2860d8c1e592.jpg\"><img decoding=\"async\" data-id=\"2663\" src=\"https:\/\/scoalanr178.ro\/wp-content\/uploads\/2023\/04\/0112f1ce-41d4-4c63-8d38-2860d8c1e592-150x150.jpg\" alt=\"\" class=\"wp-image-2663\"\/><\/a><\/figure>\n\n\n\n<figure class=\"wp-block-image size-thumbnail\"><a href=\"https:\/\/scoalanr178.ro\/wp-content\/uploads\/2023\/04\/0b6b9746-bdb3-46c9-8a3c-adc0a345a045.jpg\"><img decoding=\"async\" data-id=\"2664\" src=\"https:\/\/scoalanr178.ro\/wp-content\/uploads\/2023\/04\/0b6b9746-bdb3-46c9-8a3c-adc0a345a045-150x150.jpg\" alt=\"\" class=\"wp-image-2664\"\/><\/a><\/figure>\n\n\n\n<figure class=\"wp-block-image size-thumbnail\"><a href=\"https:\/\/scoalanr178.ro\/wp-content\/uploads\/2023\/04\/76e82250-d4ce-44b2-a6fb-c8f6497f7ff4.jpg\"><img decoding=\"async\" data-id=\"2665\" src=\"https:\/\/scoalanr178.ro\/wp-content\/uploads\/2023\/04\/76e82250-d4ce-44b2-a6fb-c8f6497f7ff4-150x150.jpg\" alt=\"\" class=\"wp-image-2665\"\/><\/a><\/figure>\n\n\n\n<figure class=\"wp-block-image size-thumbnail\"><a href=\"https:\/\/scoalanr178.ro\/wp-content\/uploads\/2023\/04\/873e4618-8e77-4f83-a747-5de4bb40fcce.jpg\"><img decoding=\"async\" data-id=\"2666\" src=\"https:\/\/scoalanr178.ro\/wp-content\/uploads\/2023\/04\/873e4618-8e77-4f83-a747-5de4bb40fcce-150x150.jpg\" alt=\"\" class=\"wp-image-2666\"\/><\/a><\/figure>\n\n\n\n<figure class=\"wp-block-image size-thumbnail\"><a href=\"https:\/\/scoalanr178.ro\/wp-content\/uploads\/2023\/04\/d8360583-da80-4afa-b8a1-6888472552b3.jpg\"><img decoding=\"async\" data-id=\"2667\" src=\"https:\/\/scoalanr178.ro\/wp-content\/uploads\/2023\/04\/d8360583-da80-4afa-b8a1-6888472552b3-150x150.jpg\" alt=\"\" class=\"wp-image-2667\"\/><\/a><\/figure>\n\n\n\n<figure class=\"wp-block-image size-thumbnail\"><a href=\"https:\/\/scoalanr178.ro\/wp-content\/uploads\/2023\/04\/f9df3b56-333f-40c2-8de5-606e8d596f38.jpg\"><img decoding=\"async\" data-id=\"2668\" src=\"https:\/\/scoalanr178.ro\/wp-content\/uploads\/2023\/04\/f9df3b56-333f-40c2-8de5-606e8d596f38-150x150.jpg\" alt=\"\" class=\"wp-image-2668\"\/><\/a><\/figure>\n\n\n\n<figure class=\"wp-block-image size-thumbnail\"><a href=\"https:\/\/scoalanr178.ro\/wp-content\/uploads\/2023\/04\/c71a84b4-42ad-48ca-919d-cc41d06e9f75.jpg\"><img decoding=\"async\" data-id=\"2669\" src=\"https:\/\/scoalanr178.ro\/wp-content\/uploads\/2023\/04\/c71a84b4-42ad-48ca-919d-cc41d06e9f75-150x150.jpg\" alt=\"\" class=\"wp-image-2669\"\/><\/a><\/figure>\n\n\n\n<figure class=\"wp-block-image size-thumbnail\"><a href=\"https:\/\/scoalanr178.ro\/wp-content\/uploads\/2023\/04\/727e953d-7968-421d-8d65-e47a09c72d09.jpg\"><img decoding=\"async\" data-id=\"2670\" src=\"https:\/\/scoalanr178.ro\/wp-content\/uploads\/2023\/04\/727e953d-7968-421d-8d65-e47a09c72d09-150x150.jpg\" alt=\"\" class=\"wp-image-2670\"\/><\/a><\/figure>\n\n\n\n<figure class=\"wp-block-image size-thumbnail\"><a href=\"https:\/\/scoalanr178.ro\/wp-content\/uploads\/2023\/04\/WhatsApp-Image-2023-04-18-at-09.49.03-3.jpeg\"><img decoding=\"async\" data-id=\"2671\" src=\"https:\/\/scoalanr178.ro\/wp-content\/uploads\/2023\/04\/WhatsApp-Image-2023-04-18-at-09.49.03-3-150x150.jpeg\" alt=\"\" class=\"wp-image-2671\"\/><\/a><\/figure>\n\n\n\n<figure class=\"wp-block-image size-thumbnail\"><a href=\"https:\/\/scoalanr178.ro\/wp-content\/uploads\/2023\/04\/bdb0f5b7-1425-4b81-b906-9c3cee98e61d.jpg\"><img decoding=\"async\" data-id=\"2672\" src=\"https:\/\/scoalanr178.ro\/wp-content\/uploads\/2023\/04\/bdb0f5b7-1425-4b81-b906-9c3cee98e61d-150x150.jpg\" alt=\"\" class=\"wp-image-2672\"\/><\/a><\/figure>\n\n\n\n<figure class=\"wp-block-image size-thumbnail\"><a href=\"https:\/\/scoalanr178.ro\/wp-content\/uploads\/2023\/04\/WhatsApp-Image-2023-04-18-at-09.49.03-1.jpeg\"><img decoding=\"async\" data-id=\"2673\" src=\"https:\/\/scoalanr178.ro\/wp-content\/uploads\/2023\/04\/WhatsApp-Image-2023-04-18-at-09.49.03-1-150x150.jpeg\" alt=\"\" class=\"wp-image-2673\"\/><\/a><\/figure>\n\n\n\n<figure class=\"wp-block-image size-thumbnail\"><a href=\"https:\/\/scoalanr178.ro\/wp-content\/uploads\/2023\/04\/6f4a049b-7c7e-4762-9122-e4e491dbc1f2.jpg\"><img decoding=\"async\" data-id=\"2674\" src=\"https:\/\/scoalanr178.ro\/wp-content\/uploads\/2023\/04\/6f4a049b-7c7e-4762-9122-e4e491dbc1f2-150x150.jpg\" alt=\"\" class=\"wp-image-2674\"\/><\/a><\/figure>\n\n\n\n<figure class=\"wp-block-image size-thumbnail\"><a href=\"https:\/\/scoalanr178.ro\/wp-content\/uploads\/2023\/04\/7e97b74d-9b36-451c-bbd4-77e36c1aaa43.jpg\"><img decoding=\"async\" data-id=\"2675\" src=\"https:\/\/scoalanr178.ro\/wp-content\/uploads\/2023\/04\/7e97b74d-9b36-451c-bbd4-77e36c1aaa43-150x150.jpg\" alt=\"\" class=\"wp-image-2675\"\/><\/a><\/figure>\n<\/figure>\n","protected":false},"excerpt":{"rendered":"<p>ECO-School &#8211; &nbsp;Ziua Mondial\u0103 a P\u0103m\u00e2ntului &nbsp; &nbsp;\u00cen fiecare an pe data de 22 aprilie celebr\u0103m&nbsp;Ziua P\u0103m\u00e2ntului&nbsp;pentru a ne reaminti c\u0103 planeta P\u0103m\u00e2nt \u0219i ecosistemele sale ne ofer\u0103 condi\u021biile necesare pentru \u00eentre\u021binerea vie\u021bii. &nbsp;&nbsp;&nbsp;&nbsp;&nbsp; Pentru a marca aceast\u0103 zi foarte important\u0103, elevii au plantat r\u0103saduri de legume, ro\u0219ii, castrave\u021bi, salat\u0103, morcovi, urm\u00e2nd s\u0103 fie transplantate apoi \u00een gr\u0103dina de legume a \u0219colii. ECO-School &#8211; T\u00e2rgul de Pa\u0219te Elevii \u0219colii noastre \u00eempreun\u0103 cu p\u0103rin\u021bii \u0219i cadrele didactice au realizat \u00een cadrul acestei activit\u0103\u021bi, multe decora\u021biuni de Pa\u0219te din materiale reciclabile, h\u00e2rtie, carton, peturi, pentru a scoate \u00een eviden\u021b\u0103 importan\u021ba recicl\u0103rii, mai ale \u00een cadrul comunit\u0103\u021bii noastre,<span class=\"more-link-wrap\"><a class=\"more-link\" href=\"https:\/\/scoalanr178.ro\/?page_id=2653\">Read More &rarr;<\/a><\/span><\/p>\n","protected":false},"author":1,"featured_media":0,"parent":0,"menu_order":0,"comment_status":"closed","ping_status":"closed","template":"","meta":{"footnotes":""},"class_list":["entry","author-stefan-gheorghe","post-2653","page","type-page","status-publish"],"_links":{"self":[{"href":"https:\/\/scoalanr178.ro\/index.php?rest_route=\/wp\/v2\/pages\/2653","targetHints":{"allow":["GET"]}}],"collection":[{"href":"https:\/\/scoalanr178.ro\/index.php?rest_route=\/wp\/v2\/pages"}],"about":[{"href":"https:\/\/scoalanr178.ro\/index.php?rest_route=\/wp\/v2\/types\/page"}],"author":[{"embeddable":true,"href":"https:\/\/scoalanr178.ro\/index.php?rest_route=\/wp\/v2\/users\/1"}],"replies":[{"embeddable":true,"href":"https:\/\/scoalanr178.ro\/index.php?rest_route=%2Fwp%2Fv2%2Fcomments&post=2653"}],"version-history":[{"count":0,"href":"https:\/\/scoalanr178.ro\/index.php?rest_route=\/wp\/v2\/pages\/2653\/revisions"}],"wp:attachment":[{"href":"https:\/\/scoalanr178.ro\/index.php?rest_route=%2Fwp%2Fv2%2Fmedia&parent=2653"}],"curies":[{"name":"wp","href":"https:\/\/api.w.org\/{rel}","templated":true}]}}