{"id":2581,"date":"2023-04-12T04:43:22","date_gmt":"2023-04-12T04:43:22","guid":{"rendered":"https:\/\/scoalanr178.ro\/?page_id=2581"},"modified":"2025-03-17T18:58:54","modified_gmt":"2025-03-17T18:58:54","slug":"gdpr","status":"publish","type":"page","link":"https:\/\/scoalanr178.ro\/?page_id=2581","title":{"rendered":"GDPR"},"content":{"rendered":"\n<p><a href=\"\/wp-content\/uploads\/2025\/03\/Nota-info-Sc.-178-cu-privire-la-MONITORIZARE-SI-EVALUARE-SEGREGARII-SCOLARE.pdf\">Nota info Sc. 178 cu privire la MONITORIZARE \u0218I EVALUARE SEGREG\u0102RII \u0218COLARE<\/a><\/p>\n\n\n\n<p class=\"has-text-align-center\"><strong>Politica privind<br>PRELUCRAREA DATELOR CU CARACTER PERSONAL<br>la nivelul \u0218colii Gimnaziale nr. 178 Bucure\u0219ti<\/strong><\/p>\n\n\n\n<p>1&nbsp;&nbsp;<a href=\"\/wp-content\/uploads\/2024\/12\/Nota-informare-supraveghere-video.pdf\">NOTA DE INFORMARE adresat\u0103&nbsp;beneficiarilor \u00eenv\u0103\u0163\u0103m\u00e2ntului preuniversitar(elevi \u0219i p\u0103rin\u021bi\/reprezentan\u021bi legali),salaria\u021bilor \u0219i vizitatorilor \u0219colii&nbsp;privind prelucrarea datelor cu caracter personal care pot rezulta din utilizarea sistemului de supraveghere audio-video instalat la nivelul \u0218colii Gimnaziale nr. 178<\/a><\/p>\n\n\n\n<p>2. <a href=\"\/wp-content\/uploads\/2024\/12\/Nota-de-informare-beneficiarii-educatiei.pdf\">Nota de informare beneficiarii educa\u021biei<\/a><\/p>\n\n\n\n<hr class=\"wp-block-separator has-alpha-channel-opacity is-style-wide\"\/>\n\n\n\n<div class=\"wp-block-file\"><a id=\"wp-block-file--media-9bedee50-5f3f-4a59-aae9-f3ed830ba87f\" href=\"https:\/\/scoalanr178.ro\/wp-content\/uploads\/2025\/01\/Nota-info-suprav-video-2024-2025.pdf\">Nota info supraveghere video 2024-2025<\/a><a href=\"https:\/\/scoalanr178.ro\/wp-content\/uploads\/2025\/01\/Nota-info-suprav-video-2024-2025.pdf\" class=\"wp-block-file__button wp-element-button\" download aria-describedby=\"wp-block-file--media-9bedee50-5f3f-4a59-aae9-f3ed830ba87f\">Descarc\u0103<\/a><\/div>\n\n\n\n<div class=\"wp-block-file\"><a id=\"wp-block-file--media-e587d653-c70a-4b19-a7f2-ab81ab9e312b\" href=\"https:\/\/scoalanr178.ro\/wp-content\/uploads\/2024\/04\/nota-info-parinti-prelucrare-date-extrasc-178-2024.pdf\">nota info parinti prelucrare date extrasc 178 2024<\/a><a href=\"https:\/\/scoalanr178.ro\/wp-content\/uploads\/2024\/04\/nota-info-parinti-prelucrare-date-extrasc-178-2024.pdf\" class=\"wp-block-file__button wp-element-button\" download aria-describedby=\"wp-block-file--media-e587d653-c70a-4b19-a7f2-ab81ab9e312b\">Descarc\u0103<\/a><\/div>\n\n\n\n<div class=\"wp-block-file\"><a id=\"wp-block-file--media-161c30f7-d2bb-4bc6-a733-adeab4a33452\" href=\"https:\/\/scoalanr178.ro\/wp-content\/uploads\/2024\/04\/Procedura-RETRAGERE-consimtamant-2024.pdf\">Procedura RETRAGERE consimtamant 2024<\/a><a href=\"https:\/\/scoalanr178.ro\/wp-content\/uploads\/2024\/04\/Procedura-RETRAGERE-consimtamant-2024.pdf\" class=\"wp-block-file__button wp-element-button\" download aria-describedby=\"wp-block-file--media-161c30f7-d2bb-4bc6-a733-adeab4a33452\">Descarc\u0103<\/a><\/div>\n\n\n\n<div class=\"wp-block-file\"><a id=\"wp-block-file--media-1fd46195-eeca-4cb0-8f5f-cc3604b58811\" href=\"https:\/\/scoalanr178.ro\/wp-content\/uploads\/2024\/04\/Nota-info-si-acord-bursa-sociala-2024.pdf\">Nota info si acord bursa sociala 2024<\/a><a href=\"https:\/\/scoalanr178.ro\/wp-content\/uploads\/2024\/04\/Nota-info-si-acord-bursa-sociala-2024.pdf\" class=\"wp-block-file__button wp-element-button\" download aria-describedby=\"wp-block-file--media-1fd46195-eeca-4cb0-8f5f-cc3604b58811\">Descarc\u0103<\/a><\/div>\n\n\n\n<div class=\"wp-block-file\"><a id=\"wp-block-file--media-b01d0df5-6594-4a63-b715-64941f42da00\" href=\"https:\/\/scoalanr178.ro\/wp-content\/uploads\/2024\/04\/anexa-retragere-consimtamant.pdf\">anexa-retragere-consimtamant<\/a><a href=\"https:\/\/scoalanr178.ro\/wp-content\/uploads\/2024\/04\/anexa-retragere-consimtamant.pdf\" class=\"wp-block-file__button wp-element-button\" download aria-describedby=\"wp-block-file--media-b01d0df5-6594-4a63-b715-64941f42da00\">Descarc\u0103<\/a><\/div>\n\n\n\n<hr class=\"wp-block-separator has-alpha-channel-opacity is-style-wide\"\/>\n\n\n\n<div class=\"wp-block-columns is-layout-flex wp-container-core-columns-is-layout-9d6595d7 wp-block-columns-is-layout-flex\">\n<div class=\"wp-block-column is-layout-flow wp-block-column-is-layout-flow\">\n<div class=\"wp-block-file aligncenter\"><a id=\"wp-block-file--media-37fec373-db54-4d4a-8ed8-b60c31adb38c\" href=\"https:\/\/scoalanr178.ro\/wp-content\/uploads\/2023\/05\/GDPR.pdf\">GDPR<\/a><a href=\"https:\/\/scoalanr178.ro\/wp-content\/uploads\/2023\/05\/GDPR.pdf\" class=\"wp-block-file__button wp-element-button\" download aria-describedby=\"wp-block-file--media-37fec373-db54-4d4a-8ed8-b60c31adb38c\">Download<\/a><\/div>\n\n\n\n<div class=\"wp-block-file aligncenter\"><a id=\"wp-block-file--media-9faadebf-f587-4b3f-b3cf-bf084a0fb629\" href=\"https:\/\/scoalanr178.ro\/wp-content\/uploads\/2023\/05\/INSTRUCTIUNE-EXERCITARE-DREPTURI.-178pdf.pdf\">INSTRUCTIUNE EXERCITARE DREPTURI. 178pdf<\/a><a href=\"https:\/\/scoalanr178.ro\/wp-content\/uploads\/2023\/05\/INSTRUCTIUNE-EXERCITARE-DREPTURI.-178pdf.pdf\" class=\"wp-block-file__button wp-element-button\" download aria-describedby=\"wp-block-file--media-9faadebf-f587-4b3f-b3cf-bf084a0fb629\">Download<\/a><\/div>\n<\/div>\n\n\n\n<div class=\"wp-block-column is-layout-flow wp-block-column-is-layout-flow\">\n<div class=\"wp-block-file aligncenter\"><a id=\"wp-block-file--media-d4b0c17d-0184-4e92-a058-a45902cffba7\" href=\"https:\/\/scoalanr178.ro\/wp-content\/uploads\/2023\/05\/Legea-190.pdf\">Legea 190<\/a><a href=\"https:\/\/scoalanr178.ro\/wp-content\/uploads\/2023\/05\/Legea-190.pdf\" class=\"wp-block-file__button wp-element-button\" download aria-describedby=\"wp-block-file--media-d4b0c17d-0184-4e92-a058-a45902cffba7\">Download<\/a><\/div>\n\n\n\n<div class=\"wp-block-file aligncenter\"><a id=\"wp-block-file--media-918d9cbe-80ca-4da9-b015-65e05ae55c98\" href=\"https:\/\/scoalanr178.ro\/wp-content\/uploads\/2023\/05\/DREPTURILE-PERSOANELOR-VIZATE-178.pdf\">DREPTURILE-PERSOANELOR-VIZATE 178<\/a><a href=\"https:\/\/scoalanr178.ro\/wp-content\/uploads\/2023\/05\/DREPTURILE-PERSOANELOR-VIZATE-178.pdf\" class=\"wp-block-file__button wp-element-button\" download aria-describedby=\"wp-block-file--media-918d9cbe-80ca-4da9-b015-65e05ae55c98\">Download<\/a><\/div>\n<\/div>\n<\/div>\n\n\n\n<div class=\"wp-block-group is-vertical is-content-justification-center is-layout-flex wp-container-core-group-is-layout-48c2c4f0 wp-block-group-is-layout-flex\">\n<div class=\"wp-block-file aligncenter\"><a id=\"wp-block-file--media-631a217b-23c5-4c21-85ac-2d2dde66a6a9\" href=\"https:\/\/scoalanr178.ro\/wp-content\/uploads\/2023\/05\/5.1.-cerere-drept-de-opozitie.pdf\">5.1. cerere drept de opozitie<\/a><a href=\"https:\/\/scoalanr178.ro\/wp-content\/uploads\/2023\/05\/5.1.-cerere-drept-de-opozitie.pdf\" class=\"wp-block-file__button wp-element-button\" download aria-describedby=\"wp-block-file--media-631a217b-23c5-4c21-85ac-2d2dde66a6a9\">Download<\/a><\/div>\n\n\n\n<div class=\"wp-block-file aligncenter\"><a id=\"wp-block-file--media-d8b1b938-39e9-4744-a9a7-ec9d65e22b66\" href=\"https:\/\/scoalanr178.ro\/wp-content\/uploads\/2023\/05\/5.1.-cerere-drept-de-rectificare.pdf\">5.1. cerere drept de rectificare<\/a><a href=\"https:\/\/scoalanr178.ro\/wp-content\/uploads\/2023\/05\/5.1.-cerere-drept-de-rectificare.pdf\" class=\"wp-block-file__button wp-element-button\" download aria-describedby=\"wp-block-file--media-d8b1b938-39e9-4744-a9a7-ec9d65e22b66\">Download<\/a><\/div>\n\n\n\n<div class=\"wp-block-file aligncenter\"><a id=\"wp-block-file--media-54caf071-becb-405f-b46c-d24190503468\" href=\"https:\/\/scoalanr178.ro\/wp-content\/uploads\/2023\/05\/5.1.-cerere-drept-de-stregere.pdf\">5.1. cerere drept de stregere<\/a><a href=\"https:\/\/scoalanr178.ro\/wp-content\/uploads\/2023\/05\/5.1.-cerere-drept-de-stregere.pdf\" class=\"wp-block-file__button wp-element-button\" download aria-describedby=\"wp-block-file--media-54caf071-becb-405f-b46c-d24190503468\">Download<\/a><\/div>\n\n\n\n<div class=\"wp-block-file aligncenter\"><a id=\"wp-block-file--media-4cf6d901-b15f-48c8-9112-02ac68fe21b9\" href=\"https:\/\/scoalanr178.ro\/wp-content\/uploads\/2023\/05\/5.1.-cerere-drept-de-acces-.pdf\">5.1. cerere drept de acces<\/a><a href=\"https:\/\/scoalanr178.ro\/wp-content\/uploads\/2023\/05\/5.1.-cerere-drept-de-acces-.pdf\" class=\"wp-block-file__button wp-element-button\" download aria-describedby=\"wp-block-file--media-4cf6d901-b15f-48c8-9112-02ac68fe21b9\">Download<\/a><\/div>\n\n\n\n<div class=\"wp-block-file aligncenter\"><a id=\"wp-block-file--media-82754e4c-3a38-4337-921c-690ced3691e8\" href=\"https:\/\/scoalanr178.ro\/wp-content\/uploads\/2023\/05\/5.1.-cerere-drept-de-restrictionare.pdf\">5.1. cerere drept de restrictionare<\/a><a href=\"https:\/\/scoalanr178.ro\/wp-content\/uploads\/2023\/05\/5.1.-cerere-drept-de-restrictionare.pdf\" class=\"wp-block-file__button wp-element-button\" download aria-describedby=\"wp-block-file--media-82754e4c-3a38-4337-921c-690ced3691e8\">Download<\/a><\/div>\n<\/div>\n","protected":false},"excerpt":{"rendered":"<p>Nota info Sc. 178 cu privire la MONITORIZARE \u0218I EVALUARE SEGREG\u0102RII \u0218COLARE Politica privindPRELUCRAREA DATELOR CU CARACTER PERSONALla nivelul \u0218colii Gimnaziale nr. 178 Bucure\u0219ti 1&nbsp;&nbsp;NOTA DE INFORMARE adresat\u0103&nbsp;beneficiarilor \u00eenv\u0103\u0163\u0103m\u00e2ntului preuniversitar(elevi \u0219i p\u0103rin\u021bi\/reprezentan\u021bi legali),salaria\u021bilor \u0219i vizitatorilor \u0219colii&nbsp;privind prelucrarea datelor cu caracter personal care pot rezulta din utilizarea sistemului de supraveghere audio-video instalat la nivelul \u0218colii Gimnaziale nr. 178 2. Nota de informare beneficiarii educa\u021biei<span class=\"more-link-wrap\"><a class=\"more-link\" href=\"https:\/\/scoalanr178.ro\/?page_id=2581\">Read More &rarr;<\/a><\/span><\/p>\n","protected":false},"author":1,"featured_media":0,"parent":0,"menu_order":0,"comment_status":"closed","ping_status":"closed","template":"","meta":{"footnotes":""},"class_list":["entry","author-stefan-gheorghe","post-2581","page","type-page","status-publish"],"_links":{"self":[{"href":"https:\/\/scoalanr178.ro\/index.php?rest_route=\/wp\/v2\/pages\/2581","targetHints":{"allow":["GET"]}}],"collection":[{"href":"https:\/\/scoalanr178.ro\/index.php?rest_route=\/wp\/v2\/pages"}],"about":[{"href":"https:\/\/scoalanr178.ro\/index.php?rest_route=\/wp\/v2\/types\/page"}],"author":[{"embeddable":true,"href":"https:\/\/scoalanr178.ro\/index.php?rest_route=\/wp\/v2\/users\/1"}],"replies":[{"embeddable":true,"href":"https:\/\/scoalanr178.ro\/index.php?rest_route=%2Fwp%2Fv2%2Fcomments&post=2581"}],"version-history":[{"count":9,"href":"https:\/\/scoalanr178.ro\/index.php?rest_route=\/wp\/v2\/pages\/2581\/revisions"}],"predecessor-version":[{"id":4368,"href":"https:\/\/scoalanr178.ro\/index.php?rest_route=\/wp\/v2\/pages\/2581\/revisions\/4368"}],"wp:attachment":[{"href":"https:\/\/scoalanr178.ro\/index.php?rest_route=%2Fwp%2Fv2%2Fmedia&parent=2581"}],"curies":[{"name":"wp","href":"https:\/\/api.w.org\/{rel}","templated":true}]}}