{"id":2502,"date":"2023-03-03T12:59:00","date_gmt":"2023-03-03T12:59:00","guid":{"rendered":"https:\/\/scoalanr178.ro\/?page_id=2502"},"modified":"2026-04-08T10:29:07","modified_gmt":"2026-04-08T10:29:07","slug":"miscare-de-personal","status":"publish","type":"page","link":"https:\/\/scoalanr178.ro\/?page_id=2502","title":{"rendered":"Miscare de personal"},"content":{"rendered":"\n<h2 class=\"wp-block-heading\">2026-2027<\/h2>\n\n\n\n<div class=\"wp-block-file\"><a id=\"wp-block-file--media-8f0b6de7-04ef-4ec8-960e-b0559e48c051\" href=\"https:\/\/scoalanr178.ro\/wp-content\/uploads\/2026\/04\/ORAR-DEPUNERE-DOSARE-PRETRANSFER.pdf\">ORAR DEPUNERE DOSARE PRETRANSFER<\/a><\/div>\n\n\n\n<div class=\"wp-block-file\"><a id=\"wp-block-file--media-cc128668-8e41-4f19-9b31-d988a5e93c95\" href=\"https:\/\/scoalanr178.ro\/wp-content\/uploads\/2026\/04\/P.O.-140_Inspectia-speciala-la-clasa-an-cadrul-etapelor-de-mobilitate.pdf\">P.O. 140_Inspec\u021bia speciala la clas\u0103 \u0103n cadrul etapelor de mobilitate<\/a><\/div>\n\n\n\n<div class=\"wp-block-file\"><a id=\"wp-block-file--media-683eeb96-22e4-4cca-a5d2-58c622f45b6f\" href=\"https:\/\/scoalanr178.ro\/wp-content\/uploads\/2026\/04\/Lista-conditiilor-specifice-pentru-etapele-de-transfer_pretransfer.pdf\">Lista condi\u021biilor specifice pentru etapele de transfer_pretransfer<\/a><\/div>\n\n\n\n<div class=\"wp-block-file\"><a id=\"wp-block-file--media-9f64ae1a-df59-472e-b614-1717291a23c2\" href=\"https:\/\/scoalanr178.ro\/wp-content\/uploads\/2026\/04\/Graficul-de-desfasurare-a-inspectiilor-la-clasa-Pretransfer.pdf\">Graficul de desf\u0103\u0219urare a inspec\u021biilor la clas\u0103 &#8211; Pretransfer<\/a><\/div>\n\n\n\n<div class=\"wp-block-file\"><a id=\"wp-block-file--media-c0e10a59-9113-4fbb-9dde-4d99cf973a34\" href=\"https:\/\/scoalanr178.ro\/wp-content\/uploads\/2026\/04\/Fisa-de-evaluare-a-lectiei_-Inspectie-speciala-la-clasa.pdf\">Fi\u0219a de evaluare a lec\u021biei_ Inspectie special\u0103 la clas\u0103<\/a><\/div>\n\n\n\n<div class=\"wp-block-file\"><a id=\"wp-block-file--media-6846fb76-42ae-4b3f-a0c7-85e9d754a1b8\" href=\"https:\/\/scoalanr178.ro\/wp-content\/uploads\/2026\/04\/Documente-necesare-indeplinirii-conditiilor-specifice.pdf\">Documente necesare \u00eendeplinirii condi\u021biilor specifice<\/a><\/div>\n\n\n\n<div class=\"wp-block-file\"><a id=\"wp-block-file--media-61941499-3d21-4e16-b135-35d744d88e68\" href=\"https:\/\/scoalanr178.ro\/wp-content\/uploads\/2026\/04\/PO_PTR_modif_rep._2026.pdf\">PO_PTR_modif_rep._2026<\/a><\/div>\n\n\n\n<h2 class=\"wp-block-heading\">2025-2026<\/h2>\n\n\n<div class=\"wp-block-image\">\n<figure class=\"aligncenter size-full\"><img loading=\"lazy\" decoding=\"async\" width=\"1653\" height=\"2338\" src=\"https:\/\/scoalanr178.ro\/wp-content\/uploads\/2025\/03\/Orar-primire-dosare-transfer_pretransfer.jpg\" alt=\"\" class=\"wp-image-4412\"\/><\/figure>\n<\/div>\n\n<div class=\"wp-block-image\">\n<figure class=\"aligncenter size-full\"><img loading=\"lazy\" decoding=\"async\" width=\"2338\" height=\"1653\" src=\"https:\/\/scoalanr178.ro\/wp-content\/uploads\/2025\/03\/Lista-conditiilor-specifice-pentru-etapele-de-transfer_pretransfer-nr.714_24.03.2025.jpg\" alt=\"\" class=\"wp-image-4411\"\/><\/figure>\n<\/div>\n\n\n<p><a href=\"\/wp-content\/uploads\/2025\/03\/Documente-transfer_pretransfer-8-11.04.2025.pdf\">Documente transfer_pretransfer 8-11.04.2025<\/a><\/p>\n\n\n\n<p><a href=\"\/wp-content\/uploads\/2025\/03\/Fisa-de-evaluare-a-lectiei-inspectie-speciala.pdf\">Fi\u0219a de evaluare a lectiei inspectie special\u0103<\/a><\/p>\n\n\n\n<p><a href=\"\/wp-content\/uploads\/2025\/03\/Grafic-inspectie-la-clasa-pentru-transfer_pretransfer-incepand-cu-01.09.2025.pdf\">Grafic inspectie la clas\u0103 pentru transfer_pretransfer incep\u00e2nd cu 01.09.2025<\/a><\/p>\n\n\n\n<p><a href=\"\/wp-content\/uploads\/2025\/02\/Procedura-operationala-organizarea-desfasurarea-si-evaluarea-inspectiei-la-clasa-in-cadrul-etapelor-de-mobilitate.pdf\">Procedura opera\u021bional\u0103 organizarea, desf\u0103\u0219urarea \u0219i evaluarea inspectiei la clas\u0103 \u00een cadrul etapelor de mobilitate<\/a><\/p>\n\n\n\n<p><strong><a href=\"\/wp-content\/uploads\/2025\/02\/OM_7495_2024-_-Metodologia-mobilitate-cadre-didactice.pdf\"><span style=\"text-decoration: underline;\">Ordin nr. 7.495\/02.12.2024<\/span><\/a>&nbsp;<\/strong>pentru aprobarea Metodologiei-cadru privind mobilitatea personalului didactic de predare din \u00eenv\u0103\u021b\u0103m\u00e2ntul preuniversitar \u00een anul \u0219colar 2025 &#8211; 2026<\/p>\n\n\n\n<p>Lista condi\u0163iilor specifice pentru&nbsp;ocuparea posturilor didactice\/catedrelor vacante prin transfer\/pretransfer consim\u0163it \u00eentre unit\u0103\u0163ile de \u00eenv\u0103\u0163\u0103m\u00e2nt, avizat\u0103 de inspectoratul \u015fcolar-<a href=\"\/wp-content\/uploads\/2025\/02\/Lista-conditii-specifice-ETAPE-_TRANSFER_PRETRANSFER-17.02.2025.pdf\"><strong>DESCARC\u0102<\/strong><\/a>.<\/p>\n\n\n\n<h2 class=\"wp-block-heading\">2024-2025<\/h2>\n\n\n\n<h2 class=\"wp-block-heading\">Etapa de transfer\/pretransfer<\/h2>\n\n\n\n<div class=\"wp-block-file\"><a id=\"wp-block-file--media-e02f5952-f72c-48b2-9397-270ad1c4d12f\" href=\"https:\/\/scoalanr178.ro\/wp-content\/uploads\/2024\/03\/Sc.-178_Conditii-Specifice-transfer_pretransfer.pdf\">Sc. 178_Condi\u021bii Specifice transfer_pretransfer<\/a><a href=\"https:\/\/scoalanr178.ro\/wp-content\/uploads\/2024\/03\/Sc.-178_Conditii-Specifice-transfer_pretransfer.pdf\" class=\"wp-block-file__button wp-element-button\" download aria-describedby=\"wp-block-file--media-e02f5952-f72c-48b2-9397-270ad1c4d12f\">Download<\/a><\/div>\n\n\n\n<div class=\"wp-block-file\"><a id=\"wp-block-file--media-7ada1acc-d8df-4953-8781-b4ea60b084f7\" href=\"https:\/\/scoalanr178.ro\/wp-content\/uploads\/2024\/03\/Grafic-PTR-cu-01.09.2024.pdf\">Grafic PTR cu 01.09.2024<\/a><a href=\"https:\/\/scoalanr178.ro\/wp-content\/uploads\/2024\/03\/Grafic-PTR-cu-01.09.2024.pdf\" class=\"wp-block-file__button wp-element-button\" download aria-describedby=\"wp-block-file--media-7ada1acc-d8df-4953-8781-b4ea60b084f7\">Download<\/a><\/div>\n\n\n\n<div class=\"wp-block-file\"><a id=\"wp-block-file--media-bb0c24e7-54f8-431e-9994-de1248e23cf9\" href=\"https:\/\/scoalanr178.ro\/wp-content\/uploads\/2024\/03\/Program-depunere-dosare-PT.pdf\">Program depunere dosare PT<\/a><a href=\"https:\/\/scoalanr178.ro\/wp-content\/uploads\/2024\/03\/Program-depunere-dosare-PT.pdf\" class=\"wp-block-file__button wp-element-button\" download aria-describedby=\"wp-block-file--media-bb0c24e7-54f8-431e-9994-de1248e23cf9\">Download<\/a><\/div>\n\n\n\n<hr class=\"wp-block-separator has-alpha-channel-opacity\"\/>\n\n\n\n<div class=\"wp-block-file\"><a id=\"wp-block-file--media-80666343-0bef-48a9-b543-692048a91ad5\" href=\"https:\/\/scoalanr178.ro\/wp-content\/uploads\/2024\/02\/Lista-conditiilor-specifice-pentru-ocuparea-posturilor-didacticecatedrelor-vacante-prin-transferpretransfer-consimtit-intre-unitatile-de-invatamant-avizata-de-inspectoratul-scolar-19.02.2024-1.pdf\">Lista-conditiilor-specifice-pentru-ocuparea-posturilor-didacticecatedrelor-vacante-prin-transferpretransfer-consimtit-intre-unitatile-de-invatamant-avizata-de-inspectoratul-scolar-19.02.2024 (1)<\/a><a href=\"https:\/\/scoalanr178.ro\/wp-content\/uploads\/2024\/02\/Lista-conditiilor-specifice-pentru-ocuparea-posturilor-didacticecatedrelor-vacante-prin-transferpretransfer-consimtit-intre-unitatile-de-invatamant-avizata-de-inspectoratul-scolar-19.02.2024-1.pdf\" class=\"wp-block-file__button wp-element-button\" download aria-describedby=\"wp-block-file--media-80666343-0bef-48a9-b543-692048a91ad5\">Download<\/a><\/div>\n\n\n\n<hr class=\"wp-block-separator has-alpha-channel-opacity\"\/>\n\n\n\n<h2 class=\"wp-block-heading\">2023 &#8211; 2024<\/h2>\n\n\n\n<div class=\"wp-block-file\"><a id=\"wp-block-file--media-2b230d0b-9429-4897-9f95-016190cbf2ca\" href=\"https:\/\/scoalanr178.ro\/wp-content\/uploads\/2023\/03\/Lista-criterii-specifice-22.03.2023-scaled-1.jpg\">Lista criterii specifice 22.03.2023<\/a><a href=\"https:\/\/scoalanr178.ro\/wp-content\/uploads\/2023\/03\/Lista-criterii-specifice-22.03.2023-scaled-1.jpg\" class=\"wp-block-file__button wp-element-button\" download aria-describedby=\"wp-block-file--media-2b230d0b-9429-4897-9f95-016190cbf2ca\">Download<\/a><\/div>\n\n\n\n<div class=\"wp-block-file\"><a id=\"wp-block-file--media-1eeedac5-8454-464c-89fb-991580285a6b\" href=\"https:\/\/scoalanr178.ro\/wp-content\/uploads\/2023\/03\/Grafic-inspectie-la-clasa-scaled-1.jpg\">Grafic inspectie la clasa<\/a><a href=\"https:\/\/scoalanr178.ro\/wp-content\/uploads\/2023\/03\/Grafic-inspectie-la-clasa-scaled-1.jpg\" class=\"wp-block-file__button wp-element-button\" download aria-describedby=\"wp-block-file--media-1eeedac5-8454-464c-89fb-991580285a6b\">Download<\/a><\/div>\n\n\n\n<hr class=\"wp-block-separator has-alpha-channel-opacity\"\/>\n\n\n\n<div class=\"wp-block-file\"><a id=\"wp-block-file--media-e09e142d-520c-466f-abce-9008a92ca30b\" href=\"https:\/\/scoalanr178.ro\/wp-content\/uploads\/2023\/02\/Lista-conditiilor-specifice-propuse-de-unitati-pentru-ocuparea-posturilor-vacante-in-etapele-de-RA-si-PTR.jpg\">Lista condi\u021biilor specifice propuse de unit\u0103\u021bi pentru ocuparea posturilor vacante \u00een etapele de RA \u0219i PTR<\/a><a href=\"https:\/\/scoalanr178.ro\/wp-content\/uploads\/2023\/02\/Lista-conditiilor-specifice-propuse-de-unitati-pentru-ocuparea-posturilor-vacante-in-etapele-de-RA-si-PTR.jpg\" class=\"wp-block-file__button wp-element-button\" download aria-describedby=\"wp-block-file--media-e09e142d-520c-466f-abce-9008a92ca30b\">Download<\/a><\/div>\n\n\n\n<div class=\"wp-block-file\"><a id=\"wp-block-file--media-d551798a-26e4-4ec3-8e54-39e9e9f8d210\" href=\"https:\/\/scoalanr178.ro\/wp-content\/uploads\/2023\/02\/Metodologie-mobilitate-personal-didactic-de-predare-in-invatamantul-preuniversitar_2023_2024.pdf\">Metodologie mobilitate personal didactic de predare \u00een \u00eenv\u0103\u021b\u0103m\u00e2ntul preuniversitar_2023_2024<\/a><a href=\"https:\/\/scoalanr178.ro\/wp-content\/uploads\/2023\/02\/Metodologie-mobilitate-personal-didactic-de-predare-in-invatamantul-preuniversitar_2023_2024.pdf\" class=\"wp-block-file__button wp-element-button\" download aria-describedby=\"wp-block-file--media-d551798a-26e4-4ec3-8e54-39e9e9f8d210\">Download<\/a><\/div>\n","protected":false},"excerpt":{"rendered":"<p>2026-2027 2025-2026 Documente transfer_pretransfer 8-11.04.2025 Fi\u0219a de evaluare a lectiei inspectie special\u0103 Grafic inspectie la clas\u0103 pentru transfer_pretransfer incep\u00e2nd cu 01.09.2025 Procedura opera\u021bional\u0103 organizarea, desf\u0103\u0219urarea \u0219i evaluarea inspectiei la clas\u0103 \u00een cadrul etapelor de mobilitate Ordin nr. 7.495\/02.12.2024&nbsp;pentru aprobarea Metodologiei-cadru privind mobilitatea personalului didactic de predare din \u00eenv\u0103\u021b\u0103m\u00e2ntul preuniversitar \u00een anul \u0219colar 2025 &#8211; 2026 Lista condi\u0163iilor specifice pentru&nbsp;ocuparea posturilor didactice\/catedrelor vacante prin transfer\/pretransfer consim\u0163it \u00eentre unit\u0103\u0163ile de \u00eenv\u0103\u0163\u0103m\u00e2nt, avizat\u0103 de inspectoratul \u015fcolar-DESCARC\u0102. 2024-2025 Etapa de transfer\/pretransfer 2023 &#8211; 2024<span class=\"more-link-wrap\"><a class=\"more-link\" href=\"https:\/\/scoalanr178.ro\/?page_id=2502\">Read More &rarr;<\/a><\/span><\/p>\n","protected":false},"author":1,"featured_media":0,"parent":0,"menu_order":0,"comment_status":"closed","ping_status":"closed","template":"","meta":{"footnotes":""},"class_list":["entry","author-stefan-gheorghe","post-2502","page","type-page","status-publish"],"_links":{"self":[{"href":"https:\/\/scoalanr178.ro\/index.php?rest_route=\/wp\/v2\/pages\/2502","targetHints":{"allow":["GET"]}}],"collection":[{"href":"https:\/\/scoalanr178.ro\/index.php?rest_route=\/wp\/v2\/pages"}],"about":[{"href":"https:\/\/scoalanr178.ro\/index.php?rest_route=\/wp\/v2\/types\/page"}],"author":[{"embeddable":true,"href":"https:\/\/scoalanr178.ro\/index.php?rest_route=\/wp\/v2\/users\/1"}],"replies":[{"embeddable":true,"href":"https:\/\/scoalanr178.ro\/index.php?rest_route=%2Fwp%2Fv2%2Fcomments&post=2502"}],"version-history":[{"count":18,"href":"https:\/\/scoalanr178.ro\/index.php?rest_route=\/wp\/v2\/pages\/2502\/revisions"}],"predecessor-version":[{"id":4984,"href":"https:\/\/scoalanr178.ro\/index.php?rest_route=\/wp\/v2\/pages\/2502\/revisions\/4984"}],"wp:attachment":[{"href":"https:\/\/scoalanr178.ro\/index.php?rest_route=%2Fwp%2Fv2%2Fmedia&parent=2502"}],"curies":[{"name":"wp","href":"https:\/\/api.w.org\/{rel}","templated":true}]}}