{"id":2465,"date":"2023-02-09T08:21:23","date_gmt":"2023-02-09T08:21:23","guid":{"rendered":"http:\/\/scoalanr178.ro\/?page_id=2465"},"modified":"2025-06-19T16:52:35","modified_gmt":"2025-06-19T16:52:35","slug":"admitere-in-clasa-a-v-a-cu-predare-a-unei-limbi-moderne-in-regim-intensiv-limba-engleza-in-anul-scolar-2023-2024","status":"publish","type":"page","link":"https:\/\/scoalanr178.ro\/?page_id=2465","title":{"rendered":"Admitere \u00een clasa a V-a cu predare a unei limbi moderne \u00een regim intensiv &#8211; LIMBA ENGLEZ\u0102 \u00een anul \u0219colar 2025-2026"},"content":{"rendered":"\n<hr class=\"wp-block-separator has-alpha-channel-opacity is-style-wide\"\/>\n\n\n\n<div class=\"wp-block-file\"><a id=\"wp-block-file--media-486c5086-69d8-429a-b1da-24fd7d7d4ea7\" href=\"https:\/\/scoalanr178.ro\/wp-content\/uploads\/2025\/06\/Rezultate-finale-la-testul-de-competente-lingvistice-pentru-admitere-in-clasa-a-V-a-program-intensiv-engleza-_19.06.2025.pdf\">Rezultate finale la testul de competen\u021be lingvistice pentru admitere \u00een clasa a V-a program intensiv englez\u0103<\/a><a href=\"https:\/\/scoalanr178.ro\/wp-content\/uploads\/2025\/06\/Rezultate-finale-la-testul-de-competente-lingvistice-pentru-admitere-in-clasa-a-V-a-program-intensiv-engleza-_19.06.2025.pdf\" class=\"wp-block-file__button wp-element-button\" download aria-describedby=\"wp-block-file--media-486c5086-69d8-429a-b1da-24fd7d7d4ea7\">Descarc\u0103<\/a><\/div>\n\n\n\n<div class=\"wp-block-file\"><a id=\"wp-block-file--media-5ae904f7-315e-4c07-9973-c6bb443380c7\" href=\"https:\/\/scoalanr178.ro\/wp-content\/uploads\/2025\/06\/Rezultate-initiale-la-testul-de-competente-lingvistice-pentru-admitere-in-clasa-a-V-a-program-intensiv-engleza.pdf\">Rezultate ini\u021biale la testul de competen\u021be lingvistice pentru admitere \u00een clasa a V-a program intensiv englez\u0103<\/a><a href=\"https:\/\/scoalanr178.ro\/wp-content\/uploads\/2025\/06\/Rezultate-initiale-la-testul-de-competente-lingvistice-pentru-admitere-in-clasa-a-V-a-program-intensiv-engleza.pdf\" class=\"wp-block-file__button wp-element-button\" download aria-describedby=\"wp-block-file--media-5ae904f7-315e-4c07-9973-c6bb443380c7\">Descarc\u0103<\/a><\/div>\n\n\n<div class=\"wp-block-image\">\n<figure class=\"aligncenter size-full\"><img loading=\"lazy\" decoding=\"async\" width=\"1653\" height=\"2338\" src=\"https:\/\/scoalanr178.ro\/wp-content\/uploads\/2025\/06\/20250616_140123_0001.jpg\" alt=\"\" class=\"wp-image-4496\"\/><\/figure>\n<\/div>\n\n<div class=\"wp-block-image\">\n<figure class=\"aligncenter size-full\"><img loading=\"lazy\" decoding=\"async\" width=\"1653\" height=\"2338\" src=\"https:\/\/scoalanr178.ro\/wp-content\/uploads\/2025\/06\/20250616_140123_0003.jpg\" alt=\"\" class=\"wp-image-4495\"\/><\/figure>\n<\/div>\n\n<div class=\"wp-block-image\">\n<figure class=\"aligncenter size-full\"><img loading=\"lazy\" decoding=\"async\" width=\"1653\" height=\"2338\" src=\"https:\/\/scoalanr178.ro\/wp-content\/uploads\/2025\/06\/20250616_140123_0002.jpg\" alt=\"\" class=\"wp-image-4497\"\/><\/figure>\n<\/div>\n\n\n<p><a href=\"\/wp-content\/uploads\/2025\/04\/Procedura-nr-7419_08.04.2025-ISMB_-Intensiv-engleza-cls-V-2025-2026.pdf\">Procedura nr 7419_08.04.2025 ISMB_ Intensiv engleza cls V 2025-2026<\/a><\/p>\n\n\n\n<p><a href=\"http:\/\/ismb.edu.ro\/index.php\/retea\/2178-procedura-operationala-nr-1405-2025-privind-avizarea-infiintarii-organizarii-si-functionarii-claselor-a-v-a-si-a-ix-a-cu-predare-a-unei-limbi-moderne-in-regim-intensiv-bilingv\">PO 1405\/2025<\/a><\/p>\n","protected":false},"excerpt":{"rendered":"<p>Procedura nr 7419_08.04.2025 ISMB_ Intensiv engleza cls V 2025-2026 PO 1405\/2025<span class=\"more-link-wrap\"><a class=\"more-link\" href=\"https:\/\/scoalanr178.ro\/?page_id=2465\">Read More &rarr;<\/a><\/span><\/p>\n","protected":false},"author":1,"featured_media":0,"parent":0,"menu_order":0,"comment_status":"closed","ping_status":"closed","template":"","meta":{"footnotes":""},"class_list":["entry","author-stefan-gheorghe","post-2465","page","type-page","status-publish"],"_links":{"self":[{"href":"https:\/\/scoalanr178.ro\/index.php?rest_route=\/wp\/v2\/pages\/2465","targetHints":{"allow":["GET"]}}],"collection":[{"href":"https:\/\/scoalanr178.ro\/index.php?rest_route=\/wp\/v2\/pages"}],"about":[{"href":"https:\/\/scoalanr178.ro\/index.php?rest_route=\/wp\/v2\/types\/page"}],"author":[{"embeddable":true,"href":"https:\/\/scoalanr178.ro\/index.php?rest_route=\/wp\/v2\/users\/1"}],"replies":[{"embeddable":true,"href":"https:\/\/scoalanr178.ro\/index.php?rest_route=%2Fwp%2Fv2%2Fcomments&post=2465"}],"version-history":[{"count":23,"href":"https:\/\/scoalanr178.ro\/index.php?rest_route=\/wp\/v2\/pages\/2465\/revisions"}],"predecessor-version":[{"id":4504,"href":"https:\/\/scoalanr178.ro\/index.php?rest_route=\/wp\/v2\/pages\/2465\/revisions\/4504"}],"wp:attachment":[{"href":"https:\/\/scoalanr178.ro\/index.php?rest_route=%2Fwp%2Fv2%2Fmedia&parent=2465"}],"curies":[{"name":"wp","href":"https:\/\/api.w.org\/{rel}","templated":true}]}}