{"id":1904,"date":"2022-06-22T09:41:14","date_gmt":"2022-06-22T09:41:14","guid":{"rendered":"http:\/\/scoalanr178.ro\/?page_id=1904"},"modified":"2022-06-22T09:41:14","modified_gmt":"2022-06-22T09:41:14","slug":"proiectul-national-caligrafia-arta-scrisului-frumos","status":"publish","type":"page","link":"https:\/\/scoalanr178.ro\/?page_id=1904","title":{"rendered":"Proiectul national, Caligrafia- arta scrisului frumos"},"content":{"rendered":"\n<figure class=\"wp-block-image size-full is-resized\"><img loading=\"lazy\" decoding=\"async\" src=\"https:\/\/scoalanr178.ro\/wp-content\/uploads\/2022\/06\/16839698_10202763876375942_1920344296_n.jpg\" alt=\"\" class=\"wp-image-1905\" width=\"720\" height=\"540\"\/><\/figure>\n\n\n\n<p>Bibliotecii Nationale a Romaniei, precum si de reprezentanti ai Muzeului Contemporan al Caligrafiei din Moscova si ai Asociatiei LECS.<\/p>\n\n\n\n<p>Din \u0219coala noastr\u0103 au participat un num\u0103r foarte mare de elevi \u0219i cadre diactice. Au fost ob\u021binute rezultate deosebite la GRUPA DE V\u00c2RST\u0102 8 \u2014 12 ANI:<\/p>\n\n\n\n<p>Premiul al II-lea se acord\u0103 elevei Alexandra Console din cls a VI-a A, cu lucrarea fragment din opera \u201eDintre sute de catarge\u201d, autor Mihai Eminescu;<\/p>\n\n\n\n<p>Premiul al III-lea se acord\u0103 elevei Ana Maria Mari\u021ba din cls a VI-a A, cu lucrarea fragment din opera \u201eC\u0103r\u021bile\u201d, autor Mihai Eminescu.<\/p>\n\n\n\n<p>Elevele au fost coordonate de doamna profesor C\u00eerje Iuliana.<\/p>\n\n\n\n<p>Lista castigatorilor Concursului National de Caligrafie a fost afisata pe site-ul http:\/\/www.educatie.ong\/proiect\/scrisul-frumos-o-arta\/<\/p>\n\n\n\n<p>La Telejurnalul TVR1, a fost prezentat proiectul \u2013 min 32:44: http:\/\/www.tvrplus.ro\/\/editie-telejurnal-539753<\/p>\n\n\n\n<p>Premierea a avut loc in data de 16 februarie 2017 la Biblioteca Na\u021bional\u0103 a Rom\u00e2niei unde se organizeaz\u0103 evenimentul expozi\u021bional ExpoCaligrafia, \u00een perioada 16 februarie-16 martie 2017.<\/p>\n\n\n\n<figure class=\"wp-block-gallery has-nested-images columns-7 is-cropped wp-block-gallery-1 is-layout-flex wp-block-gallery-is-layout-flex\">\n<figure class=\"wp-block-image size-thumbnail\"><a href=\"https:\/\/scoalanr178.ro\/wp-content\/uploads\/2022\/06\/16806655_835568103248367_3906225079873765217_n.jpg\"><img decoding=\"async\" data-id=\"1906\" src=\"https:\/\/scoalanr178.ro\/wp-content\/uploads\/2022\/06\/16806655_835568103248367_3906225079873765217_n-150x150.jpg\" alt=\"\" class=\"wp-image-1906\"\/><\/a><\/figure>\n\n\n\n<figure class=\"wp-block-image size-thumbnail\"><a href=\"https:\/\/scoalanr178.ro\/wp-content\/uploads\/2022\/06\/16807826_835568136581697_8984075359661855019_n.jpg\"><img decoding=\"async\" data-id=\"1907\" src=\"https:\/\/scoalanr178.ro\/wp-content\/uploads\/2022\/06\/16807826_835568136581697_8984075359661855019_n-150x150.jpg\" alt=\"\" class=\"wp-image-1907\"\/><\/a><\/figure>\n\n\n\n<figure class=\"wp-block-image size-thumbnail\"><a href=\"https:\/\/scoalanr178.ro\/wp-content\/uploads\/2022\/06\/16839698_10202763876375942_1920344296_n-1.jpg\"><img decoding=\"async\" data-id=\"1908\" src=\"https:\/\/scoalanr178.ro\/wp-content\/uploads\/2022\/06\/16839698_10202763876375942_1920344296_n-1-150x150.jpg\" alt=\"\" class=\"wp-image-1908\"\/><\/a><\/figure>\n\n\n\n<figure class=\"wp-block-image size-thumbnail\"><a href=\"https:\/\/scoalanr178.ro\/wp-content\/uploads\/2022\/06\/16900351_10202763876175937_697051337_n.jpg\"><img decoding=\"async\" data-id=\"1909\" src=\"https:\/\/scoalanr178.ro\/wp-content\/uploads\/2022\/06\/16900351_10202763876175937_697051337_n-150x150.jpg\" alt=\"\" class=\"wp-image-1909\"\/><\/a><\/figure>\n\n\n\n<figure class=\"wp-block-image size-thumbnail\"><a href=\"https:\/\/scoalanr178.ro\/wp-content\/uploads\/2022\/06\/16923370_10202763877135961_722352402_n.jpg\"><img decoding=\"async\" data-id=\"1910\" src=\"https:\/\/scoalanr178.ro\/wp-content\/uploads\/2022\/06\/16923370_10202763877135961_722352402_n-150x150.jpg\" alt=\"\" class=\"wp-image-1910\"\/><\/a><\/figure>\n\n\n\n<figure class=\"wp-block-image size-thumbnail\"><a href=\"https:\/\/scoalanr178.ro\/wp-content\/uploads\/2022\/06\/16923731_10202763876935956_1579987425_n.jpg\"><img decoding=\"async\" data-id=\"1911\" src=\"https:\/\/scoalanr178.ro\/wp-content\/uploads\/2022\/06\/16923731_10202763876935956_1579987425_n-150x150.jpg\" alt=\"\" class=\"wp-image-1911\"\/><\/a><\/figure>\n\n\n\n<figure class=\"wp-block-image size-thumbnail\"><a href=\"https:\/\/scoalanr178.ro\/wp-content\/uploads\/2022\/06\/16923916_10202763877215963_911301313_n.jpg\"><img decoding=\"async\" data-id=\"1912\" src=\"https:\/\/scoalanr178.ro\/wp-content\/uploads\/2022\/06\/16923916_10202763877215963_911301313_n-150x150.jpg\" alt=\"\" class=\"wp-image-1912\"\/><\/a><\/figure>\n\n\n\n<figure class=\"wp-block-image size-thumbnail\"><a href=\"https:\/\/scoalanr178.ro\/wp-content\/uploads\/2022\/06\/16923927_10202763877295965_773661560_n.jpg\"><img decoding=\"async\" data-id=\"1913\" src=\"https:\/\/scoalanr178.ro\/wp-content\/uploads\/2022\/06\/16923927_10202763877295965_773661560_n-150x150.jpg\" alt=\"\" class=\"wp-image-1913\"\/><\/a><\/figure>\n\n\n\n<figure class=\"wp-block-image size-thumbnail\"><a href=\"https:\/\/scoalanr178.ro\/wp-content\/uploads\/2022\/06\/16924186_10202763876415943_2018496157_n.jpg\"><img decoding=\"async\" data-id=\"1914\" src=\"https:\/\/scoalanr178.ro\/wp-content\/uploads\/2022\/06\/16924186_10202763876415943_2018496157_n-150x150.jpg\" alt=\"\" class=\"wp-image-1914\"\/><\/a><\/figure>\n\n\n\n<figure class=\"wp-block-image size-thumbnail\"><a href=\"https:\/\/scoalanr178.ro\/wp-content\/uploads\/2022\/06\/16924199_10202763876335941_1116751220_n.jpg\"><img decoding=\"async\" data-id=\"1915\" src=\"https:\/\/scoalanr178.ro\/wp-content\/uploads\/2022\/06\/16924199_10202763876335941_1116751220_n-150x150.jpg\" alt=\"\" class=\"wp-image-1915\"\/><\/a><\/figure>\n\n\n\n<figure class=\"wp-block-image size-thumbnail\"><a href=\"https:\/\/scoalanr178.ro\/wp-content\/uploads\/2022\/06\/diploma-pr.2-e1487710666523.jpg\"><img decoding=\"async\" data-id=\"1916\" src=\"https:\/\/scoalanr178.ro\/wp-content\/uploads\/2022\/06\/diploma-pr.2-e1487710666523-150x150.jpg\" alt=\"\" class=\"wp-image-1916\"\/><\/a><\/figure>\n\n\n\n<figure class=\"wp-block-image size-thumbnail\"><a href=\"https:\/\/scoalanr178.ro\/wp-content\/uploads\/2022\/06\/diploma-pr-III-e1487710631594.jpg\"><img decoding=\"async\" data-id=\"1917\" src=\"https:\/\/scoalanr178.ro\/wp-content\/uploads\/2022\/06\/diploma-pr-III-e1487710631594-150x150.jpg\" alt=\"\" class=\"wp-image-1917\"\/><\/a><\/figure>\n\n\n\n<figure class=\"wp-block-image size-thumbnail\"><a href=\"https:\/\/scoalanr178.ro\/wp-content\/uploads\/2022\/06\/16700680_836209193184258_7171433530069066300_o.jpg\"><img decoding=\"async\" data-id=\"1918\" src=\"https:\/\/scoalanr178.ro\/wp-content\/uploads\/2022\/06\/16700680_836209193184258_7171433530069066300_o-150x150.jpg\" alt=\"\" class=\"wp-image-1918\"\/><\/a><\/figure>\n<\/figure>\n","protected":false},"excerpt":{"rendered":"<p>Bibliotecii Nationale a Romaniei, precum si de reprezentanti ai Muzeului Contemporan al Caligrafiei din Moscova si ai Asociatiei LECS. Din \u0219coala noastr\u0103 au participat un num\u0103r foarte mare de elevi \u0219i cadre diactice. Au fost ob\u021binute rezultate deosebite la GRUPA DE V\u00c2RST\u0102 8 \u2014 12 ANI: Premiul al II-lea se acord\u0103 elevei Alexandra Console din cls a VI-a A, cu lucrarea fragment din opera \u201eDintre sute de catarge\u201d, autor Mihai Eminescu; Premiul al III-lea se acord\u0103 elevei Ana Maria Mari\u021ba din cls a VI-a A, cu lucrarea fragment din opera \u201eC\u0103r\u021bile\u201d, autor Mihai Eminescu. Elevele au fost coordonate de doamna profesor C\u00eerje Iuliana. Lista castigatorilor<span class=\"more-link-wrap\"><a class=\"more-link\" href=\"https:\/\/scoalanr178.ro\/?page_id=1904\">Read More &rarr;<\/a><\/span><\/p>\n","protected":false},"author":1,"featured_media":0,"parent":0,"menu_order":0,"comment_status":"closed","ping_status":"closed","template":"","meta":{"footnotes":""},"class_list":["entry","author-stefan-gheorghe","post-1904","page","type-page","status-publish"],"_links":{"self":[{"href":"https:\/\/scoalanr178.ro\/index.php?rest_route=\/wp\/v2\/pages\/1904","targetHints":{"allow":["GET"]}}],"collection":[{"href":"https:\/\/scoalanr178.ro\/index.php?rest_route=\/wp\/v2\/pages"}],"about":[{"href":"https:\/\/scoalanr178.ro\/index.php?rest_route=\/wp\/v2\/types\/page"}],"author":[{"embeddable":true,"href":"https:\/\/scoalanr178.ro\/index.php?rest_route=\/wp\/v2\/users\/1"}],"replies":[{"embeddable":true,"href":"https:\/\/scoalanr178.ro\/index.php?rest_route=%2Fwp%2Fv2%2Fcomments&post=1904"}],"version-history":[{"count":0,"href":"https:\/\/scoalanr178.ro\/index.php?rest_route=\/wp\/v2\/pages\/1904\/revisions"}],"wp:attachment":[{"href":"https:\/\/scoalanr178.ro\/index.php?rest_route=%2Fwp%2Fv2%2Fmedia&parent=1904"}],"curies":[{"name":"wp","href":"https:\/\/api.w.org\/{rel}","templated":true}]}}