{"id":1890,"date":"2022-06-22T09:35:51","date_gmt":"2022-06-22T09:35:51","guid":{"rendered":"http:\/\/scoalanr178.ro\/?page_id=1890"},"modified":"2022-06-22T09:35:51","modified_gmt":"2022-06-22T09:35:51","slug":"editia-a-ii-a-a-proiectului-educational-stelutele-uniunii-europene-9-mai-2016","status":"publish","type":"page","link":"https:\/\/scoalanr178.ro\/?page_id=1890","title":{"rendered":"EDITIA A II-A a PROIECTULUI EDUCA\u021aIONAL \u201dSTELU\u021aELE UNIUNII EUROPENE\u201d 9 MAI 2016"},"content":{"rendered":"\n<figure class=\"wp-block-image size-large\"><img decoding=\"async\" src=\"https:\/\/scoalanr178.ro\/wp-content\/uploads\/2022\/06\/178-1024x576.jpg\" alt=\"\" class=\"wp-image-1891\"\/><\/figure>\n\n\n\n<p>La 9 mai &nbsp;s\u0103rb\u0103torim PACEA \u0218I UNITATEA \u00een Europa .<\/p>\n\n\n\n<p>Manifest\u0103rile&nbsp;&nbsp; organizate cu acest prilej la Scoala Gimnaziala Nr 178 , dovedesc faptul ca buna educare a elevilor de astazi&nbsp;<strong>va fi o bucurie pentru familie&nbsp;<em>,&nbsp;<\/em><\/strong><em><strong>o speran\u0163\u0103 pentru societate \u015fi un dar pentru poporul \u00een care tr\u0103ie\u0219te<\/strong><\/em><strong><em>.<\/em><\/strong><\/p>\n\n\n\n<p>Europa devine o comunitate de state, ce cultiv\u0103 un set de valori comune \u015fi un ideal politic, toate acestea fiind reprezentate prin motto-ul Uniunii Europene : \u201cUnit\u0103 \u00een diversitate !\u201d, care simbolizeaz\u0103 faptul c\u0103, prin intermediul Uniunii Europene, popula\u0163ia european\u0103 este unit\u0103 \u00een promovarea p\u0103cii \u015fi prosperit\u0103\u0163ii, \u015fi c\u0103 diversitatea cultural\u0103, de tradi\u0163ii \u015fi limbi a Europei constituie un element pozitiv pentru acest continent, idealul european fiind \u00een sine, o realitate \u00een devenire, care va continua s\u0103 \u00eenfloreasc\u0103.<\/p>\n\n\n\n<figure class=\"wp-block-gallery has-nested-images columns-5 is-cropped wp-block-gallery-1 is-layout-flex wp-block-gallery-is-layout-flex\">\n<figure class=\"wp-block-image size-large\"><img loading=\"lazy\" decoding=\"async\" width=\"800\" height=\"600\" data-id=\"1892\" src=\"https:\/\/scoalanr178.ro\/wp-content\/uploads\/2022\/06\/20160509_124221-e1462801061548.jpg\" alt=\"\" class=\"wp-image-1892\"\/><\/figure>\n\n\n\n<figure class=\"wp-block-image size-large\"><img loading=\"lazy\" decoding=\"async\" width=\"800\" height=\"600\" data-id=\"1893\" src=\"https:\/\/scoalanr178.ro\/wp-content\/uploads\/2022\/06\/20160509_123550-e1462801043854.jpg\" alt=\"\" class=\"wp-image-1893\"\/><\/figure>\n\n\n\n<figure class=\"wp-block-image size-large\"><img loading=\"lazy\" decoding=\"async\" width=\"800\" height=\"600\" data-id=\"1894\" src=\"https:\/\/scoalanr178.ro\/wp-content\/uploads\/2022\/06\/image-bd9bdd2534ae86b74adef91da405217814636ffdb7fd68ed276e9f25b182283c-V-e1462801146298.jpg\" alt=\"\" class=\"wp-image-1894\"\/><\/figure>\n\n\n\n<figure class=\"wp-block-image size-large\"><img loading=\"lazy\" decoding=\"async\" width=\"800\" height=\"600\" data-id=\"1895\" src=\"https:\/\/scoalanr178.ro\/wp-content\/uploads\/2022\/06\/image-c45ed4a5791d39114f74e693ab2b927dfa89d62381acb0ce2331085268152ed5-V-e1462801131844.jpg\" alt=\"\" class=\"wp-image-1895\"\/><\/figure>\n\n\n\n<figure class=\"wp-block-image size-large\"><img loading=\"lazy\" decoding=\"async\" width=\"800\" height=\"600\" data-id=\"1896\" src=\"https:\/\/scoalanr178.ro\/wp-content\/uploads\/2022\/06\/image-cb7a9aa4430f107e4f1fa59eb48bb627bdfa1be41ca3a243f2068f08a1f5da62-V-e1462801114171.jpg\" alt=\"\" class=\"wp-image-1896\"\/><\/figure>\n\n\n\n<figure class=\"wp-block-image size-large\"><img loading=\"lazy\" decoding=\"async\" width=\"1280\" height=\"960\" data-id=\"1897\" src=\"https:\/\/scoalanr178.ro\/wp-content\/uploads\/2022\/06\/image-d03322fe95f3155af8df7444b0715aa0fa729b6eda6b2d9235d88f10c06c9f66-V.jpg\" alt=\"\" class=\"wp-image-1897\"\/><\/figure>\n\n\n\n<figure class=\"wp-block-image size-large\"><img loading=\"lazy\" decoding=\"async\" width=\"800\" height=\"600\" data-id=\"1898\" src=\"https:\/\/scoalanr178.ro\/wp-content\/uploads\/2022\/06\/image-b77e3ef20aadbd114722b961eabdcf7f6c85e3c9381f6f9a1cbd936f62511a83-V-e1462801163987.jpg\" alt=\"\" class=\"wp-image-1898\"\/><\/figure>\n\n\n\n<figure class=\"wp-block-image size-large\"><img loading=\"lazy\" decoding=\"async\" width=\"800\" height=\"600\" data-id=\"1899\" src=\"https:\/\/scoalanr178.ro\/wp-content\/uploads\/2022\/06\/poza-1-e1462801328563.jpg\" alt=\"\" class=\"wp-image-1899\"\/><\/figure>\n\n\n\n<figure class=\"wp-block-image size-large\"><img loading=\"lazy\" decoding=\"async\" width=\"1024\" height=\"768\" data-id=\"1900\" src=\"https:\/\/scoalanr178.ro\/wp-content\/uploads\/2022\/06\/20160509_113100.jpg\" alt=\"\" class=\"wp-image-1900\"\/><\/figure>\n\n\n\n<figure class=\"wp-block-image size-large\"><img loading=\"lazy\" decoding=\"async\" width=\"1024\" height=\"768\" data-id=\"1901\" src=\"https:\/\/scoalanr178.ro\/wp-content\/uploads\/2022\/06\/20160509_113050.jpg\" alt=\"\" class=\"wp-image-1901\"\/><\/figure>\n<\/figure>\n","protected":false},"excerpt":{"rendered":"<p>La 9 mai &nbsp;s\u0103rb\u0103torim PACEA \u0218I UNITATEA \u00een Europa . Manifest\u0103rile&nbsp;&nbsp; organizate cu acest prilej la Scoala Gimnaziala Nr 178 , dovedesc faptul ca buna educare a elevilor de astazi&nbsp;va fi o bucurie pentru familie&nbsp;,&nbsp;o speran\u0163\u0103 pentru societate \u015fi un dar pentru poporul \u00een care tr\u0103ie\u0219te. Europa devine o comunitate de state, ce cultiv\u0103 un set de valori comune \u015fi un ideal politic, toate acestea fiind reprezentate prin motto-ul Uniunii Europene : \u201cUnit\u0103 \u00een diversitate !\u201d, care simbolizeaz\u0103 faptul c\u0103, prin intermediul Uniunii Europene, popula\u0163ia european\u0103 este unit\u0103 \u00een promovarea p\u0103cii \u015fi prosperit\u0103\u0163ii, \u015fi c\u0103 diversitatea cultural\u0103, de tradi\u0163ii \u015fi limbi a Europei constituie un<span class=\"more-link-wrap\"><a class=\"more-link\" href=\"https:\/\/scoalanr178.ro\/?page_id=1890\">Read More &rarr;<\/a><\/span><\/p>\n","protected":false},"author":1,"featured_media":0,"parent":0,"menu_order":0,"comment_status":"closed","ping_status":"closed","template":"","meta":{"footnotes":""},"class_list":["entry","author-stefan-gheorghe","post-1890","page","type-page","status-publish"],"_links":{"self":[{"href":"https:\/\/scoalanr178.ro\/index.php?rest_route=\/wp\/v2\/pages\/1890","targetHints":{"allow":["GET"]}}],"collection":[{"href":"https:\/\/scoalanr178.ro\/index.php?rest_route=\/wp\/v2\/pages"}],"about":[{"href":"https:\/\/scoalanr178.ro\/index.php?rest_route=\/wp\/v2\/types\/page"}],"author":[{"embeddable":true,"href":"https:\/\/scoalanr178.ro\/index.php?rest_route=\/wp\/v2\/users\/1"}],"replies":[{"embeddable":true,"href":"https:\/\/scoalanr178.ro\/index.php?rest_route=%2Fwp%2Fv2%2Fcomments&post=1890"}],"version-history":[{"count":0,"href":"https:\/\/scoalanr178.ro\/index.php?rest_route=\/wp\/v2\/pages\/1890\/revisions"}],"wp:attachment":[{"href":"https:\/\/scoalanr178.ro\/index.php?rest_route=%2Fwp%2Fv2%2Fmedia&parent=1890"}],"curies":[{"name":"wp","href":"https:\/\/api.w.org\/{rel}","templated":true}]}}