{"id":1680,"date":"2022-05-23T16:09:22","date_gmt":"2022-05-23T16:09:22","guid":{"rendered":"http:\/\/scoalanr178.ro\/?page_id=1680"},"modified":"2024-06-09T19:40:18","modified_gmt":"2024-06-09T19:40:18","slug":"activitate-ganduri-despre-marea-unire-29-xi-2017","status":"publish","type":"page","link":"https:\/\/scoalanr178.ro\/?page_id=1680","title":{"rendered":"ACTIVITATE \u201dG\u00c2NDURI DESPRE MAREA UNIRE\u201d \u2013 29.XI.2017"},"content":{"rendered":"\n<h2 class=\"wp-block-heading\">ACTIVITATE \u201dG\u00c2NDURI DESPRE MAREA UNIRE\u201d \u2013 29.XI.2017<\/h2>\n\n\n\n<figure class=\"wp-block-image size-full is-style-default\"><img loading=\"lazy\" decoding=\"async\" width=\"640\" height=\"480\" src=\"https:\/\/scoalanr178.ro\/wp-content\/uploads\/2022\/05\/IMG_7634-1.jpg\" alt=\"\" class=\"wp-image-1699\"\/><\/figure>\n\n\n\n<p>O semnalare a ac\u0163iunii dedicate Unirii, ca exemplu de aplicare a programului la nivel larg, \u00een Tribuna \u00eenv\u0103\u0163\u0103m\u00e2ntului din 4 decembrie 2017, p. 3:<\/p>\n\n\n\n<h3 class=\"wp-block-heading\"><a href=\"http:\/\/www.tribunainvatamantului.ro\/scoala-educatia-cunoasterea-istoriei-calea-catre-edificarea-viitorului-in-spiritul-idealului-romaniei-mari\/\" target=\"_blank\" rel=\"noreferrer noopener\">http:\/\/www.<wbr>tribunainvatamantului.ro\/<wbr>scoala-educatia-cunoasterea-<wbr>istoriei-calea-catre-<wbr>edificarea-viitorului-in-<wbr>spiritul-idealului-romaniei-<wbr>mari\/<\/a><\/h3>\n\n\n\n<figure class=\"wp-block-gallery has-nested-images columns-7 is-cropped wp-block-gallery-1 is-layout-flex wp-block-gallery-is-layout-flex\">\n<figure class=\"wp-block-image size-thumbnail is-style-default\"><a href=\"https:\/\/scoalanr178.ro\/wp-content\/uploads\/2022\/05\/IMG_7757.jpg\"><img decoding=\"async\" data-id=\"1707\" src=\"https:\/\/scoalanr178.ro\/wp-content\/uploads\/2022\/05\/IMG_7757-150x150.jpg\" alt=\"\" class=\"wp-image-1707\"\/><\/a><\/figure>\n\n\n\n<figure class=\"wp-block-image size-thumbnail is-style-default\"><a href=\"https:\/\/scoalanr178.ro\/wp-content\/uploads\/2022\/05\/IMG_7701.jpg\"><img decoding=\"async\" data-id=\"1706\" src=\"https:\/\/scoalanr178.ro\/wp-content\/uploads\/2022\/05\/IMG_7701-150x150.jpg\" alt=\"\" class=\"wp-image-1706\"\/><\/a><\/figure>\n\n\n\n<figure class=\"wp-block-image size-thumbnail is-style-default\"><a href=\"https:\/\/scoalanr178.ro\/wp-content\/uploads\/2022\/05\/IMG_7687.jpg\"><img decoding=\"async\" data-id=\"1705\" src=\"https:\/\/scoalanr178.ro\/wp-content\/uploads\/2022\/05\/IMG_7687-150x150.jpg\" alt=\"\" class=\"wp-image-1705\"\/><\/a><\/figure>\n\n\n\n<figure class=\"wp-block-image size-thumbnail is-style-default\"><a href=\"https:\/\/scoalanr178.ro\/wp-content\/uploads\/2022\/05\/IMG_7678.jpg\"><img decoding=\"async\" data-id=\"1704\" src=\"https:\/\/scoalanr178.ro\/wp-content\/uploads\/2022\/05\/IMG_7678-150x150.jpg\" alt=\"\" class=\"wp-image-1704\"\/><\/a><\/figure>\n\n\n\n<figure class=\"wp-block-image size-thumbnail is-style-default\"><a href=\"https:\/\/scoalanr178.ro\/wp-content\/uploads\/2022\/05\/IMG_7654.jpg\"><img decoding=\"async\" data-id=\"1703\" src=\"https:\/\/scoalanr178.ro\/wp-content\/uploads\/2022\/05\/IMG_7654-150x150.jpg\" alt=\"\" class=\"wp-image-1703\"\/><\/a><\/figure>\n\n\n\n<figure class=\"wp-block-image size-thumbnail is-style-default\"><a href=\"https:\/\/scoalanr178.ro\/wp-content\/uploads\/2022\/05\/IMG_7651.jpg\"><img decoding=\"async\" data-id=\"1702\" src=\"https:\/\/scoalanr178.ro\/wp-content\/uploads\/2022\/05\/IMG_7651-150x150.jpg\" alt=\"\" class=\"wp-image-1702\"\/><\/a><\/figure>\n\n\n\n<figure class=\"wp-block-image size-thumbnail is-style-default\"><a href=\"https:\/\/scoalanr178.ro\/wp-content\/uploads\/2022\/05\/IMG_7646.jpg\"><img decoding=\"async\" data-id=\"1701\" src=\"https:\/\/scoalanr178.ro\/wp-content\/uploads\/2022\/05\/IMG_7646-150x150.jpg\" alt=\"\" class=\"wp-image-1701\"\/><\/a><\/figure>\n\n\n\n<figure class=\"wp-block-image size-thumbnail is-style-default\"><a href=\"https:\/\/scoalanr178.ro\/wp-content\/uploads\/2022\/05\/IMG_7634-1.jpg\"><img decoding=\"async\" data-id=\"1699\" src=\"https:\/\/scoalanr178.ro\/wp-content\/uploads\/2022\/05\/IMG_7634-1-150x150.jpg\" alt=\"\" class=\"wp-image-1699\"\/><\/a><\/figure>\n\n\n\n<figure class=\"wp-block-image size-thumbnail is-style-default\"><a href=\"https:\/\/scoalanr178.ro\/wp-content\/uploads\/2022\/05\/IMG_7634-2.jpg\"><img decoding=\"async\" data-id=\"1700\" src=\"https:\/\/scoalanr178.ro\/wp-content\/uploads\/2022\/05\/IMG_7634-2-150x150.jpg\" alt=\"\" class=\"wp-image-1700\"\/><\/a><\/figure>\n\n\n\n<figure class=\"wp-block-image size-thumbnail is-style-default\"><a href=\"https:\/\/scoalanr178.ro\/wp-content\/uploads\/2022\/05\/IMG_8658.jpg\"><img decoding=\"async\" data-id=\"1690\" src=\"https:\/\/scoalanr178.ro\/wp-content\/uploads\/2022\/05\/IMG_8658-150x150.jpg\" alt=\"\" class=\"wp-image-1690\"\/><\/a><\/figure>\n\n\n\n<figure class=\"wp-block-image size-thumbnail is-style-default\"><a href=\"https:\/\/scoalanr178.ro\/wp-content\/uploads\/2022\/05\/IMG_8663.jpg\"><img decoding=\"async\" data-id=\"1691\" src=\"https:\/\/scoalanr178.ro\/wp-content\/uploads\/2022\/05\/IMG_8663-150x150.jpg\" alt=\"\" class=\"wp-image-1691\"\/><\/a><\/figure>\n\n\n\n<figure class=\"wp-block-image size-thumbnail is-style-default\"><a href=\"https:\/\/scoalanr178.ro\/wp-content\/uploads\/2022\/05\/IMG_8668.jpg\"><img decoding=\"async\" data-id=\"1692\" src=\"https:\/\/scoalanr178.ro\/wp-content\/uploads\/2022\/05\/IMG_8668-150x150.jpg\" alt=\"\" class=\"wp-image-1692\"\/><\/a><\/figure>\n\n\n\n<figure class=\"wp-block-image size-thumbnail is-style-default\"><a href=\"https:\/\/scoalanr178.ro\/wp-content\/uploads\/2022\/05\/IMG_8674.jpg\"><img decoding=\"async\" data-id=\"1693\" src=\"https:\/\/scoalanr178.ro\/wp-content\/uploads\/2022\/05\/IMG_8674-150x150.jpg\" alt=\"\" class=\"wp-image-1693\"\/><\/a><\/figure>\n\n\n\n<figure class=\"wp-block-image size-thumbnail is-style-default\"><a href=\"https:\/\/scoalanr178.ro\/wp-content\/uploads\/2022\/05\/IMG_8733.jpg\"><img decoding=\"async\" data-id=\"1695\" src=\"https:\/\/scoalanr178.ro\/wp-content\/uploads\/2022\/05\/IMG_8733-150x150.jpg\" alt=\"\" class=\"wp-image-1695\"\/><\/a><\/figure>\n\n\n\n<figure class=\"wp-block-image size-thumbnail is-style-default\"><a href=\"https:\/\/scoalanr178.ro\/wp-content\/uploads\/2022\/05\/IMG_8729.jpg\"><img decoding=\"async\" data-id=\"1694\" src=\"https:\/\/scoalanr178.ro\/wp-content\/uploads\/2022\/05\/IMG_8729-150x150.jpg\" alt=\"\" class=\"wp-image-1694\"\/><\/a><\/figure>\n\n\n\n<figure class=\"wp-block-image size-thumbnail is-style-default\"><a href=\"https:\/\/scoalanr178.ro\/wp-content\/uploads\/2022\/05\/IMG_8736.jpg\"><img decoding=\"async\" data-id=\"1696\" src=\"https:\/\/scoalanr178.ro\/wp-content\/uploads\/2022\/05\/IMG_8736-150x150.jpg\" alt=\"\" class=\"wp-image-1696\"\/><\/a><\/figure>\n\n\n\n<figure class=\"wp-block-image size-thumbnail is-style-default\"><a href=\"https:\/\/scoalanr178.ro\/wp-content\/uploads\/2022\/05\/IMG_8694.jpg\"><img decoding=\"async\" data-id=\"1697\" src=\"https:\/\/scoalanr178.ro\/wp-content\/uploads\/2022\/05\/IMG_8694-150x150.jpg\" alt=\"\" class=\"wp-image-1697\"\/><\/a><\/figure>\n\n\n\n<figure class=\"wp-block-image size-thumbnail is-style-default\"><a href=\"https:\/\/scoalanr178.ro\/wp-content\/uploads\/2022\/05\/Ganduri-despre-Marea-Unire.jpg\"><img decoding=\"async\" data-id=\"1698\" src=\"https:\/\/scoalanr178.ro\/wp-content\/uploads\/2022\/05\/Ganduri-despre-Marea-Unire-150x150.jpg\" alt=\"\" class=\"wp-image-1698\"\/><\/a><\/figure>\n\n\n\n<figure class=\"wp-block-image size-thumbnail is-style-default\"><a href=\"https:\/\/scoalanr178.ro\/wp-content\/uploads\/2022\/05\/IMG_8655.jpg\"><img decoding=\"async\" data-id=\"1689\" src=\"https:\/\/scoalanr178.ro\/wp-content\/uploads\/2022\/05\/IMG_8655-150x150.jpg\" alt=\"\" class=\"wp-image-1689\"\/><\/a><\/figure>\n\n\n\n<figure class=\"wp-block-image size-thumbnail is-style-default\"><a href=\"https:\/\/scoalanr178.ro\/wp-content\/uploads\/2022\/05\/IMG_8644.jpg\"><img decoding=\"async\" data-id=\"1688\" src=\"https:\/\/scoalanr178.ro\/wp-content\/uploads\/2022\/05\/IMG_8644-150x150.jpg\" alt=\"\" class=\"wp-image-1688\"\/><\/a><\/figure>\n\n\n\n<figure class=\"wp-block-image size-thumbnail is-style-default\"><a href=\"https:\/\/scoalanr178.ro\/wp-content\/uploads\/2022\/05\/IMG_8640.jpg\"><img decoding=\"async\" data-id=\"1687\" src=\"https:\/\/scoalanr178.ro\/wp-content\/uploads\/2022\/05\/IMG_8640-150x150.jpg\" alt=\"\" class=\"wp-image-1687\"\/><\/a><\/figure>\n\n\n\n<figure class=\"wp-block-image size-thumbnail is-style-default\"><a href=\"https:\/\/scoalanr178.ro\/wp-content\/uploads\/2022\/05\/IMG_8638.jpg\"><img decoding=\"async\" data-id=\"1686\" src=\"https:\/\/scoalanr178.ro\/wp-content\/uploads\/2022\/05\/IMG_8638-150x150.jpg\" alt=\"\" class=\"wp-image-1686\"\/><\/a><\/figure>\n\n\n\n<figure class=\"wp-block-image size-thumbnail is-style-default\"><a href=\"https:\/\/scoalanr178.ro\/wp-content\/uploads\/2022\/05\/IMG_8635.jpg\"><img decoding=\"async\" data-id=\"1685\" src=\"https:\/\/scoalanr178.ro\/wp-content\/uploads\/2022\/05\/IMG_8635-150x150.jpg\" alt=\"\" class=\"wp-image-1685\"\/><\/a><\/figure>\n\n\n\n<figure class=\"wp-block-image size-thumbnail is-style-default\"><a href=\"https:\/\/scoalanr178.ro\/wp-content\/uploads\/2022\/05\/IMG_7799.jpg\"><img decoding=\"async\" data-id=\"1684\" src=\"https:\/\/scoalanr178.ro\/wp-content\/uploads\/2022\/05\/IMG_7799-150x150.jpg\" alt=\"\" class=\"wp-image-1684\"\/><\/a><\/figure>\n\n\n\n<figure class=\"wp-block-image size-thumbnail is-style-default\"><a href=\"https:\/\/scoalanr178.ro\/wp-content\/uploads\/2022\/05\/IMG_7758.jpg\"><img decoding=\"async\" data-id=\"1682\" src=\"https:\/\/scoalanr178.ro\/wp-content\/uploads\/2022\/05\/IMG_7758-150x150.jpg\" alt=\"\" class=\"wp-image-1682\"\/><\/a><\/figure>\n\n\n\n<figure class=\"wp-block-image size-thumbnail is-style-default\"><a href=\"https:\/\/scoalanr178.ro\/wp-content\/uploads\/2022\/05\/IMG_8859.jpg\"><img decoding=\"async\" data-id=\"1677\" src=\"https:\/\/scoalanr178.ro\/wp-content\/uploads\/2022\/05\/IMG_8859-150x150.jpg\" alt=\"\" class=\"wp-image-1677\"\/><\/a><\/figure>\n\n\n\n<figure class=\"wp-block-image size-thumbnail is-style-default\"><a href=\"https:\/\/scoalanr178.ro\/wp-content\/uploads\/2022\/05\/IMG_7772.jpg\"><img decoding=\"async\" data-id=\"1683\" src=\"https:\/\/scoalanr178.ro\/wp-content\/uploads\/2022\/05\/IMG_7772-150x150.jpg\" alt=\"\" class=\"wp-image-1683\"\/><\/a><\/figure>\n\n\n\n<figure class=\"wp-block-image size-thumbnail is-style-default\"><a href=\"https:\/\/scoalanr178.ro\/wp-content\/uploads\/2022\/05\/IMG_8852-1024x768-1.jpg\"><img decoding=\"async\" data-id=\"1673\" src=\"https:\/\/scoalanr178.ro\/wp-content\/uploads\/2022\/05\/IMG_8852-1024x768-1-150x150.jpg\" alt=\"\" class=\"wp-image-1673\"\/><\/a><\/figure>\n\n\n\n<figure class=\"wp-block-image size-thumbnail is-style-default\"><a href=\"https:\/\/scoalanr178.ro\/wp-content\/uploads\/2022\/05\/IMG_8849-1-1024x768-1.jpg\"><img decoding=\"async\" data-id=\"1672\" src=\"https:\/\/scoalanr178.ro\/wp-content\/uploads\/2022\/05\/IMG_8849-1-1024x768-1-150x150.jpg\" alt=\"\" class=\"wp-image-1672\"\/><\/a><\/figure>\n\n\n\n<figure class=\"wp-block-image size-thumbnail is-style-default\"><a href=\"https:\/\/scoalanr178.ro\/wp-content\/uploads\/2022\/05\/IMG_8858.jpg\"><img decoding=\"async\" data-id=\"1674\" src=\"https:\/\/scoalanr178.ro\/wp-content\/uploads\/2022\/05\/IMG_8858-150x150.jpg\" alt=\"\" class=\"wp-image-1674\"\/><\/a><\/figure>\n\n\n\n<figure class=\"wp-block-image size-thumbnail is-style-default\"><a href=\"https:\/\/scoalanr178.ro\/wp-content\/uploads\/2022\/05\/IMG_8860.jpg\"><img decoding=\"async\" data-id=\"1675\" src=\"https:\/\/scoalanr178.ro\/wp-content\/uploads\/2022\/05\/IMG_8860-150x150.jpg\" alt=\"\" class=\"wp-image-1675\"\/><\/a><\/figure>\n\n\n\n<figure class=\"wp-block-image size-thumbnail is-style-default\"><a href=\"https:\/\/scoalanr178.ro\/wp-content\/uploads\/2022\/05\/IMG_8870-1-1024x768-1.jpg\"><img decoding=\"async\" data-id=\"1676\" src=\"https:\/\/scoalanr178.ro\/wp-content\/uploads\/2022\/05\/IMG_8870-1-1024x768-1-150x150.jpg\" alt=\"\" class=\"wp-image-1676\"\/><\/a><\/figure>\n<\/figure>\n","protected":false},"excerpt":{"rendered":"<p>ACTIVITATE \u201dG\u00c2NDURI DESPRE MAREA UNIRE\u201d \u2013 29.XI.2017 O semnalare a ac\u0163iunii dedicate Unirii, ca exemplu de aplicare a programului la nivel larg, \u00een Tribuna \u00eenv\u0103\u0163\u0103m\u00e2ntului din 4 decembrie 2017, p. 3: http:\/\/www.tribunainvatamantului.ro\/scoala-educatia-cunoasterea-istoriei-calea-catre-edificarea-viitorului-in-spiritul-idealului-romaniei-mari\/<span class=\"more-link-wrap\"><a class=\"more-link\" href=\"https:\/\/scoalanr178.ro\/?page_id=1680\">Read More &rarr;<\/a><\/span><\/p>\n","protected":false},"author":1,"featured_media":0,"parent":0,"menu_order":0,"comment_status":"closed","ping_status":"closed","template":"","meta":{"footnotes":""},"class_list":["entry","author-stefan-gheorghe","post-1680","page","type-page","status-publish"],"_links":{"self":[{"href":"https:\/\/scoalanr178.ro\/index.php?rest_route=\/wp\/v2\/pages\/1680","targetHints":{"allow":["GET"]}}],"collection":[{"href":"https:\/\/scoalanr178.ro\/index.php?rest_route=\/wp\/v2\/pages"}],"about":[{"href":"https:\/\/scoalanr178.ro\/index.php?rest_route=\/wp\/v2\/types\/page"}],"author":[{"embeddable":true,"href":"https:\/\/scoalanr178.ro\/index.php?rest_route=\/wp\/v2\/users\/1"}],"replies":[{"embeddable":true,"href":"https:\/\/scoalanr178.ro\/index.php?rest_route=%2Fwp%2Fv2%2Fcomments&post=1680"}],"version-history":[{"count":1,"href":"https:\/\/scoalanr178.ro\/index.php?rest_route=\/wp\/v2\/pages\/1680\/revisions"}],"predecessor-version":[{"id":3191,"href":"https:\/\/scoalanr178.ro\/index.php?rest_route=\/wp\/v2\/pages\/1680\/revisions\/3191"}],"wp:attachment":[{"href":"https:\/\/scoalanr178.ro\/index.php?rest_route=%2Fwp%2Fv2%2Fmedia&parent=1680"}],"curies":[{"name":"wp","href":"https:\/\/api.w.org\/{rel}","templated":true}]}}