{"id":1250,"date":"2022-05-03T15:33:31","date_gmt":"2022-05-03T15:33:31","guid":{"rendered":"http:\/\/scoalanr178.ro\/?page_id=1250"},"modified":"2022-05-03T15:33:31","modified_gmt":"2022-05-03T15:33:31","slug":"eco-schools-2017","status":"publish","type":"page","link":"https:\/\/scoalanr178.ro\/?page_id=1250","title":{"rendered":"ECO-SCHOOLS 2017"},"content":{"rendered":"\n<h2 class=\"wp-block-heading\">PROIECTUL MONDIAL ECO-\u015eCOALA &#8211; 19.10.2017<\/h2>\n\n\n\n<figure class=\"wp-block-image size-full is-style-rounded\"><img loading=\"lazy\" decoding=\"async\" width=\"960\" height=\"638\" src=\"https:\/\/scoalanr178.ro\/wp-content\/uploads\/2022\/05\/11-1.jpg\" alt=\"\" class=\"wp-image-1251\"\/><\/figure>\n\n\n\n<h4 class=\"wp-block-heading\">Participarea unit\u0103\u0163ilor \u015fcolare la Programul interna\u0163ional&nbsp;<em><strong>Eco-Schools&nbsp;<\/strong><\/em>reprezint\u0103 oportunitatea realiz\u0103rii unor ac\u0163iuni instructiv-educative complexe, cu implicarea activ\u0103 a elevilor, cadrelor didactice, a p\u0103rin\u0163ilor \u015fi cu un ecou important \u00een r\u00e2ndul comunit\u0103\u0163ii locale.<\/h4>\n\n\n\n<h4 class=\"wp-block-heading\"><strong>Ne dorim sa traim cu totii intr-un mediu curat si primitor.&nbsp;<\/strong><strong>Il vom avea asa cum il pregatim astazi pentru generatiile actuale si viitoare!<\/strong><\/h4>\n\n\n\n<h2 class=\"wp-block-heading\">19 octombrie 2017<\/h2>\n\n\n\n<h3 class=\"wp-block-heading\">Cadrele didactice si elevii \u0218colii Gimnaziale Nr.178, au participat la activitatea de plantare din cadrul ac\u021biunii de voluntariat \u201dZiua Verde a Eco-\u0218colilor din Rom\u00e2nia 2017\u201d \u2013 Parteneri CCDG si Institu\u021bia Prefectului Municipiului Bucure\u0219ti.&nbsp;<\/h3>\n\n\n\n<h3 class=\"wp-block-heading\">Activitatea a fost marcat\u0103 prin prezentarea \u0219i \u00eencurajarea sus\u021binut\u0103 de Comitetul Eco-\u0218coala, parada costumelor realizate din materiale reciclabile, reprezenta\u021bii artistice tematice \u0219i plantarea de pomi fructiferi \u0219i ornamentali. Curtea \u0219colii a devenit o adev\u0103rat\u0103 gr\u0103din\u0103 plin\u0103 de via\u021b\u0103 \u0219i prosperitate. Al\u0103tur\u0103-te! Fii responsabil cu mediul \u00eenconjur\u0103tor!<\/h3>\n\n\n\n<h3 class=\"wp-block-heading\">Multumim p\u0103rin\u021bilor, elevilor, cadrelor didactice si institu\u021biilor partenere pentru implicare! Felicit\u0103ri!<\/h3>\n\n\n\n<h3 class=\"wp-block-heading\">&nbsp;<\/h3>\n\n\n\n<h2 class=\"wp-block-heading\">&nbsp;7 aprilie 2016 \u2013 Activitate de amenajare a spa\u021biului verde din curtea \u0218colii Gimnaziale Nr. 178, Sector 1, \u00een cadrul Programului Mondial \u201eEco-\u015ecoala\u201d (Eco-Schools) derulat de Centrul Carpato-Danubian de Geoecologie \u00een parteneriat cu Institu\u021bia Prefectului Municipiului Bucure\u0219ti.<\/h2>\n\n\n\n<p>Reprezentan\u021bii Institu\u021biei Prefectului au oferit unit\u0103\u021bii de \u00eenv\u0103\u021b\u0103m\u00e2nt 4 tuia, 1 brad \u0219i buta\u0219i de trandafiri, \u00een vederea \u00eenfrumuse\u021b\u0103rii spa\u021biului verde.<\/p>\n\n\n\n<p>La ac\u021biune au participat: Prefectul Capitalei, domnul Paul-Nicolae Petrovan, Directorul de programe al Centrului Carpato\u2013Danubian de Geoecologie, domnul R\u0103zvan Dinc\u0103, consilier-responsabil pentru rela\u021bia cu mass-media Glomnicu Viorica Cristina, Manager public Paula Niculina Vitriuc, domnul Enache Claudiu, studen\u021bi anul I, la S.N.S.P.A., Fac. Administra\u021bie Public\u0103, aproximativ 75 de elevi din clasele a V-a, aVI-a, a VII-a, conducerea \u0218colii Gimnaziale Nr. 178, director prof. Paizan Daniela, director adjunct prof. Ni\u021be Mihaela, coordonatori program prof. Alexandru Constan\u021ba, prof. Iorgulis Elena \u0219i alte cadre didactice. Programul a inclus activit\u0103\u021bi de plantare de pomi \u00een curtea \u0219colii; colectarea selectiv\u0103 a de\u0219eurilor de h\u00e2rtie, carton \u0219i PET, aduse de elevi.<\/p>\n\n\n\n<h4 class=\"wp-block-heading\"><strong>\u0218COALA GIMNAZIAL\u0102 NR 178, Bucuresti sector 1 a participat &nbsp;in cadrul&nbsp;<\/strong>Programul interna\u0163ional&nbsp;<em><strong>Eco-Schools,&nbsp;<\/strong><\/em><strong>la&nbsp;&nbsp;Ziua Verde a Eco-Scolilor din Rom\u00e2nia&nbsp;-actiune realizata pe 29.oct.2015<\/strong><\/h4>\n\n\n\n<div class=\"wp-block-file\"><a id=\"wp-block-file--media-bc796636-55a1-49e4-b461-ecfb3ff58f07\" href=\"https:\/\/scoalanr178.ro\/wp-content\/uploads\/2022\/05\/Ziua-verde-a-Eco-Scolilor-din-Romania.pdf\">Diploma-Ziua-verde-a-Eco-\u0218colilor-din-Rom\u00e2nia<\/a><a href=\"https:\/\/scoalanr178.ro\/wp-content\/uploads\/2022\/05\/Ziua-verde-a-Eco-Scolilor-din-Romania.pdf\" class=\"wp-block-file__button\" download aria-describedby=\"wp-block-file--media-bc796636-55a1-49e4-b461-ecfb3ff58f07\">Descarc\u0103<\/a><\/div>\n\n\n\n<div class=\"wp-block-file\"><a id=\"wp-block-file--media-dbe6ce95-a46e-494e-b616-d60053ac65dc\" href=\"https:\/\/scoalanr178.ro\/wp-content\/uploads\/2022\/05\/proiect-eco-scoala-1.pdf\">Documentatia proiectului eco scoala<\/a><a href=\"https:\/\/scoalanr178.ro\/wp-content\/uploads\/2022\/05\/proiect-eco-scoala-1.pdf\" class=\"wp-block-file__button\" download aria-describedby=\"wp-block-file--media-dbe6ce95-a46e-494e-b616-d60053ac65dc\">Descarc\u0103<\/a><\/div>\n\n\n\n<hr class=\"wp-block-separator is-style-wide\"\/>\n\n\n\n<h2 class=\"wp-block-heading\">Ziua Verde a Eco-Scolilor din Rom\u00e2nia &#8211; 29.10.2017<\/h2>\n\n\n\n<figure class=\"wp-block-image size-full is-style-rounded\"><img loading=\"lazy\" decoding=\"async\" width=\"960\" height=\"638\" src=\"https:\/\/scoalanr178.ro\/wp-content\/uploads\/2022\/05\/9-1.jpg\" alt=\"\" class=\"wp-image-1268\"\/><\/figure>\n\n\n\n<p>Cadrele didactice si elevii \u0218colii Gimnaziale Nr.178, au participat la activitatea de plantare din cadrul ac\u021biunii de voluntariat \u201dZiua Verde a Eco-\u0218colilor din Rom\u00e2nia 2017\u201d \u2013 Parteneri CCDG si Institu\u021bia Prefectului Municipiului Bucure\u0219ti.<\/p>\n\n\n\n<p>Activitatea a fost marcat\u0103 prin prezentarea \u0219i \u00eencurajarea sus\u021binut\u0103 de Comitetul Eco-\u0218coala, parada costumelor realizate din materiale reciclabile, reprezenta\u021bii artistice tematice \u0219i plantarea de pomi fructiferi \u0219i ornamentali. Curtea \u0219colii a devenit o adev\u0103rat\u0103 gr\u0103din\u0103 plin\u0103 de via\u021b\u0103 \u0219i prosperitate.<\/p>\n\n\n\n<p>Al\u0103tur\u0103-te! Fii responsabil cu mediul \u00eenconjur\u0103tor!<br>Multumim p\u0103rin\u021bilor, elevilor, cadrelor didactice si institu\u021biilor partenere pentru implicare! Felicit\u0103ri!<\/p>\n\n\n\n<div class=\"alignnormal\"><div id=\"metaslider-id-1256\" style=\"width: 100%; margin: 0 auto;\" class=\"ml-slider-3-31-0 metaslider metaslider-flex metaslider-1256 ml-slider ms-theme-default\">\n    <div id=\"metaslider_container_1256\">\n        <div id=\"metaslider_1256\">\n            <ul aria-live=\"polite\" class=\"slides\">\n                <li style=\"display: block; width: 100%;\" class=\"slide-1272 ms-image\"><img loading=\"lazy\" decoding=\"async\" src=\"https:\/\/scoalanr178.ro\/wp-content\/uploads\/2022\/05\/IMG_5357-500x300.jpg\" height=\"300\" width=\"500\" alt=\"\" class=\"slider-1256 slide-1272\" title=\"IMG_5357\" \/><\/li>\n                <li style=\"display: none; width: 100%;\" class=\"slide-1274 ms-image\"><img loading=\"lazy\" decoding=\"async\" src=\"https:\/\/scoalanr178.ro\/wp-content\/uploads\/2022\/05\/IMG_5446-e1509270410228-500x300.jpg\" height=\"300\" width=\"500\" alt=\"\" class=\"slider-1256 slide-1274\" title=\"IMG_5446-e1509270410228\" \/><\/li>\n                <li style=\"display: none; width: 100%;\" class=\"slide-1276 ms-image\"><img loading=\"lazy\" decoding=\"async\" src=\"https:\/\/scoalanr178.ro\/wp-content\/uploads\/2022\/05\/IMG_80951-500x300.jpg\" height=\"300\" width=\"500\" alt=\"\" class=\"slider-1256 slide-1276\" title=\"IMG_80951\" \/><\/li>\n                <li style=\"display: none; width: 100%;\" class=\"slide-1278 ms-image\"><img loading=\"lazy\" decoding=\"async\" src=\"https:\/\/scoalanr178.ro\/wp-content\/uploads\/2022\/05\/3-1-500x300.jpg\" height=\"300\" width=\"500\" alt=\"\" class=\"slider-1256 slide-1278\" title=\"3\" \/><\/li>\n                <li style=\"display: none; width: 100%;\" class=\"slide-1280 ms-image\"><img loading=\"lazy\" decoding=\"async\" src=\"https:\/\/scoalanr178.ro\/wp-content\/uploads\/2022\/05\/5-1-500x300.jpg\" height=\"300\" width=\"500\" alt=\"\" class=\"slider-1256 slide-1280\" title=\"5\" \/><\/li>\n                <li style=\"display: none; width: 100%;\" class=\"slide-1283 ms-image\"><img loading=\"lazy\" decoding=\"async\" src=\"https:\/\/scoalanr178.ro\/wp-content\/uploads\/2022\/05\/9-1-500x300.jpg\" height=\"300\" width=\"500\" alt=\"\" class=\"slider-1256 slide-1283\" title=\"9\" \/><\/li>\n                <li style=\"display: none; width: 100%;\" class=\"slide-1285 ms-image\"><img loading=\"lazy\" decoding=\"async\" src=\"https:\/\/scoalanr178.ro\/wp-content\/uploads\/2022\/05\/11-2-500x300.jpg\" height=\"300\" width=\"500\" alt=\"\" class=\"slider-1256 slide-1285\" title=\"11\" \/><\/li>\n            <\/ul>\n        <\/div>\n        \n    <\/div>\n<\/div><\/div>\n","protected":false},"excerpt":{"rendered":"<p>PROIECTUL MONDIAL ECO-\u015eCOALA &#8211; 19.10.2017 Participarea unit\u0103\u0163ilor \u015fcolare la Programul interna\u0163ional&nbsp;Eco-Schools&nbsp;reprezint\u0103 oportunitatea realiz\u0103rii unor ac\u0163iuni instructiv-educative complexe, cu implicarea activ\u0103 a elevilor, cadrelor didactice, a p\u0103rin\u0163ilor \u015fi cu un ecou important \u00een r\u00e2ndul comunit\u0103\u0163ii locale. Ne dorim sa traim cu totii intr-un mediu curat si primitor.&nbsp;Il vom avea asa cum il pregatim astazi pentru generatiile actuale si viitoare! 19 octombrie 2017 Cadrele didactice si elevii \u0218colii Gimnaziale Nr.178, au participat la activitatea de plantare din cadrul ac\u021biunii de voluntariat \u201dZiua Verde a Eco-\u0218colilor din Rom\u00e2nia 2017\u201d \u2013 Parteneri CCDG si Institu\u021bia Prefectului Municipiului Bucure\u0219ti.&nbsp; Activitatea a fost marcat\u0103 prin prezentarea \u0219i \u00eencurajarea sus\u021binut\u0103 de Comitetul<span class=\"more-link-wrap\"><a class=\"more-link\" href=\"https:\/\/scoalanr178.ro\/?page_id=1250\">Read More &rarr;<\/a><\/span><\/p>\n","protected":false},"author":1,"featured_media":0,"parent":0,"menu_order":0,"comment_status":"closed","ping_status":"closed","template":"","meta":{"footnotes":""},"class_list":["entry","author-stefan-gheorghe","post-1250","page","type-page","status-publish"],"_links":{"self":[{"href":"https:\/\/scoalanr178.ro\/index.php?rest_route=\/wp\/v2\/pages\/1250","targetHints":{"allow":["GET"]}}],"collection":[{"href":"https:\/\/scoalanr178.ro\/index.php?rest_route=\/wp\/v2\/pages"}],"about":[{"href":"https:\/\/scoalanr178.ro\/index.php?rest_route=\/wp\/v2\/types\/page"}],"author":[{"embeddable":true,"href":"https:\/\/scoalanr178.ro\/index.php?rest_route=\/wp\/v2\/users\/1"}],"replies":[{"embeddable":true,"href":"https:\/\/scoalanr178.ro\/index.php?rest_route=%2Fwp%2Fv2%2Fcomments&post=1250"}],"version-history":[{"count":0,"href":"https:\/\/scoalanr178.ro\/index.php?rest_route=\/wp\/v2\/pages\/1250\/revisions"}],"wp:attachment":[{"href":"https:\/\/scoalanr178.ro\/index.php?rest_route=%2Fwp%2Fv2%2Fmedia&parent=1250"}],"curies":[{"name":"wp","href":"https:\/\/api.w.org\/{rel}","templated":true}]}}