{"id":1225,"date":"2022-05-03T03:14:32","date_gmt":"2022-05-03T03:14:32","guid":{"rendered":"http:\/\/scoalanr178.ro\/?page_id=1225"},"modified":"2022-05-03T03:14:32","modified_gmt":"2022-05-03T03:14:32","slug":"eco-schools-2018","status":"publish","type":"page","link":"https:\/\/scoalanr178.ro\/?page_id=1225","title":{"rendered":"ECO-SCHOOLS 2018"},"content":{"rendered":"\n<h2 class=\"wp-block-heading\">Proiect \u201dClubul gr\u0103dinarilor\u201d &#8211; 12.06.2018<\/h2>\n\n\n\n<figure class=\"wp-block-image size-large is-style-rounded\"><img decoding=\"async\" src=\"https:\/\/scoalanr178.ro\/wp-content\/uploads\/2022\/05\/IMG_5141-e1531406578491-1024x768.jpg\" alt=\"\" class=\"wp-image-1207\"\/><\/figure>\n\n\n\n<p>\u00cen cadrul Programului Mondial&nbsp;<strong>\u201cEco-Scoala\u201d<\/strong>, elevii \u0218colii Gimnaziale Nr. 178, Bucuresti, Sector 1, au participat&nbsp;la activit\u0103\u021bi dedicate ecologiz\u0103rii, plant\u0103rii \u0219i s\u0103n\u0103t\u0103\u021bii \/ stilului de via\u021ba s\u0103n\u0103tos. Anul acesta prin activit\u0103\u021bile realizate a fost&nbsp;\u0219i&nbsp;&nbsp;<strong>Proiectul \u201cClubul Gr\u0103dinarilor\u201d<\/strong>&nbsp;finantat de catre Auchan Romania&nbsp; \u00een parteneriat cu Asociatia&nbsp;<strong>SOS Satele Copiilor<\/strong>&nbsp; care a fost inaugurat \u00een data de 12 iunie 2018.&nbsp; Elevii de la clasa a VI-a B au realizat gr\u0103dina cu sprijinul unui specialist extern (biolog\/ legumicultor) \u0219i al coordonatorului din \u0219coal\u0103 prof. Iorgulis Elena.<\/p>\n\n\n\n<p>Aceasta gr\u0103din\u0103 a deservit si ca spatiu de observare \u00een timpul orelor de studiu (stiinte, biologie, educatie tehnologica, dirigentie) pentru toti copiii din scoala. Prin activitatile desf\u0103\u0219urate, ace\u0219tia \u0219i-au&nbsp; \u00eembog\u0103\u021bit cunostin\u021bele despre alimentatia s\u0103n\u0103toas\u0103, beneficiile pe care le aduc s\u0103n\u0103t\u0103\u021bii legumele si fructele, beneficiile unei gr\u0103dini de legume. Elevii&nbsp;s-au implicat direct \u00een realizarea si \u00eengrijirea gr\u0103dinii iar la sf\u00e2r\u0219itul anului au cules cu bucurie \u0219i satisfac\u021bie roadele: castraveti, ardei, rosii, vinete etc.&nbsp;<\/p>\n\n\n\n<p>Felicitari tuturor participan\u021bilor pentru finalizarea cu succes a proiectului!<\/p>\n\n\n\n<div class=\"alignnormal\"><div id=\"metaslider-id-1203\" style=\"width: 100%; margin: 0 auto;\" class=\"ml-slider-3-31-0 metaslider metaslider-flex metaslider-1203 ml-slider ms-theme-default\">\n    <div id=\"metaslider_container_1203\">\n        <div id=\"metaslider_1203\">\n            <ul aria-live=\"polite\" class=\"slides\">\n                <li style=\"display: block; width: 100%;\" class=\"slide-1215 ms-image\"><img loading=\"lazy\" decoding=\"async\" width=\"1024\" height=\"768\" src=\"https:\/\/scoalanr178.ro\/wp-content\/uploads\/2022\/05\/IMG_5136-e1531406628495-1024x768-1.jpg\" class=\"slider-1203 slide-1215\" alt=\"\" rel=\"\" title=\"IMG_5136-e1531406628495-1024x768\" \/><\/li>\n                <li style=\"display: none; width: 100%;\" class=\"slide-1217 ms-image\"><img loading=\"lazy\" decoding=\"async\" width=\"2560\" height=\"1920\" src=\"https:\/\/scoalanr178.ro\/wp-content\/uploads\/2022\/05\/IMG_5141-e1531406578491-scaled-1.jpg\" class=\"slider-1203 slide-1217\" alt=\"\" rel=\"\" title=\"IMG_5141-e1531406578491\" \/><\/li>\n                <li style=\"display: none; width: 100%;\" class=\"slide-1219 ms-image\"><img loading=\"lazy\" decoding=\"async\" width=\"1024\" height=\"768\" src=\"https:\/\/scoalanr178.ro\/wp-content\/uploads\/2022\/05\/IMG_5154-1024x768-1.jpg\" class=\"slider-1203 slide-1219\" alt=\"\" rel=\"\" title=\"IMG_5154-1024x768\" \/><\/li>\n                <li style=\"display: none; width: 100%;\" class=\"slide-1221 ms-image\"><img loading=\"lazy\" decoding=\"async\" width=\"1024\" height=\"768\" src=\"https:\/\/scoalanr178.ro\/wp-content\/uploads\/2022\/05\/IMG_5175-e1531406500927-1024x768-1.jpg\" class=\"slider-1203 slide-1221\" alt=\"\" rel=\"\" title=\"IMG_5175-e1531406500927-1024x768\" \/><\/li>\n                <li style=\"display: none; width: 100%;\" class=\"slide-1223 ms-image\"><img loading=\"lazy\" decoding=\"async\" width=\"1024\" height=\"768\" src=\"https:\/\/scoalanr178.ro\/wp-content\/uploads\/2022\/05\/IMG_5195-e1531406446974-1024x768-1.jpg\" class=\"slider-1203 slide-1223\" alt=\"\" rel=\"\" title=\"IMG_5195-e1531406446974-1024x768\" \/><\/li>\n            <\/ul>\n        <\/div>\n        \n    <\/div>\n<\/div><\/div>\n\n\n\n<hr class=\"wp-block-separator is-style-wide\"\/>\n\n\n\n<h2 class=\"wp-block-heading\">Ziua Verde a Eco Scolilor &#8211; 29.10.2018<\/h2>\n\n\n\n<figure class=\"wp-block-image size-full is-style-rounded\"><img loading=\"lazy\" decoding=\"async\" width=\"696\" height=\"522\" src=\"https:\/\/scoalanr178.ro\/wp-content\/uploads\/2022\/05\/IMG_9219-e1542356888987-696x522-1.jpg\" alt=\"\" class=\"wp-image-1228\"\/><\/figure>\n\n\n\n<p>\u00cen data de 29.10.2018 elevii si cadrele didactice din \u0219coala noastr\u0103 au participat la ZIUA DE AC\u021aIUNE A VOLUNTARILOR CCDG, elevii \u00een\u021beleg\u00e2nd importan\u021ba implic\u0103rii directe \u00een dezvoltarea spa\u021biilor verzi de care avem at\u00e2ta nevoie. Fiecare clas\u0103 a plantat un cop\u0103cel de ZIUA VERDE A ECO-\u0218COLILOR DIN ROM\u00c2NIA !&nbsp;<br>Felicit\u0103ri tuturor (elevi, profesori, p\u0103rin\u021bi) pentru implicarea \u00een activitatea de ap\u0103r\u0103tori ai mediului!<\/p>\n\n\n\n<div class=\"alignnormal\"><div id=\"metaslider-id-1236\" style=\"width: 100%; margin: 0 auto;\" class=\"ml-slider-3-31-0 metaslider metaslider-flex metaslider-1236 ml-slider ms-theme-default\">\n    <div id=\"metaslider_container_1236\">\n        <div id=\"metaslider_1236\">\n            <ul aria-live=\"polite\" class=\"slides\">\n                <li style=\"display: block; width: 100%;\" class=\"slide-1237 ms-image\"><img loading=\"lazy\" decoding=\"async\" src=\"https:\/\/scoalanr178.ro\/wp-content\/uploads\/2022\/05\/IMG_9219-e1542356888987-696x522-1.jpg\" height=\"300\" width=\"500\" alt=\"\" class=\"slider-1236 slide-1237\" title=\"IMG_9219-e1542356888987-696x522\" \/><\/li>\n                <li style=\"display: none; width: 100%;\" class=\"slide-1238 ms-image\"><img loading=\"lazy\" decoding=\"async\" src=\"https:\/\/scoalanr178.ro\/wp-content\/uploads\/2022\/05\/IMG_9239-e1542356470494-768x1024-1.jpg\" height=\"300\" width=\"500\" alt=\"\" class=\"slider-1236 slide-1238\" title=\"IMG_9239-e1542356470494-768x1024\" \/><\/li>\n                <li style=\"display: none; width: 100%;\" class=\"slide-1240 ms-image\"><img loading=\"lazy\" decoding=\"async\" src=\"https:\/\/scoalanr178.ro\/wp-content\/uploads\/2022\/05\/IMG_9269-1024x768-1.jpg\" height=\"300\" width=\"500\" alt=\"\" class=\"slider-1236 slide-1240\" title=\"IMG_9269-1024x768\" \/><\/li>\n                <li style=\"display: none; width: 100%;\" class=\"slide-1242 ms-image\"><img loading=\"lazy\" decoding=\"async\" src=\"https:\/\/scoalanr178.ro\/wp-content\/uploads\/2022\/05\/XDHC3284-1024x768-1.jpg\" height=\"300\" width=\"500\" alt=\"\" class=\"slider-1236 slide-1242\" title=\"XDHC3284-1024x768\" \/><\/li>\n                <li style=\"display: none; width: 100%;\" class=\"slide-1244 ms-image\"><img loading=\"lazy\" decoding=\"async\" src=\"https:\/\/scoalanr178.ro\/wp-content\/uploads\/2022\/05\/0565f0e6-672c-4130-8eff-9cc091c283dc-1024x768-1.jpg\" height=\"300\" width=\"500\" alt=\"\" class=\"slider-1236 slide-1244\" title=\"0565f0e6-672c-4130-8eff-9cc091c283dc-1024x768\" \/><\/li>\n            <\/ul>\n        <\/div>\n        \n    <\/div>\n<\/div><\/div>\n","protected":false},"excerpt":{"rendered":"<p>Proiect \u201dClubul gr\u0103dinarilor\u201d &#8211; 12.06.2018 \u00cen cadrul Programului Mondial&nbsp;\u201cEco-Scoala\u201d, elevii \u0218colii Gimnaziale Nr. 178, Bucuresti, Sector 1, au participat&nbsp;la activit\u0103\u021bi dedicate ecologiz\u0103rii, plant\u0103rii \u0219i s\u0103n\u0103t\u0103\u021bii \/ stilului de via\u021ba s\u0103n\u0103tos. Anul acesta prin activit\u0103\u021bile realizate a fost&nbsp;\u0219i&nbsp;&nbsp;Proiectul \u201cClubul Gr\u0103dinarilor\u201d&nbsp;finantat de catre Auchan Romania&nbsp; \u00een parteneriat cu Asociatia&nbsp;SOS Satele Copiilor&nbsp; care a fost inaugurat \u00een data de 12 iunie 2018.&nbsp; Elevii de la clasa a VI-a B au realizat gr\u0103dina cu sprijinul unui specialist extern (biolog\/ legumicultor) \u0219i al coordonatorului din \u0219coal\u0103 prof. Iorgulis Elena. Aceasta gr\u0103din\u0103 a deservit si ca spatiu de observare \u00een timpul orelor de studiu (stiinte, biologie, educatie tehnologica, dirigentie) pentru toti<span class=\"more-link-wrap\"><a class=\"more-link\" href=\"https:\/\/scoalanr178.ro\/?page_id=1225\">Read More &rarr;<\/a><\/span><\/p>\n","protected":false},"author":1,"featured_media":0,"parent":0,"menu_order":0,"comment_status":"closed","ping_status":"closed","template":"","meta":{"footnotes":""},"class_list":["entry","author-stefan-gheorghe","post-1225","page","type-page","status-publish"],"_links":{"self":[{"href":"https:\/\/scoalanr178.ro\/index.php?rest_route=\/wp\/v2\/pages\/1225","targetHints":{"allow":["GET"]}}],"collection":[{"href":"https:\/\/scoalanr178.ro\/index.php?rest_route=\/wp\/v2\/pages"}],"about":[{"href":"https:\/\/scoalanr178.ro\/index.php?rest_route=\/wp\/v2\/types\/page"}],"author":[{"embeddable":true,"href":"https:\/\/scoalanr178.ro\/index.php?rest_route=\/wp\/v2\/users\/1"}],"replies":[{"embeddable":true,"href":"https:\/\/scoalanr178.ro\/index.php?rest_route=%2Fwp%2Fv2%2Fcomments&post=1225"}],"version-history":[{"count":0,"href":"https:\/\/scoalanr178.ro\/index.php?rest_route=\/wp\/v2\/pages\/1225\/revisions"}],"wp:attachment":[{"href":"https:\/\/scoalanr178.ro\/index.php?rest_route=%2Fwp%2Fv2%2Fmedia&parent=1225"}],"curies":[{"name":"wp","href":"https:\/\/api.w.org\/{rel}","templated":true}]}}