{"id":1165,"date":"2022-05-03T03:02:36","date_gmt":"2022-05-03T03:02:36","guid":{"rendered":"http:\/\/scoalanr178.ro\/?page_id=1165"},"modified":"2022-05-03T03:02:36","modified_gmt":"2022-05-03T03:02:36","slug":"eco-schools-2019","status":"publish","type":"page","link":"https:\/\/scoalanr178.ro\/?page_id=1165","title":{"rendered":"ECO-SCHOOLS 2019"},"content":{"rendered":"\n<h2 class=\"wp-block-heading\">Festivitatea de arborare a STEAGULUI VERDE &#8211; 24.10.2019<\/h2>\n\n\n\n<div class=\"wp-block-image is-style-default\"><figure class=\"aligncenter size-full is-resized\"><img loading=\"lazy\" decoding=\"async\" src=\"https:\/\/scoalanr178.ro\/wp-content\/uploads\/2022\/04\/87CE575F-BCE1-4CBA-BF1F-D900CEB37626.png\" alt=\"\" class=\"wp-image-978\" width=\"480\" height=\"500\"\/><\/figure><\/div>\n\n\n\n<p class=\"has-text-align-center\">Arborarea STEAGULUI VERDE \u2013 Simbolul programului ECO-\u0218COALA , ob\u021binut de \u0219coala noastr\u0103 \u00een urma evalu\u01cerii de c\u0103tre Centrul Carpato-Danubian de Geoecologie \u0219i Funda\u0163ia de Educa\u0163ie pentru Mediul Inconjur\u0103tor (FEE) \u00een cadrul Programului Interna\u0163ional Eco-Schools din anul scolar 2018-2019.<br>Felicit\u0103ri elevilor, cadrelor didactice \u0219i p\u0103rin\u021bilor pentru implicare \u0219i dragostea fata de mediul inconjurator!<\/p>\n\n\n\n<div class=\"alignnormal\"><div id=\"metaslider-id-1166\" style=\"width: 100%; margin: 0 auto;\" class=\"ml-slider-3-31-0 metaslider metaslider-flex metaslider-1166 ml-slider ms-theme-default\">\n    <div id=\"metaslider_container_1166\">\n        <div id=\"metaslider_1166\">\n            <ul aria-live=\"polite\" class=\"slides\">\n                <li style=\"display: block; width: 100%;\" class=\"slide-1179 ms-image\"><img loading=\"lazy\" decoding=\"async\" src=\"https:\/\/scoalanr178.ro\/wp-content\/uploads\/2022\/05\/5-500x300.jpg\" height=\"300\" width=\"500\" alt=\"\" class=\"slider-1166 slide-1179\" title=\"5\" \/><\/li>\n                <li style=\"display: none; width: 100%;\" class=\"slide-1180 ms-image\"><img loading=\"lazy\" decoding=\"async\" src=\"https:\/\/scoalanr178.ro\/wp-content\/uploads\/2022\/05\/6-500x300.jpg\" height=\"300\" width=\"500\" alt=\"\" class=\"slider-1166 slide-1180\" title=\"6\" \/><\/li>\n                <li style=\"display: none; width: 100%;\" class=\"slide-1182 ms-image\"><img loading=\"lazy\" decoding=\"async\" src=\"https:\/\/scoalanr178.ro\/wp-content\/uploads\/2022\/05\/8-500x300.jpg\" height=\"300\" width=\"500\" alt=\"\" class=\"slider-1166 slide-1182\" title=\"8\" \/><\/li>\n                <li style=\"display: none; width: 100%;\" class=\"slide-1184 ms-image\"><img loading=\"lazy\" decoding=\"async\" src=\"https:\/\/scoalanr178.ro\/wp-content\/uploads\/2022\/05\/10-500x300.jpg\" height=\"300\" width=\"500\" alt=\"\" class=\"slider-1166 slide-1184\" title=\"10\" \/><\/li>\n                <li style=\"display: none; width: 100%;\" class=\"slide-1187 ms-image\"><img loading=\"lazy\" decoding=\"async\" src=\"https:\/\/scoalanr178.ro\/wp-content\/uploads\/2022\/05\/1-1-500x300.jpg\" height=\"300\" width=\"500\" alt=\"\" class=\"slider-1166 slide-1187\" title=\"1 (1)\" \/><\/li>\n                <li style=\"display: none; width: 100%;\" class=\"slide-1188 ms-image\"><img loading=\"lazy\" decoding=\"async\" src=\"https:\/\/scoalanr178.ro\/wp-content\/uploads\/2022\/05\/2-500x300.jpg\" height=\"300\" width=\"500\" alt=\"\" class=\"slider-1166 slide-1188\" title=\"2\" \/><\/li>\n                <li style=\"display: none; width: 100%;\" class=\"slide-1190 ms-image\"><img loading=\"lazy\" decoding=\"async\" src=\"https:\/\/scoalanr178.ro\/wp-content\/uploads\/2022\/05\/4-500x300.jpg\" height=\"300\" width=\"500\" alt=\"\" class=\"slider-1166 slide-1190\" title=\"4\" \/><\/li>\n            <\/ul>\n        <\/div>\n        \n    <\/div>\n<\/div><\/div>\n\n\n\n<hr class=\"wp-block-separator is-style-wide\"\/>\n\n\n\n<h2 class=\"wp-block-heading\">ZIUA VERDE A ECO-\u0218COLILOR DIN ROM\u00c2NIA &#8211; 29.10.2019.<\/h2>\n\n\n\n<figure class=\"wp-block-image size-large is-style-rounded\"><img decoding=\"async\" src=\"https:\/\/scoalanr178.ro\/wp-content\/uploads\/2022\/05\/IMG_5413-1920x1440-1-1024x768.jpeg\" alt=\"\" class=\"wp-image-1191\"\/><\/figure>\n\n\n\n<p>Scoala Gimnazial\u0103 Nr.178, Sector 1 Bucure\u0219ti, a participat&nbsp; la activitatea de planatare din cadrul PROGRAMULUI ECO-SCHOOLS \u2013 ZIUA VERDE A ECO-\u0218COLILOR DIN ROM\u00c2NIA in data de 29.10.2019.&nbsp;<\/p>\n\n\n\n<p>Cu aceast\u0103 ocazie, elevii \u0219colii noastre, \u00eendrumati de cadrele didactice au plantat \u00een curtea \u0219colii pomi fructiferi.&nbsp; \u00cen acest mod copiii au participat la ZIUA DE AC\u021aIUNE A VOLUNTARILOR&nbsp;CCDG&nbsp;\u0219i au \u00een\u021beles importan\u021ba implic\u0103rii directe \u00een dezvoltarea spa\u021biilor verzi de care avem at\u00e2ta nevoie. Elevii s-au bucurat de aceast\u0103 activitate desf\u0103\u0219urat\u0103 \u00een aer liber, profit\u00e2nd de timpul frumos de afar\u0103 \u0219i fiind \u00eencrez\u0103tori c\u0103 pomii plantati de ei vor fi roditori.<\/p>\n\n\n\n<div class=\"alignnormal\"><div id=\"metaslider-id-1194\" style=\"width: 100%; margin: 0 auto;\" class=\"ml-slider-3-31-0 metaslider metaslider-flex metaslider-1194 ml-slider ms-theme-default\">\n    <div id=\"metaslider_container_1194\">\n        <div id=\"metaslider_1194\">\n            <ul aria-live=\"polite\" class=\"slides\">\n                <li style=\"display: block; width: 100%;\" class=\"slide-1195 ms-image\"><img loading=\"lazy\" decoding=\"async\" width=\"1920\" height=\"1440\" src=\"https:\/\/scoalanr178.ro\/wp-content\/uploads\/2022\/05\/IMG_5413-1920x1440-1.jpeg\" class=\"slider-1194 slide-1195\" alt=\"\" rel=\"\" title=\"IMG_5413-1920x1440\" \/><\/li>\n                <li style=\"display: none; width: 100%;\" class=\"slide-1196 ms-image\"><img loading=\"lazy\" decoding=\"async\" width=\"1920\" height=\"1440\" src=\"https:\/\/scoalanr178.ro\/wp-content\/uploads\/2022\/05\/IMG_5415-1920x1440-1.jpeg\" class=\"slider-1194 slide-1196\" alt=\"\" rel=\"\" title=\"IMG_5415-1920x1440\" \/><\/li>\n            <\/ul>\n        <\/div>\n        \n    <\/div>\n<\/div><\/div>\n","protected":false},"excerpt":{"rendered":"<p>Festivitatea de arborare a STEAGULUI VERDE &#8211; 24.10.2019 Arborarea STEAGULUI VERDE \u2013 Simbolul programului ECO-\u0218COALA , ob\u021binut de \u0219coala noastr\u0103 \u00een urma evalu\u01cerii de c\u0103tre Centrul Carpato-Danubian de Geoecologie \u0219i Funda\u0163ia de Educa\u0163ie pentru Mediul Inconjur\u0103tor (FEE) \u00een cadrul Programului Interna\u0163ional Eco-Schools din anul scolar 2018-2019.Felicit\u0103ri elevilor, cadrelor didactice \u0219i p\u0103rin\u021bilor pentru implicare \u0219i dragostea fata de mediul inconjurator! ZIUA VERDE A ECO-\u0218COLILOR DIN ROM\u00c2NIA &#8211; 29.10.2019. Scoala Gimnazial\u0103 Nr.178, Sector 1 Bucure\u0219ti, a participat&nbsp; la activitatea de planatare din cadrul PROGRAMULUI ECO-SCHOOLS \u2013 ZIUA VERDE A ECO-\u0218COLILOR DIN ROM\u00c2NIA in data de 29.10.2019.&nbsp; Cu aceast\u0103 ocazie, elevii \u0219colii noastre, \u00eendrumati de cadrele didactice au<span class=\"more-link-wrap\"><a class=\"more-link\" href=\"https:\/\/scoalanr178.ro\/?page_id=1165\">Read More &rarr;<\/a><\/span><\/p>\n","protected":false},"author":1,"featured_media":0,"parent":0,"menu_order":0,"comment_status":"closed","ping_status":"closed","template":"","meta":{"footnotes":""},"class_list":["entry","author-stefan-gheorghe","post-1165","page","type-page","status-publish"],"_links":{"self":[{"href":"https:\/\/scoalanr178.ro\/index.php?rest_route=\/wp\/v2\/pages\/1165","targetHints":{"allow":["GET"]}}],"collection":[{"href":"https:\/\/scoalanr178.ro\/index.php?rest_route=\/wp\/v2\/pages"}],"about":[{"href":"https:\/\/scoalanr178.ro\/index.php?rest_route=\/wp\/v2\/types\/page"}],"author":[{"embeddable":true,"href":"https:\/\/scoalanr178.ro\/index.php?rest_route=\/wp\/v2\/users\/1"}],"replies":[{"embeddable":true,"href":"https:\/\/scoalanr178.ro\/index.php?rest_route=%2Fwp%2Fv2%2Fcomments&post=1165"}],"version-history":[{"count":0,"href":"https:\/\/scoalanr178.ro\/index.php?rest_route=\/wp\/v2\/pages\/1165\/revisions"}],"wp:attachment":[{"href":"https:\/\/scoalanr178.ro\/index.php?rest_route=%2Fwp%2Fv2%2Fmedia&parent=1165"}],"curies":[{"name":"wp","href":"https:\/\/api.w.org\/{rel}","templated":true}]}}