{"id":1110,"date":"2022-05-03T02:26:30","date_gmt":"2022-05-03T02:26:30","guid":{"rendered":"http:\/\/scoalanr178.ro\/?page_id=1110"},"modified":"2022-05-03T02:26:30","modified_gmt":"2022-05-03T02:26:30","slug":"eco-schools-2021","status":"publish","type":"page","link":"https:\/\/scoalanr178.ro\/?page_id=1110","title":{"rendered":"ECO-SCHOOLS 2021"},"content":{"rendered":"\n<h2 class=\"wp-block-heading\">Activitate din cadrul Programului Mondial Eco Scoala \u00een curtea \u0219colii &#8211; 26.11.2021 <\/h2>\n\n\n\n<figure class=\"wp-block-image size-large is-style-rounded\"><img decoding=\"async\" src=\"https:\/\/scoalanr178.ro\/wp-content\/uploads\/2022\/05\/1-1024x576.jpg\" alt=\"\" class=\"wp-image-1112\"\/><\/figure>\n\n\n\n<p><strong>Ac\u021biunea voluntar\u0103: \u201d Un exemplu bun de urmat!\u201d<\/strong><\/p>\n\n\n\n<p>P\u0103rin\u021bi, elevi \u0219i cadre didactice au desf\u0103\u0219urat o ac\u021biune comun\u0103 de cur\u0103\u021benie<\/p>\n\n\n\n<p>pe spa\u021biul verde din curtea \u0218colii Gimnaziale Nr.178, Sector 1.&nbsp;<\/p>\n\n\n\n<div class=\"alignnormal\"><div id=\"metaslider-id-1113\" style=\"width: 100%; margin: 0 auto;\" class=\"ml-slider-3-31-0 metaslider metaslider-flex metaslider-1113 ml-slider ms-theme-default\">\n    <div id=\"metaslider_container_1113\">\n        <div id=\"metaslider_1113\">\n            <ul aria-live=\"polite\" class=\"slides\">\n                <li style=\"display: block; width: 100%;\" class=\"slide-1130 ms-image\"><img loading=\"lazy\" decoding=\"async\" src=\"https:\/\/scoalanr178.ro\/wp-content\/uploads\/2022\/05\/IMG_1572-1024x768-1.jpg\" height=\"300\" width=\"500\" alt=\"\" class=\"slider-1113 slide-1130\" title=\"IMG_1572-1024x768\" \/><\/li>\n                <li style=\"display: none; width: 100%;\" class=\"slide-1131 ms-image\"><img loading=\"lazy\" decoding=\"async\" src=\"https:\/\/scoalanr178.ro\/wp-content\/uploads\/2022\/05\/IMG_1573-1024x768-1.jpg\" height=\"300\" width=\"500\" alt=\"\" class=\"slider-1113 slide-1131\" title=\"IMG_1573-1024x768\" \/><\/li>\n                <li style=\"display: none; width: 100%;\" class=\"slide-1133 ms-image\"><img loading=\"lazy\" decoding=\"async\" src=\"https:\/\/scoalanr178.ro\/wp-content\/uploads\/2022\/05\/IMG_1582-1024x768-1.jpg\" height=\"300\" width=\"500\" alt=\"\" class=\"slider-1113 slide-1133\" title=\"IMG_1582-1024x768\" \/><\/li>\n                <li style=\"display: none; width: 100%;\" class=\"slide-1136 ms-image\"><img loading=\"lazy\" decoding=\"async\" src=\"https:\/\/scoalanr178.ro\/wp-content\/uploads\/2022\/05\/IMG_1599-768x1024-1.jpg\" height=\"300\" width=\"500\" alt=\"\" class=\"slider-1113 slide-1136\" title=\"IMG_1599-768x1024\" \/><\/li>\n                <li style=\"display: none; width: 100%;\" class=\"slide-1138 ms-image\"><img loading=\"lazy\" decoding=\"async\" src=\"https:\/\/scoalanr178.ro\/wp-content\/uploads\/2022\/05\/71f03a9f-2cc8-456c-ba32-a000aa0b9ab3-1024x576-1.jpg\" height=\"300\" width=\"500\" alt=\"\" class=\"slider-1113 slide-1138\" title=\"71f03a9f-2cc8-456c-ba32-a000aa0b9ab3-1024x576\" \/><\/li>\n                <li style=\"display: none; width: 100%;\" class=\"slide-1140 ms-image\"><img loading=\"lazy\" decoding=\"async\" src=\"https:\/\/scoalanr178.ro\/wp-content\/uploads\/2022\/05\/c3bb96d7-3859-4c7f-96e6-86a5027df783-1024x576-1.jpg\" height=\"300\" width=\"500\" alt=\"\" class=\"slider-1113 slide-1140\" title=\"c3bb96d7-3859-4c7f-96e6-86a5027df783-1024x576\" \/><\/li>\n                <li style=\"display: none; width: 100%;\" class=\"slide-1142 ms-image\"><img loading=\"lazy\" decoding=\"async\" src=\"https:\/\/scoalanr178.ro\/wp-content\/uploads\/2022\/05\/IMG_1557-1024x768-1.jpg\" height=\"300\" width=\"500\" alt=\"\" class=\"slider-1113 slide-1142\" title=\"IMG_1557-1024x768\" \/><\/li>\n                <li style=\"display: none; width: 100%;\" class=\"slide-1145 ms-image\"><img loading=\"lazy\" decoding=\"async\" src=\"https:\/\/scoalanr178.ro\/wp-content\/uploads\/2022\/05\/IMG_1568-1024x768-1.jpg\" height=\"300\" width=\"500\" alt=\"\" class=\"slider-1113 slide-1145\" title=\"IMG_1568-1024x768\" \/><\/li>\n            <\/ul>\n        <\/div>\n        \n    <\/div>\n<\/div><\/div>\n\n\n\n<hr class=\"wp-block-separator is-style-wide\"\/>\n\n\n\n<h2 class=\"wp-block-heading\">Ziua P\u0103m\u00e2ntului &#8211; 22.04.2021<\/h2>\n\n\n\n<figure class=\"wp-block-image size-large is-style-rounded\"><img decoding=\"async\" src=\"https:\/\/scoalanr178.ro\/wp-content\/uploads\/2022\/05\/IMG_4100-scaled-1-1024x768.jpg\" alt=\"\" class=\"wp-image-1154\"\/><\/figure>\n\n\n\n<p>\u00cen data de 22.04.2021, elevii din \u0218coala Gimnazial\u0103 Nr.178, Sector 1, Bucure\u0219ti, al\u0103turi de cadrele didactice coordonatoare au desf\u0103\u0219urat \u00een cadrul Programului Mondial&nbsp;Eco-Schools&nbsp;activitatea cu tema: \u201e22 Aprilie, Ziua P\u0103m\u00e2ntului\u201d.<\/p>\n\n\n\n<p>Prin aceast\u0103 activitate ne-am propus s\u0103 atragem dragostea \u015fi respectul copiilor pentru lumea \u00eenconjur\u0103toare, pentru planeta noastr\u0103 \u015fi interesul pentru promovarea ideii unui mediu de via\u021b\u0103 natural s\u0103n\u0103tos \u0219i curat.&nbsp;Elevii s-au implicat activ \u00een s\u0103rb\u0103torirea Zilei P\u0103m\u00e2ntului 2021, realiz\u00e2nd desene, afi\u0219e tematice \u0219i scrisori c\u0103tre Planeta P\u0103m\u00e2nt. Mesajele copiilor au avut un impact deosebit \u00een r\u00e2ndul comunit\u0103\u021bii promov\u00e2nd un stil de via\u021b\u0103 s\u0103n\u0103tos privind consumul de fructe \u0219i legume \u0219i grija fa\u021b\u0103 de mediul \u00eenconjur\u0103tor. Reprezentan\u021bii comitetul ECO, aflati \u00een vacan\u021b\u0103 au \u021binut s\u0103 s\u0103rb\u0103toreasc\u0103 aceast\u0103 zi venind la \u0219coal\u0103 pentru a \u00eengriji plantele din curtea \u0219colii.<\/p>\n\n\n\n<p>Coordonator-Eco: prof. Iorgulis Elena<\/p>\n\n\n\n<div class=\"alignnormal\"><div id=\"metaslider-id-1148\" style=\"width: 100%; margin: 0 auto;\" class=\"ml-slider-3-31-0 metaslider metaslider-flex metaslider-1148 ml-slider ms-theme-default\">\n    <div id=\"metaslider_container_1148\">\n        <div id=\"metaslider_1148\">\n            <ul aria-live=\"polite\" class=\"slides\">\n                <li style=\"display: block; width: 100%;\" class=\"slide-1156 ms-image\"><img loading=\"lazy\" decoding=\"async\" src=\"https:\/\/scoalanr178.ro\/wp-content\/uploads\/2022\/05\/IMG_4100-scaled-1.jpg\" height=\"300\" width=\"500\" alt=\"\" class=\"slider-1148 slide-1156\" title=\"IMG_4100-scaled\" \/><\/li>\n                <li style=\"display: none; width: 100%;\" class=\"slide-1158 ms-image\"><img loading=\"lazy\" decoding=\"async\" src=\"https:\/\/scoalanr178.ro\/wp-content\/uploads\/2022\/05\/IMG_4241-1024x768-1.jpg\" height=\"300\" width=\"500\" alt=\"\" class=\"slider-1148 slide-1158\" title=\"IMG_4241-1024x768\" \/><\/li>\n                <li style=\"display: none; width: 100%;\" class=\"slide-1161 ms-image\"><img loading=\"lazy\" decoding=\"async\" src=\"https:\/\/scoalanr178.ro\/wp-content\/uploads\/2022\/05\/IMG_4199-768x1024-1.jpg\" height=\"300\" width=\"500\" alt=\"\" class=\"slider-1148 slide-1161\" title=\"IMG_4199-768x1024\" \/><\/li>\n            <\/ul>\n        <\/div>\n        \n    <\/div>\n<\/div><\/div>\n","protected":false},"excerpt":{"rendered":"<p>Activitate din cadrul Programului Mondial Eco Scoala \u00een curtea \u0219colii &#8211; 26.11.2021 Ac\u021biunea voluntar\u0103: \u201d Un exemplu bun de urmat!\u201d P\u0103rin\u021bi, elevi \u0219i cadre didactice au desf\u0103\u0219urat o ac\u021biune comun\u0103 de cur\u0103\u021benie pe spa\u021biul verde din curtea \u0218colii Gimnaziale Nr.178, Sector 1.&nbsp; Ziua P\u0103m\u00e2ntului &#8211; 22.04.2021 \u00cen data de 22.04.2021, elevii din \u0218coala Gimnazial\u0103 Nr.178, Sector 1, Bucure\u0219ti, al\u0103turi de cadrele didactice coordonatoare au desf\u0103\u0219urat \u00een cadrul Programului Mondial&nbsp;Eco-Schools&nbsp;activitatea cu tema: \u201e22 Aprilie, Ziua P\u0103m\u00e2ntului\u201d. Prin aceast\u0103 activitate ne-am propus s\u0103 atragem dragostea \u015fi respectul copiilor pentru lumea \u00eenconjur\u0103toare, pentru planeta noastr\u0103 \u015fi interesul pentru promovarea ideii unui mediu de via\u021b\u0103 natural s\u0103n\u0103tos \u0219i curat.&nbsp;Elevii<span class=\"more-link-wrap\"><a class=\"more-link\" href=\"https:\/\/scoalanr178.ro\/?page_id=1110\">Read More &rarr;<\/a><\/span><\/p>\n","protected":false},"author":1,"featured_media":0,"parent":0,"menu_order":0,"comment_status":"closed","ping_status":"closed","template":"","meta":{"footnotes":""},"class_list":["entry","author-stefan-gheorghe","post-1110","page","type-page","status-publish"],"_links":{"self":[{"href":"https:\/\/scoalanr178.ro\/index.php?rest_route=\/wp\/v2\/pages\/1110","targetHints":{"allow":["GET"]}}],"collection":[{"href":"https:\/\/scoalanr178.ro\/index.php?rest_route=\/wp\/v2\/pages"}],"about":[{"href":"https:\/\/scoalanr178.ro\/index.php?rest_route=\/wp\/v2\/types\/page"}],"author":[{"embeddable":true,"href":"https:\/\/scoalanr178.ro\/index.php?rest_route=\/wp\/v2\/users\/1"}],"replies":[{"embeddable":true,"href":"https:\/\/scoalanr178.ro\/index.php?rest_route=%2Fwp%2Fv2%2Fcomments&post=1110"}],"version-history":[{"count":0,"href":"https:\/\/scoalanr178.ro\/index.php?rest_route=\/wp\/v2\/pages\/1110\/revisions"}],"wp:attachment":[{"href":"https:\/\/scoalanr178.ro\/index.php?rest_route=%2Fwp%2Fv2%2Fmedia&parent=1110"}],"curies":[{"name":"wp","href":"https:\/\/api.w.org\/{rel}","templated":true}]}}